{"id":19613,"date":"2025-07-22T18:18:23","date_gmt":"2025-07-22T16:18:23","guid":{"rendered":"https:\/\/uj.adatbank.ro\/lexikon\/termek\/samarghitan-aurel-%c2%a7\/"},"modified":"2025-07-22T18:18:23","modified_gmt":"2025-07-22T16:18:23","slug":"samarghitan-aurel-%c2%a7","status":"publish","type":"product","link":"https:\/\/uj.adatbank.ro\/lexikon\/termek\/samarghitan-aurel-%c2%a7\/","title":{"rendered":"S\u0102M\u0102RGHI\u0162AN, Aurel, \u00a7"},"content":{"rendered":"<p>Mez\u0151pete, 1923. aug. 26. \u2020\u00a0Mv., 2003. m\u00e1j. 27.: ortodox pap, tartal\u00e9kos ezredes. \u2013 Sz\u00fcl\u0151faluj\u00e1ban, Sz\u00e1szr\u00e9genben \u00e9s Tord\u00e1n v\u00e9gezte elemi \u00e9s k\u00f6z\u00e9piskolai tanulm\u00e1nyait. Besorozt\u00e1k katon\u00e1nak Brass\u00f3ba (1943), tisztiiskol\u00e1t v\u00e9gzett Bak\u00f3ban \u00e9s r\u00e9szt vett (1943\u201344) a Maros v\u00f6lgyi harcokban Lipp\u00e1n\u00e1l, M\u00e1riaradn\u00e1n \u00e9s \u00d3p\u00e1losn\u00e1l. Beiratkozott a kv.-i Ortodox Teol\u00f3giai Int\u00e9zetbe (1947), Kv.-ra nevezt\u00e9k ki, ahol diak\u00f3nuss\u00e1 avatt\u00e1k, majd Mv.-re helyezt\u00e9k ortodox misszion\u00e1rius lelk\u00e9sznek a Ny\u00e1r\u00e1d v\u00f6lgye 18 faluj\u00e1ba, kinevezt\u00e9k Nagycsergedre, ahol lelk\u00e9szk\u00e9nt (1947\u201351) szolg\u00e1lt, onnan Nagyterem\u00e9be ker\u00fclt (1951\u201357). Ott gondozta a h\u0151s\u00f6k eml\u00e9km\u0171v\u00e9t (fakereszteket helyezett a s\u00edrokra, kimeszelte a templomot \u00e9s \u00e1ltal\u00e1nos jav\u00edt\u00e1sokat v\u00e9geztetett, bevezettette a g\u00e1zf\u0171t\u00e9st a templomba \u00e9s a par\u00f3ki\u00e1ra. \u00c1thelyezt\u00e9k Kisterem\u00e9be (1957\u201371), ahol fel\u00faj\u00edttatta a templomot, \u00e9s a harasztkereki templomot is befejeztette, amelyet m\u00e9g 1937-ben kezdtek el \u00e9p\u00edteni. Ezut\u00e1n Maroskereszt\u00faron szolg\u00e1lt (1971\u201378\u201380), ahol szint\u00e9n templomrenov\u00e1l\u00e1st \u00e9s szentk\u00e9pfest\u00e9seket v\u00e9gzett (Emilian p\u00fcsp\u00f6k 1973-ban felszentelte a templomot). Mv.-re nevezt\u00e9k ki, ortodox esperesnek, \u00e9s pl\u00e9b\u00e1nos a Nagy Katedr\u00e1lisban nyugd\u00edjba vonul\u00e1s\u00e1ig (1978. febr. 7. \u2013 1998. jan. 1.). Meger\u0151s\u00edtette \u00e9s elk\u00e9sz\u00edtette a nagyteremi-i, a maroskereszt\u00fari templom festm\u00e9nyeit, restaur\u00e1ltatta az esperess\u00e9g ter\u00fclet\u00e9n l\u00e9v\u0151 t\u00f6rt\u00e9nelmi eml\u00e9km\u0171veket (16 templomban), a mv.-i fatemplomot, a katedr\u00e1lis festm\u00e9nyeit \u00e9s az olt\u00e1r b\u00fatorzat\u00e1t, stb., 7 \u00faj templomot \u00e9p\u00edttetett \u00e9s szentelt fel. <br \/><strong>Irod.:<\/strong> Criste\u015fti \u2013 Mure\u015f; Gheorghe Nicolae: Biserica de piatr\u0103 \u201e\u00cen\u0103l\u0163area Domnului\u201d T\u00e2rgu-Mure\u015f (Vatra veche, nr. 11., 2009); Nekrol\u00f3g (Cuv\u00e2ntul liber, 2003. mai. 30.); S\u00e2ngeorgiu de Mure\u015f. Biserica; \u015eincan-B\u0103ciu\u0163 2006; \u015eincan 2006.<\/br><\/p>\n","protected":false},"excerpt":{"rendered":"<p>Mez\u0151pete, 1923. aug. 26. \u2020\u00a0Mv., 2003. m\u00e1j. 27.: ortodox pap, tartal\u00e9kos ezredes. \u2013 Sz\u00fcl\u0151faluj\u00e1ban, Sz\u00e1szr\u00e9genben \u00e9s Tord\u00e1n v\u00e9gezte elemi \u00e9s k\u00f6z\u00e9piskolai tanulm\u00e1nyait. Besorozt\u00e1k katon\u00e1nak Brass\u00f3ba (1943), tisztiiskol\u00e1t v\u00e9gzett Bak\u00f3ban \u00e9s r\u00e9szt vett (1943\u201344) a Maros v\u00f6lgyi harcokban Lipp\u00e1n\u00e1l, M\u00e1riaradn\u00e1n \u00e9s \u00d3p\u00e1losn\u00e1l. Beiratkozott a kv.-i Ortodox Teol\u00f3giai Int\u00e9zetbe (1947), Kv.-ra nevezt\u00e9k ki, ahol diak\u00f3nuss\u00e1 avatt\u00e1k, majd [&hellip;]<\/p>\n","protected":false},"featured_media":0,"comment_status":"open","ping_status":"closed","template":"","meta":[],"product_brand":[],"product_cat":[137],"product_tag":[],"class_list":{"0":"post-19613","1":"product","2":"type-product","3":"status-publish","5":"product_cat-maros-megyei-eletrajzi-lexikon","7":"first","8":"instock","9":"shipping-taxable","10":"product-type-simple"},"_links":{"self":[{"href":"https:\/\/uj.adatbank.ro\/lexikon\/wp-json\/wp\/v2\/product\/19613","targetHints":{"allow":["GET"]}}],"collection":[{"href":"https:\/\/uj.adatbank.ro\/lexikon\/wp-json\/wp\/v2\/product"}],"about":[{"href":"https:\/\/uj.adatbank.ro\/lexikon\/wp-json\/wp\/v2\/types\/product"}],"replies":[{"embeddable":true,"href":"https:\/\/uj.adatbank.ro\/lexikon\/wp-json\/wp\/v2\/comments?post=19613"}],"wp:attachment":[{"href":"https:\/\/uj.adatbank.ro\/lexikon\/wp-json\/wp\/v2\/media?parent=19613"}],"wp:term":[{"taxonomy":"product_brand","embeddable":true,"href":"https:\/\/uj.adatbank.ro\/lexikon\/wp-json\/wp\/v2\/product_brand?post=19613"},{"taxonomy":"product_cat","embeddable":true,"href":"https:\/\/uj.adatbank.ro\/lexikon\/wp-json\/wp\/v2\/product_cat?post=19613"},{"taxonomy":"product_tag","embeddable":true,"href":"https:\/\/uj.adatbank.ro\/lexikon\/wp-json\/wp\/v2\/product_tag?post=19613"}],"curies":[{"name":"wp","href":"https:\/\/api.w.org\/{rel}","templated":true}]}}