{"id":19614,"date":"2025-07-22T18:18:26","date_gmt":"2025-07-22T16:18:26","guid":{"rendered":"https:\/\/uj.adatbank.ro\/lexikon\/termek\/samarghitan-gheorghe\/"},"modified":"2025-07-22T18:18:26","modified_gmt":"2025-07-22T16:18:26","slug":"samarghitan-gheorghe","status":"publish","type":"product","link":"https:\/\/uj.adatbank.ro\/lexikon\/termek\/samarghitan-gheorghe\/","title":{"rendered":"S\u0102M\u0102RGHI\u0162AN, Gheorghe"},"content":{"rendered":"<p>? \u2020?: ort. pap. \u2013 Bonyh\u00e1n szolg\u00e1lt. Antikommunista harcos, emiatt letart\u00f3ztatt\u00e1k, megj\u00e1rta Jilava, Szamos\u00fajv\u00e1r, Enyed b\u00f6rt\u00f6neit. <br \/><strong>Irod.:<\/strong> Ioni\u0163oiu.<\/br><\/p>\n","protected":false},"excerpt":{"rendered":"<p>? \u2020?: ort. pap. \u2013 Bonyh\u00e1n szolg\u00e1lt. Antikommunista harcos, emiatt letart\u00f3ztatt\u00e1k, megj\u00e1rta Jilava, Szamos\u00fajv\u00e1r, Enyed b\u00f6rt\u00f6neit. Irod.: Ioni\u0163oiu.<\/p>\n","protected":false},"featured_media":0,"comment_status":"open","ping_status":"closed","template":"","meta":[],"product_brand":[],"product_cat":[137],"product_tag":[],"class_list":{"0":"post-19614","1":"product","2":"type-product","3":"status-publish","5":"product_cat-maros-megyei-eletrajzi-lexikon","7":"first","8":"instock","9":"shipping-taxable","10":"product-type-simple"},"_links":{"self":[{"href":"https:\/\/uj.adatbank.ro\/lexikon\/wp-json\/wp\/v2\/product\/19614","targetHints":{"allow":["GET"]}}],"collection":[{"href":"https:\/\/uj.adatbank.ro\/lexikon\/wp-json\/wp\/v2\/product"}],"about":[{"href":"https:\/\/uj.adatbank.ro\/lexikon\/wp-json\/wp\/v2\/types\/product"}],"replies":[{"embeddable":true,"href":"https:\/\/uj.adatbank.ro\/lexikon\/wp-json\/wp\/v2\/comments?post=19614"}],"wp:attachment":[{"href":"https:\/\/uj.adatbank.ro\/lexikon\/wp-json\/wp\/v2\/media?parent=19614"}],"wp:term":[{"taxonomy":"product_brand","embeddable":true,"href":"https:\/\/uj.adatbank.ro\/lexikon\/wp-json\/wp\/v2\/product_brand?post=19614"},{"taxonomy":"product_cat","embeddable":true,"href":"https:\/\/uj.adatbank.ro\/lexikon\/wp-json\/wp\/v2\/product_cat?post=19614"},{"taxonomy":"product_tag","embeddable":true,"href":"https:\/\/uj.adatbank.ro\/lexikon\/wp-json\/wp\/v2\/product_tag?post=19614"}],"curies":[{"name":"wp","href":"https:\/\/api.w.org\/{rel}","templated":true}]}}