{"id":19617,"date":"2025-07-22T18:18:32","date_gmt":"2025-07-22T16:18:32","guid":{"rendered":"https:\/\/uj.adatbank.ro\/lexikon\/termek\/sami-laszlo-%c2%a7-amicus\/"},"modified":"2025-07-22T18:18:32","modified_gmt":"2025-07-22T16:18:32","slug":"sami-laszlo-%c2%a7-amicus","status":"publish","type":"product","link":"https:\/\/uj.adatbank.ro\/lexikon\/termek\/sami-laszlo-%c2%a7-amicus\/","title":{"rendered":"S\u00c1MI L\u00e1szl\u00f3, \u00a7 Amicus"},"content":{"rendered":"<p>Zilah, 1817. nov. 16., \u2020 Kv., 1881. okt. 23.: pedag\u00f3gus, publicista. \u2013 A pozsonyi akad.-n jogot tanult. A politikai \u00e9letben (az 1840-es \u00e9vekben) szerepelt, r\u00e9szt vett a pozsonyi ogy.-en (1844). Gr. Teleki L\u00e1szl\u00f3 mag\u00e1ntitk\u00e1ra volt. A zilahi koll. t\u00f6rt\u00e9nelemtan\u00e1ra (1846\u2013), br. Wessel\u00e9nyi csal\u00e1dn\u00e1l volt nevel\u0151 (1850\u2013), Kv.-on tan\u00e1r hal\u00e1l\u00e1ig (1852\u2013). <br \/><strong>Irod.:<\/strong> Ga\u00e1l 2001; Ga\u00e1l Gy.; Gy\u00e1szjelent; Id\u0151t\u00e1r 5\/3; Marosi-KZST; S. L. levele T. S. hoz Mv.-r\u0151l c\u00edmezve =Teleki S\u00e1ndor: Egyr\u0151l m\u00e1sra: \u00dajabb eml\u00e9keim (Bp., 1882). S. L. levele T. S. hoz Mv.-r\u0151l c\u00edmezve; \u00daM\u00c9L.<\/br><\/p>\n","protected":false},"excerpt":{"rendered":"<p>Zilah, 1817. nov. 16., \u2020 Kv., 1881. okt. 23.: pedag\u00f3gus, publicista. \u2013 A pozsonyi akad.-n jogot tanult. A politikai \u00e9letben (az 1840-es \u00e9vekben) szerepelt, r\u00e9szt vett a pozsonyi ogy.-en (1844). Gr. Teleki L\u00e1szl\u00f3 mag\u00e1ntitk\u00e1ra volt. A zilahi koll. t\u00f6rt\u00e9nelemtan\u00e1ra (1846\u2013), br. Wessel\u00e9nyi csal\u00e1dn\u00e1l volt nevel\u0151 (1850\u2013), Kv.-on tan\u00e1r hal\u00e1l\u00e1ig (1852\u2013). Irod.: Ga\u00e1l 2001; Ga\u00e1l Gy.; [&hellip;]<\/p>\n","protected":false},"featured_media":0,"comment_status":"open","ping_status":"closed","template":"","meta":[],"product_brand":[],"product_cat":[137],"product_tag":[],"class_list":{"0":"post-19617","1":"product","2":"type-product","3":"status-publish","5":"product_cat-maros-megyei-eletrajzi-lexikon","7":"first","8":"instock","9":"shipping-taxable","10":"product-type-simple"},"_links":{"self":[{"href":"https:\/\/uj.adatbank.ro\/lexikon\/wp-json\/wp\/v2\/product\/19617","targetHints":{"allow":["GET"]}}],"collection":[{"href":"https:\/\/uj.adatbank.ro\/lexikon\/wp-json\/wp\/v2\/product"}],"about":[{"href":"https:\/\/uj.adatbank.ro\/lexikon\/wp-json\/wp\/v2\/types\/product"}],"replies":[{"embeddable":true,"href":"https:\/\/uj.adatbank.ro\/lexikon\/wp-json\/wp\/v2\/comments?post=19617"}],"wp:attachment":[{"href":"https:\/\/uj.adatbank.ro\/lexikon\/wp-json\/wp\/v2\/media?parent=19617"}],"wp:term":[{"taxonomy":"product_brand","embeddable":true,"href":"https:\/\/uj.adatbank.ro\/lexikon\/wp-json\/wp\/v2\/product_brand?post=19617"},{"taxonomy":"product_cat","embeddable":true,"href":"https:\/\/uj.adatbank.ro\/lexikon\/wp-json\/wp\/v2\/product_cat?post=19617"},{"taxonomy":"product_tag","embeddable":true,"href":"https:\/\/uj.adatbank.ro\/lexikon\/wp-json\/wp\/v2\/product_tag?post=19617"}],"curies":[{"name":"wp","href":"https:\/\/api.w.org\/{rel}","templated":true}]}}