{"id":19618,"date":"2025-07-22T18:18:34","date_gmt":"2025-07-22T16:18:34","guid":{"rendered":"https:\/\/uj.adatbank.ro\/lexikon\/termek\/sampalean-ioan\/"},"modified":"2025-07-22T18:18:34","modified_gmt":"2025-07-22T16:18:34","slug":"sampalean-ioan","status":"publish","type":"product","link":"https:\/\/uj.adatbank.ro\/lexikon\/termek\/sampalean-ioan\/","title":{"rendered":"S\u00c2MP\u0102LEAN, Ioan"},"content":{"rendered":"<p>Sz\u00e9lk\u00fat? \u2020 Sz\u00e9lk\u00fat, 1918. nov. 5.: ort. pap, f\u00f6ldtulajdonos. \u2013 Papp\u00e1 Miron Rom\u00e2nul \u00e9rsek szentelte (1892. j\u00fal. 12.). K\u00fck\u00fcll\u0151v\u00e1rb\u00f3l helyezt\u00e9k Sz\u00e9lk\u00fatba (1893. aug.\u2013), ahol igazgat\u00f3tan\u00edt\u00f3 is volt. Sz\u00e9lk\u00fati szolg\u00e1lata ideje alatt \u00faj iskol\u00e1t \u00e9p\u00edtettek (1907\u201312), kijav\u00edttatta a templomot, kicser\u00e9lte a zsindelytet\u0151t cser\u00e9ptet\u0151vel. Gyilkoss\u00e1g \u00e1ldozata lett, Al. Pop tan\u00edt\u00f3, aki ap\u00f3sa is volt, l\u0151tte le egy n\u00e9zetelt\u00e9r\u00e9s miatt. <br \/><strong>Irod.:<\/strong> S\u0103lcud.<\/br><\/p>\n","protected":false},"excerpt":{"rendered":"<p>Sz\u00e9lk\u00fat? \u2020 Sz\u00e9lk\u00fat, 1918. nov. 5.: ort. pap, f\u00f6ldtulajdonos. \u2013 Papp\u00e1 Miron Rom\u00e2nul \u00e9rsek szentelte (1892. j\u00fal. 12.). K\u00fck\u00fcll\u0151v\u00e1rb\u00f3l helyezt\u00e9k Sz\u00e9lk\u00fatba (1893. aug.\u2013), ahol igazgat\u00f3tan\u00edt\u00f3 is volt. Sz\u00e9lk\u00fati szolg\u00e1lata ideje alatt \u00faj iskol\u00e1t \u00e9p\u00edtettek (1907\u201312), kijav\u00edttatta a templomot, kicser\u00e9lte a zsindelytet\u0151t cser\u00e9ptet\u0151vel. Gyilkoss\u00e1g \u00e1ldozata lett, Al. Pop tan\u00edt\u00f3, aki ap\u00f3sa is volt, l\u0151tte le egy [&hellip;]<\/p>\n","protected":false},"featured_media":0,"comment_status":"open","ping_status":"closed","template":"","meta":[],"product_brand":[],"product_cat":[137],"product_tag":[],"class_list":{"0":"post-19618","1":"product","2":"type-product","3":"status-publish","5":"product_cat-maros-megyei-eletrajzi-lexikon","7":"first","8":"instock","9":"shipping-taxable","10":"product-type-simple"},"_links":{"self":[{"href":"https:\/\/uj.adatbank.ro\/lexikon\/wp-json\/wp\/v2\/product\/19618","targetHints":{"allow":["GET"]}}],"collection":[{"href":"https:\/\/uj.adatbank.ro\/lexikon\/wp-json\/wp\/v2\/product"}],"about":[{"href":"https:\/\/uj.adatbank.ro\/lexikon\/wp-json\/wp\/v2\/types\/product"}],"replies":[{"embeddable":true,"href":"https:\/\/uj.adatbank.ro\/lexikon\/wp-json\/wp\/v2\/comments?post=19618"}],"wp:attachment":[{"href":"https:\/\/uj.adatbank.ro\/lexikon\/wp-json\/wp\/v2\/media?parent=19618"}],"wp:term":[{"taxonomy":"product_brand","embeddable":true,"href":"https:\/\/uj.adatbank.ro\/lexikon\/wp-json\/wp\/v2\/product_brand?post=19618"},{"taxonomy":"product_cat","embeddable":true,"href":"https:\/\/uj.adatbank.ro\/lexikon\/wp-json\/wp\/v2\/product_cat?post=19618"},{"taxonomy":"product_tag","embeddable":true,"href":"https:\/\/uj.adatbank.ro\/lexikon\/wp-json\/wp\/v2\/product_tag?post=19618"}],"curies":[{"name":"wp","href":"https:\/\/api.w.org\/{rel}","templated":true}]}}