{"id":19619,"date":"2025-07-22T18:18:35","date_gmt":"2025-07-22T16:18:35","guid":{"rendered":"https:\/\/uj.adatbank.ro\/lexikon\/termek\/samson-ferenc-%c2%a7\/"},"modified":"2025-07-22T18:18:35","modified_gmt":"2025-07-22T16:18:35","slug":"samson-ferenc-%c2%a7","status":"publish","type":"product","link":"https:\/\/uj.adatbank.ro\/lexikon\/termek\/samson-ferenc-%c2%a7\/","title":{"rendered":"S\u00c1MSON Ferenc \u00a7"},"content":{"rendered":"<p>1893., \u2020\u00a0Mv., 1944. m\u00e1j. 29.: v\u00e1llalkoz\u00f3. \u2013 Sz\u00e1ll\u00edt\u00f3 Mv.-en. R\u00e9szt vett az I. vh.-ban (1914. aug. \u2013 18. nov.), az 5. h. t\u00e1b. \u00e1gy\u00fasezredben orosz \u00e9s olasz harct\u00e9ren mint t\u00fcz\u00e9rf\u0151hadnagy harcolt, f\u0151hadnagy. <strong>Kit\u00fcntet\u00e9sei:<\/strong> Br. Sign. L. kardokkal, Kor. arany \u00e9rdemker., Ob, K\u00e1roly cs. k. A MP tagja volt alap\u00edt\u00e1s\u00e1t\u00f3l, k\u00e9s\u0151bb v\u00e1lasztm\u00e1nyi tag. Minden m. \u00fcgy lelkes t\u00e1mogat\u00f3ja volt. Mv.-r\u0151l a feles\u00e9g\u00e9vel (*1902) egy\u00fctt deport\u00e1lt\u00e1k (1944. m\u00e1j. 29.). <br \/><strong>Irod.:<\/strong> M. hadviselt zsid\u00f3k; Mv. zsid\u00f3s\u00e1ga; Visnai.<\/br><\/p>\n","protected":false},"excerpt":{"rendered":"<p>1893., \u2020\u00a0Mv., 1944. m\u00e1j. 29.: v\u00e1llalkoz\u00f3. \u2013 Sz\u00e1ll\u00edt\u00f3 Mv.-en. R\u00e9szt vett az I. vh.-ban (1914. aug. \u2013 18. nov.), az 5. h. t\u00e1b. \u00e1gy\u00fasezredben orosz \u00e9s olasz harct\u00e9ren mint t\u00fcz\u00e9rf\u0151hadnagy harcolt, f\u0151hadnagy. Kit\u00fcntet\u00e9sei: Br. Sign. L. kardokkal, Kor. arany \u00e9rdemker., Ob, K\u00e1roly cs. k. A MP tagja volt alap\u00edt\u00e1s\u00e1t\u00f3l, k\u00e9s\u0151bb v\u00e1lasztm\u00e1nyi tag. Minden m. \u00fcgy [&hellip;]<\/p>\n","protected":false},"featured_media":0,"comment_status":"open","ping_status":"closed","template":"","meta":[],"product_brand":[],"product_cat":[137],"product_tag":[],"class_list":{"0":"post-19619","1":"product","2":"type-product","3":"status-publish","5":"product_cat-maros-megyei-eletrajzi-lexikon","7":"first","8":"instock","9":"shipping-taxable","10":"product-type-simple"},"_links":{"self":[{"href":"https:\/\/uj.adatbank.ro\/lexikon\/wp-json\/wp\/v2\/product\/19619","targetHints":{"allow":["GET"]}}],"collection":[{"href":"https:\/\/uj.adatbank.ro\/lexikon\/wp-json\/wp\/v2\/product"}],"about":[{"href":"https:\/\/uj.adatbank.ro\/lexikon\/wp-json\/wp\/v2\/types\/product"}],"replies":[{"embeddable":true,"href":"https:\/\/uj.adatbank.ro\/lexikon\/wp-json\/wp\/v2\/comments?post=19619"}],"wp:attachment":[{"href":"https:\/\/uj.adatbank.ro\/lexikon\/wp-json\/wp\/v2\/media?parent=19619"}],"wp:term":[{"taxonomy":"product_brand","embeddable":true,"href":"https:\/\/uj.adatbank.ro\/lexikon\/wp-json\/wp\/v2\/product_brand?post=19619"},{"taxonomy":"product_cat","embeddable":true,"href":"https:\/\/uj.adatbank.ro\/lexikon\/wp-json\/wp\/v2\/product_cat?post=19619"},{"taxonomy":"product_tag","embeddable":true,"href":"https:\/\/uj.adatbank.ro\/lexikon\/wp-json\/wp\/v2\/product_tag?post=19619"}],"curies":[{"name":"wp","href":"https:\/\/api.w.org\/{rel}","templated":true}]}}