{"id":1962,"date":"2025-06-28T11:59:23","date_gmt":"2025-06-28T09:59:23","guid":{"rendered":"https:\/\/uj.adatbank.ro\/lexikon\/termek\/balazs-andras-%c2%a7\/"},"modified":"2025-06-28T11:59:23","modified_gmt":"2025-06-28T09:59:23","slug":"balazs-andras-%c2%a7","status":"publish","type":"product","link":"https:\/\/uj.adatbank.ro\/lexikon\/termek\/balazs-andras-%c2%a7\/","title":{"rendered":"BAL\u00c1ZS Andr\u00e1s, \u00a7"},"content":{"rendered":"<p>\u00c1rkos, 1907. m\u00e1rc. 12., \u2020 Mv., 1978. szept. 6.: \u0151rmester. \u2013 Tartal\u00e9kos tiszti \u00e1tk\u00e9pz\u0151 tanfolyamot v\u00e9gzett Mv.-en (1942. j\u00fal. 18\u2013). Szakaszparancsnok a keleti hadsz\u00ednt\u00e9ren (1944. m\u00e1rc. 24\u2013). Megsebes\u00fclt (1944. j\u00fan. 28.), Rah\u00f3n, Mv.-en, S\u00fcmegen \u00e1polt\u00e1k. Ried k\u00f6zel\u00e9ben amerikai fogs\u00e1gba esett, hazat\u00e9rt (1945 okt.). <br \/><strong>Irod.:<\/strong> Berekm\u00e9ri<\/br><\/p>\n","protected":false},"excerpt":{"rendered":"<p>\u00c1rkos, 1907. m\u00e1rc. 12., \u2020 Mv., 1978. szept. 6.: \u0151rmester. \u2013 Tartal\u00e9kos tiszti \u00e1tk\u00e9pz\u0151 tanfolyamot v\u00e9gzett Mv.-en (1942. j\u00fal. 18\u2013). Szakaszparancsnok a keleti hadsz\u00ednt\u00e9ren (1944. m\u00e1rc. 24\u2013). Megsebes\u00fclt (1944. j\u00fan. 28.), Rah\u00f3n, Mv.-en, S\u00fcmegen \u00e1polt\u00e1k. Ried k\u00f6zel\u00e9ben amerikai fogs\u00e1gba esett, hazat\u00e9rt (1945 okt.). Irod.: Berekm\u00e9ri<\/p>\n","protected":false},"featured_media":0,"comment_status":"open","ping_status":"closed","template":"","meta":[],"product_brand":[],"product_cat":[137],"product_tag":[],"class_list":{"0":"post-1962","1":"product","2":"type-product","3":"status-publish","5":"product_cat-maros-megyei-eletrajzi-lexikon","7":"first","8":"instock","9":"shipping-taxable","10":"product-type-simple"},"_links":{"self":[{"href":"https:\/\/uj.adatbank.ro\/lexikon\/wp-json\/wp\/v2\/product\/1962","targetHints":{"allow":["GET"]}}],"collection":[{"href":"https:\/\/uj.adatbank.ro\/lexikon\/wp-json\/wp\/v2\/product"}],"about":[{"href":"https:\/\/uj.adatbank.ro\/lexikon\/wp-json\/wp\/v2\/types\/product"}],"replies":[{"embeddable":true,"href":"https:\/\/uj.adatbank.ro\/lexikon\/wp-json\/wp\/v2\/comments?post=1962"}],"wp:attachment":[{"href":"https:\/\/uj.adatbank.ro\/lexikon\/wp-json\/wp\/v2\/media?parent=1962"}],"wp:term":[{"taxonomy":"product_brand","embeddable":true,"href":"https:\/\/uj.adatbank.ro\/lexikon\/wp-json\/wp\/v2\/product_brand?post=1962"},{"taxonomy":"product_cat","embeddable":true,"href":"https:\/\/uj.adatbank.ro\/lexikon\/wp-json\/wp\/v2\/product_cat?post=1962"},{"taxonomy":"product_tag","embeddable":true,"href":"https:\/\/uj.adatbank.ro\/lexikon\/wp-json\/wp\/v2\/product_tag?post=1962"}],"curies":[{"name":"wp","href":"https:\/\/api.w.org\/{rel}","templated":true}]}}