{"id":19620,"date":"2025-07-22T18:18:37","date_gmt":"2025-07-22T16:18:37","guid":{"rendered":"https:\/\/uj.adatbank.ro\/lexikon\/termek\/samson-jozsef-%c2%a7-samson-iosif\/"},"modified":"2025-07-22T18:18:37","modified_gmt":"2025-07-22T16:18:37","slug":"samson-jozsef-%c2%a7-samson-iosif","status":"publish","type":"product","link":"https:\/\/uj.adatbank.ro\/lexikon\/termek\/samson-jozsef-%c2%a7-samson-iosif\/","title":{"rendered":"S\u00c1MSON J\u00f3zsef, \u00a7 S\u00e1mson Iosif"},"content":{"rendered":"<p>Mv. 1891. nov. 20., \u2020 Auschwitz, 1944: orvos. \u2013 Apja sz\u00e1ll\u00edt\u00e1si v\u00e1llalkoz\u00f3. K\u00f6z\u00e9piskol\u00e1it Mv.-en a Ref. Koll.-ban, az egyetemet Kv.-on v\u00e9gezte (1909\u201314), f\u00e9l\u00e9vet hallgatott a B\u00e9csi Egy. Orvosi Kar\u00e1n (1912). T\u00e9nyleges katonai szolg\u00e1latba \u00e1llt (1912). R\u00e9szt vett az I. vh.-ban (1914\u201318), az orosz \u00e9s olasz fronton, mint z\u00e1szl\u00f3alj orvosf\u0151n\u00f6k tev\u00e9kenykedett (1914\u201318). F\u0151hadnagyi rangban szerelt le. <strong>Kit\u00fcntet\u00e9sei:<\/strong> k\u00e9tszer ez\u00fcst Signum Laudis a kardokkal, bronz Signum Laudis, K\u00e1roly csapatkereszt, a II. osz. V\u00f6r\u00f6s Kereszt. Mv.-en f\u0151orvos, dr., fogorvos. A MP, a M. Kaszin\u00f3, az MGE, a Park Egyes\u00fclet tagja. A mv.-i Zsid\u00f3 Nemzeti G\u00e1rda egyik parancsnoka (1930 k.). Mv.-r\u0151l a feles\u00e9g\u00e9vel egy\u00fctt deport\u00e1lt\u00e1k (1944. m\u00e1j. 29.). <br \/><strong>Irod.:<\/strong> Almanah Tg.\u00a0M.; Erd\u00e9lyi ezredek; Mv. zsid\u00f3s\u00e1ga; Szab\u00f3\u2013Simon\u2013Sz\u00f6gi; Visnai.<\/br><\/p>\n","protected":false},"excerpt":{"rendered":"<p>Mv. 1891. nov. 20., \u2020 Auschwitz, 1944: orvos. \u2013 Apja sz\u00e1ll\u00edt\u00e1si v\u00e1llalkoz\u00f3. K\u00f6z\u00e9piskol\u00e1it Mv.-en a Ref. Koll.-ban, az egyetemet Kv.-on v\u00e9gezte (1909\u201314), f\u00e9l\u00e9vet hallgatott a B\u00e9csi Egy. Orvosi Kar\u00e1n (1912). T\u00e9nyleges katonai szolg\u00e1latba \u00e1llt (1912). R\u00e9szt vett az I. vh.-ban (1914\u201318), az orosz \u00e9s olasz fronton, mint z\u00e1szl\u00f3alj orvosf\u0151n\u00f6k tev\u00e9kenykedett (1914\u201318). F\u0151hadnagyi rangban szerelt le. [&hellip;]<\/p>\n","protected":false},"featured_media":0,"comment_status":"open","ping_status":"closed","template":"","meta":[],"product_brand":[],"product_cat":[137],"product_tag":[],"class_list":{"0":"post-19620","1":"product","2":"type-product","3":"status-publish","5":"product_cat-maros-megyei-eletrajzi-lexikon","7":"first","8":"instock","9":"shipping-taxable","10":"product-type-simple"},"_links":{"self":[{"href":"https:\/\/uj.adatbank.ro\/lexikon\/wp-json\/wp\/v2\/product\/19620","targetHints":{"allow":["GET"]}}],"collection":[{"href":"https:\/\/uj.adatbank.ro\/lexikon\/wp-json\/wp\/v2\/product"}],"about":[{"href":"https:\/\/uj.adatbank.ro\/lexikon\/wp-json\/wp\/v2\/types\/product"}],"replies":[{"embeddable":true,"href":"https:\/\/uj.adatbank.ro\/lexikon\/wp-json\/wp\/v2\/comments?post=19620"}],"wp:attachment":[{"href":"https:\/\/uj.adatbank.ro\/lexikon\/wp-json\/wp\/v2\/media?parent=19620"}],"wp:term":[{"taxonomy":"product_brand","embeddable":true,"href":"https:\/\/uj.adatbank.ro\/lexikon\/wp-json\/wp\/v2\/product_brand?post=19620"},{"taxonomy":"product_cat","embeddable":true,"href":"https:\/\/uj.adatbank.ro\/lexikon\/wp-json\/wp\/v2\/product_cat?post=19620"},{"taxonomy":"product_tag","embeddable":true,"href":"https:\/\/uj.adatbank.ro\/lexikon\/wp-json\/wp\/v2\/product_tag?post=19620"}],"curies":[{"name":"wp","href":"https:\/\/api.w.org\/{rel}","templated":true}]}}