{"id":19621,"date":"2025-07-22T18:18:40","date_gmt":"2025-07-22T16:18:40","guid":{"rendered":"https:\/\/uj.adatbank.ro\/lexikon\/termek\/samson-maria\/"},"modified":"2025-07-22T18:18:40","modified_gmt":"2025-07-22T16:18:40","slug":"samson-maria","status":"publish","type":"product","link":"https:\/\/uj.adatbank.ro\/lexikon\/termek\/samson-maria\/","title":{"rendered":"S\u00c1MSON M\u00e1ria"},"content":{"rendered":"<p>Teke; Mv., 1893 ., \u2020?: \u00e9nekesn\u0151. \u2013 A mv.-i v\u00e1rosi zeneiskola n\u00f6vend\u00e9ke, Maleczky M\u00e1ria tan\u00edtv\u00e1nya volt. A M. Kir. Operah\u00e1z tagja volt (1914\u201322), majd a New-York-i opera tagja (1927). Fell\u00e9pett Mv.-en, amikor megsz\u00f3lalt el\u0151sz\u00f6r koncerten a hangversenyterem orgon\u00e1ja (1913. okt. 18.). Ekkor k\u00f6zrem\u0171k\u00f6d\u00f6tt Antalffy-Zsiros Dezs\u0151 orgonam\u0171v\u00e9sz, zeneszerz\u0151, a bp.-i Zeneakad\u00e9mia tan\u00e1ra. <br \/><strong>Irod.:<\/strong> Anuarul Conservatorului Municipiului Tg.\u00a0M. (1927\u201328); Enyedi; Mv.-i Kult\u00farpalota 2013; Sch\u00f6pflin.<\/br><\/p>\n","protected":false},"excerpt":{"rendered":"<p>Teke; Mv., 1893 ., \u2020?: \u00e9nekesn\u0151. \u2013 A mv.-i v\u00e1rosi zeneiskola n\u00f6vend\u00e9ke, Maleczky M\u00e1ria tan\u00edtv\u00e1nya volt. A M. Kir. Operah\u00e1z tagja volt (1914\u201322), majd a New-York-i opera tagja (1927). Fell\u00e9pett Mv.-en, amikor megsz\u00f3lalt el\u0151sz\u00f6r koncerten a hangversenyterem orgon\u00e1ja (1913. okt. 18.). Ekkor k\u00f6zrem\u0171k\u00f6d\u00f6tt Antalffy-Zsiros Dezs\u0151 orgonam\u0171v\u00e9sz, zeneszerz\u0151, a bp.-i Zeneakad\u00e9mia tan\u00e1ra. Irod.: Anuarul Conservatorului Municipiului [&hellip;]<\/p>\n","protected":false},"featured_media":0,"comment_status":"open","ping_status":"closed","template":"","meta":[],"product_brand":[],"product_cat":[137],"product_tag":[],"class_list":{"0":"post-19621","1":"product","2":"type-product","3":"status-publish","5":"product_cat-maros-megyei-eletrajzi-lexikon","7":"first","8":"instock","9":"shipping-taxable","10":"product-type-simple"},"_links":{"self":[{"href":"https:\/\/uj.adatbank.ro\/lexikon\/wp-json\/wp\/v2\/product\/19621","targetHints":{"allow":["GET"]}}],"collection":[{"href":"https:\/\/uj.adatbank.ro\/lexikon\/wp-json\/wp\/v2\/product"}],"about":[{"href":"https:\/\/uj.adatbank.ro\/lexikon\/wp-json\/wp\/v2\/types\/product"}],"replies":[{"embeddable":true,"href":"https:\/\/uj.adatbank.ro\/lexikon\/wp-json\/wp\/v2\/comments?post=19621"}],"wp:attachment":[{"href":"https:\/\/uj.adatbank.ro\/lexikon\/wp-json\/wp\/v2\/media?parent=19621"}],"wp:term":[{"taxonomy":"product_brand","embeddable":true,"href":"https:\/\/uj.adatbank.ro\/lexikon\/wp-json\/wp\/v2\/product_brand?post=19621"},{"taxonomy":"product_cat","embeddable":true,"href":"https:\/\/uj.adatbank.ro\/lexikon\/wp-json\/wp\/v2\/product_cat?post=19621"},{"taxonomy":"product_tag","embeddable":true,"href":"https:\/\/uj.adatbank.ro\/lexikon\/wp-json\/wp\/v2\/product_tag?post=19621"}],"curies":[{"name":"wp","href":"https:\/\/api.w.org\/{rel}","templated":true}]}}