{"id":19622,"date":"2025-07-22T18:18:41","date_gmt":"2025-07-22T16:18:41","guid":{"rendered":"https:\/\/uj.adatbank.ro\/lexikon\/termek\/samson-marton\/"},"modified":"2025-07-22T18:18:41","modified_gmt":"2025-07-22T16:18:41","slug":"samson-marton","status":"publish","type":"product","link":"https:\/\/uj.adatbank.ro\/lexikon\/termek\/samson-marton\/","title":{"rendered":"S\u00c1MSON M\u00e1rton"},"content":{"rendered":"<p>Marosszentkir\u00e1ly, 1856 \u2020?: orvos. \u2013 Gy\u00e1mja keresked\u0151 Mv.-en. A B\u00e9csi Egy. Orv. Kar\u00e1nak hallgat\u00f3ja (1878\u201382). Az \u00e9lesdi j\u00e1r\u00e1s j\u00e1r\u00e1sorvosa (1896), majd k\u00f6rorvos (1905). <br \/><strong>Irod.:<\/strong> Szab\u00f3\u2013Simon\u2013Sz\u00f6gi.<\/br><\/p>\n","protected":false},"excerpt":{"rendered":"<p>Marosszentkir\u00e1ly, 1856 \u2020?: orvos. \u2013 Gy\u00e1mja keresked\u0151 Mv.-en. A B\u00e9csi Egy. Orv. Kar\u00e1nak hallgat\u00f3ja (1878\u201382). Az \u00e9lesdi j\u00e1r\u00e1s j\u00e1r\u00e1sorvosa (1896), majd k\u00f6rorvos (1905). Irod.: Szab\u00f3\u2013Simon\u2013Sz\u00f6gi.<\/p>\n","protected":false},"featured_media":0,"comment_status":"open","ping_status":"closed","template":"","meta":[],"product_brand":[],"product_cat":[137],"product_tag":[],"class_list":{"0":"post-19622","1":"product","2":"type-product","3":"status-publish","5":"product_cat-maros-megyei-eletrajzi-lexikon","7":"first","8":"instock","9":"shipping-taxable","10":"product-type-simple"},"_links":{"self":[{"href":"https:\/\/uj.adatbank.ro\/lexikon\/wp-json\/wp\/v2\/product\/19622","targetHints":{"allow":["GET"]}}],"collection":[{"href":"https:\/\/uj.adatbank.ro\/lexikon\/wp-json\/wp\/v2\/product"}],"about":[{"href":"https:\/\/uj.adatbank.ro\/lexikon\/wp-json\/wp\/v2\/types\/product"}],"replies":[{"embeddable":true,"href":"https:\/\/uj.adatbank.ro\/lexikon\/wp-json\/wp\/v2\/comments?post=19622"}],"wp:attachment":[{"href":"https:\/\/uj.adatbank.ro\/lexikon\/wp-json\/wp\/v2\/media?parent=19622"}],"wp:term":[{"taxonomy":"product_brand","embeddable":true,"href":"https:\/\/uj.adatbank.ro\/lexikon\/wp-json\/wp\/v2\/product_brand?post=19622"},{"taxonomy":"product_cat","embeddable":true,"href":"https:\/\/uj.adatbank.ro\/lexikon\/wp-json\/wp\/v2\/product_cat?post=19622"},{"taxonomy":"product_tag","embeddable":true,"href":"https:\/\/uj.adatbank.ro\/lexikon\/wp-json\/wp\/v2\/product_tag?post=19622"}],"curies":[{"name":"wp","href":"https:\/\/api.w.org\/{rel}","templated":true}]}}