{"id":19623,"date":"2025-07-22T18:18:43","date_gmt":"2025-07-22T16:18:43","guid":{"rendered":"https:\/\/uj.adatbank.ro\/lexikon\/termek\/samson-sandor\/"},"modified":"2025-07-22T18:18:43","modified_gmt":"2025-07-22T16:18:43","slug":"samson-sandor","status":"publish","type":"product","link":"https:\/\/uj.adatbank.ro\/lexikon\/termek\/samson-sandor\/","title":{"rendered":"S\u00c1MSON S\u00e1ndor"},"content":{"rendered":"<p>1852. febr.10. \u2020\u00a0Mv., 1923. m\u00e1rc. 4.: v\u00e1llalkoz\u00f3. \u2013 Feles\u00e9ge: Blumenfeld Josefin (1860? \u2013 Mv., 1929. jan. 8.). Gyermekeik: dr. S. Lajos, feles\u00e9ge Hechtmann Erzs\u00e9bet; dr. S. J\u00f3zsef, feles\u00e9ge Kert\u00e9sz Magda; S. Ferenc, feles\u00e9ge Deutsch Annus. \u2013 Fuvaroz\u00e1si v\u00e1llalata volt Mv.-en, \u00e1ltal\u00e1nos menetjegyirod\u00e1t nyitott (1922). <br \/><strong>Irod.:<\/strong> Gy\u00e1szjelent\u0151; Id\u0151t\u00e1r 3; Mv.-i zsid\u00f3 temet\u0151 dok.; Sebesty\u00e9n Mih\u00e1ly: N\u00e1zn\u00e1nfalva\u2013Mv. (N\u00fa., 1998. jan. 9.).<\/br><\/p>\n","protected":false},"excerpt":{"rendered":"<p>1852. febr.10. \u2020\u00a0Mv., 1923. m\u00e1rc. 4.: v\u00e1llalkoz\u00f3. \u2013 Feles\u00e9ge: Blumenfeld Josefin (1860? \u2013 Mv., 1929. jan. 8.). Gyermekeik: dr. S. Lajos, feles\u00e9ge Hechtmann Erzs\u00e9bet; dr. S. J\u00f3zsef, feles\u00e9ge Kert\u00e9sz Magda; S. Ferenc, feles\u00e9ge Deutsch Annus. \u2013 Fuvaroz\u00e1si v\u00e1llalata volt Mv.-en, \u00e1ltal\u00e1nos menetjegyirod\u00e1t nyitott (1922). Irod.: Gy\u00e1szjelent\u0151; Id\u0151t\u00e1r 3; Mv.-i zsid\u00f3 temet\u0151 dok.; Sebesty\u00e9n Mih\u00e1ly: N\u00e1zn\u00e1nfalva\u2013Mv. [&hellip;]<\/p>\n","protected":false},"featured_media":0,"comment_status":"open","ping_status":"closed","template":"","meta":[],"product_brand":[],"product_cat":[137],"product_tag":[],"class_list":{"0":"post-19623","1":"product","2":"type-product","3":"status-publish","5":"product_cat-maros-megyei-eletrajzi-lexikon","7":"first","8":"instock","9":"shipping-taxable","10":"product-type-simple"},"_links":{"self":[{"href":"https:\/\/uj.adatbank.ro\/lexikon\/wp-json\/wp\/v2\/product\/19623","targetHints":{"allow":["GET"]}}],"collection":[{"href":"https:\/\/uj.adatbank.ro\/lexikon\/wp-json\/wp\/v2\/product"}],"about":[{"href":"https:\/\/uj.adatbank.ro\/lexikon\/wp-json\/wp\/v2\/types\/product"}],"replies":[{"embeddable":true,"href":"https:\/\/uj.adatbank.ro\/lexikon\/wp-json\/wp\/v2\/comments?post=19623"}],"wp:attachment":[{"href":"https:\/\/uj.adatbank.ro\/lexikon\/wp-json\/wp\/v2\/media?parent=19623"}],"wp:term":[{"taxonomy":"product_brand","embeddable":true,"href":"https:\/\/uj.adatbank.ro\/lexikon\/wp-json\/wp\/v2\/product_brand?post=19623"},{"taxonomy":"product_cat","embeddable":true,"href":"https:\/\/uj.adatbank.ro\/lexikon\/wp-json\/wp\/v2\/product_cat?post=19623"},{"taxonomy":"product_tag","embeddable":true,"href":"https:\/\/uj.adatbank.ro\/lexikon\/wp-json\/wp\/v2\/product_tag?post=19623"}],"curies":[{"name":"wp","href":"https:\/\/api.w.org\/{rel}","templated":true}]}}