{"id":19625,"date":"2025-07-22T18:18:46","date_gmt":"2025-07-22T16:18:46","guid":{"rendered":"https:\/\/uj.adatbank.ro\/lexikon\/termek\/samu-jozsef-sandor\/"},"modified":"2025-07-22T18:18:46","modified_gmt":"2025-07-22T16:18:46","slug":"samu-jozsef-sandor","status":"publish","type":"product","link":"https:\/\/uj.adatbank.ro\/lexikon\/termek\/samu-jozsef-sandor\/","title":{"rendered":"SAMU J\u00f3zsef S\u00e1ndor"},"content":{"rendered":"<p>Kv., 1961. szept.18., \u2020?: orvos. \u2013 Kv.-on v\u00e9gzett Orvos- \u00e9s Gy\u00f3gyszer\u00e9szeti F\u0151iskol\u00e1t (1986). Belgy\u00f3gy\u00e1sz seg\u00e9dorvos (1990\u201393), szakorvos (1994\u2013) a mv.-i Megyei K\u00f3rh\u00e1zban. El\u0151ad\u00f3tan\u00e1r Mv.-en. K\u00f6z\u00f6lt szakdolgozatokat az Orvostudom\u00e1nyi \u00c9rtes\u00edt\u0151ben, r\u00e9szt vett szakmai konferenci\u00e1kon \u00e9s szemin\u00e1riumokon t\u00e9m\u00e1i: kardiol\u00f3gia \u00e9s \u00e9rbetegs\u00e9gek. <br \/><strong>Irod.:<\/strong> RMKK; Orvostudom\u00e1nyi \u00c9rtes\u00edt\u0151 (1986).<\/br><\/p>\n","protected":false},"excerpt":{"rendered":"<p>Kv., 1961. szept.18., \u2020?: orvos. \u2013 Kv.-on v\u00e9gzett Orvos- \u00e9s Gy\u00f3gyszer\u00e9szeti F\u0151iskol\u00e1t (1986). Belgy\u00f3gy\u00e1sz seg\u00e9dorvos (1990\u201393), szakorvos (1994\u2013) a mv.-i Megyei K\u00f3rh\u00e1zban. El\u0151ad\u00f3tan\u00e1r Mv.-en. K\u00f6z\u00f6lt szakdolgozatokat az Orvostudom\u00e1nyi \u00c9rtes\u00edt\u0151ben, r\u00e9szt vett szakmai konferenci\u00e1kon \u00e9s szemin\u00e1riumokon t\u00e9m\u00e1i: kardiol\u00f3gia \u00e9s \u00e9rbetegs\u00e9gek. Irod.: RMKK; Orvostudom\u00e1nyi \u00c9rtes\u00edt\u0151 (1986).<\/p>\n","protected":false},"featured_media":0,"comment_status":"open","ping_status":"closed","template":"","meta":[],"product_brand":[],"product_cat":[137],"product_tag":[],"class_list":{"0":"post-19625","1":"product","2":"type-product","3":"status-publish","5":"product_cat-maros-megyei-eletrajzi-lexikon","7":"first","8":"instock","9":"shipping-taxable","10":"product-type-simple"},"_links":{"self":[{"href":"https:\/\/uj.adatbank.ro\/lexikon\/wp-json\/wp\/v2\/product\/19625","targetHints":{"allow":["GET"]}}],"collection":[{"href":"https:\/\/uj.adatbank.ro\/lexikon\/wp-json\/wp\/v2\/product"}],"about":[{"href":"https:\/\/uj.adatbank.ro\/lexikon\/wp-json\/wp\/v2\/types\/product"}],"replies":[{"embeddable":true,"href":"https:\/\/uj.adatbank.ro\/lexikon\/wp-json\/wp\/v2\/comments?post=19625"}],"wp:attachment":[{"href":"https:\/\/uj.adatbank.ro\/lexikon\/wp-json\/wp\/v2\/media?parent=19625"}],"wp:term":[{"taxonomy":"product_brand","embeddable":true,"href":"https:\/\/uj.adatbank.ro\/lexikon\/wp-json\/wp\/v2\/product_brand?post=19625"},{"taxonomy":"product_cat","embeddable":true,"href":"https:\/\/uj.adatbank.ro\/lexikon\/wp-json\/wp\/v2\/product_cat?post=19625"},{"taxonomy":"product_tag","embeddable":true,"href":"https:\/\/uj.adatbank.ro\/lexikon\/wp-json\/wp\/v2\/product_tag?post=19625"}],"curies":[{"name":"wp","href":"https:\/\/api.w.org\/{rel}","templated":true}]}}