{"id":19627,"date":"2025-07-22T18:18:49","date_gmt":"2025-07-22T16:18:49","guid":{"rendered":"https:\/\/uj.adatbank.ro\/lexikon\/termek\/samuel-aladar\/"},"modified":"2025-07-22T18:18:49","modified_gmt":"2025-07-22T16:18:49","slug":"samuel-aladar","status":"publish","type":"product","link":"https:\/\/uj.adatbank.ro\/lexikon\/termek\/samuel-aladar\/","title":{"rendered":"S\u00c1MUEL Alad\u00e1r"},"content":{"rendered":"<p>Nagyenyed, 1869. m\u00e1rc. 1., \u2020 Balav\u00e1s\u00e1r, 1926. febr. 27.: ref. lelk\u00e9sz, t\u00f6rt\u00e9n\u00e9sz, irodalomt\u00f6rt\u00e9n\u00e9sz. \u2013 Elemi, gimn\u00e1ziumi \u00e9s teol\u00f3giai tanulm\u00e1nyait Nagyenyeden v\u00e9gezte (1876\u201392) \u00e9s a nagyenyedi ref. f\u0151isk. teol. kar\u00e1n lelk\u00e9szi oklevelet szerzett (1892). Nagyenyeden k\u00f6ztan\u00edt\u00f3 (1892), Kiskenden h. lelk\u00e9sz (1893\u2013), Ny\u00e1r\u00e1dsely\u00e9n lelk\u00e9sz (1894\u20131900),), ahol gazd\u00e1lkodott, felv\u00e1llalta az egyh\u00e1z r\u00e9sz\u00e9re val\u00f3 fuvaroz\u00e1st. L\u00e9trehozta a papi st\u00f3la megv\u00e1lt\u00e1si alapot, a \u201eMill\u00e9niumi kepemegv\u00e1lt\u00e1si\u201d alapot (1897), templom \u00e9s ingyen tank\u00f6nyv alapot (1899), a k\u00f6nyvt\u00e1r \u00e1llom\u00e1ny\u00e1nak b\u0151v\u00edt\u00e9s\u00e9re sz\u00e9kely b\u00e1lt rendeztek. Rendszeresen foglalkozott az ifj\u00fas\u00e1ggal. Maks\u00e1n (1900\u2013), majd Balav\u00e1s\u00e1ron volt lelk\u00e9sz (1901\u201326). F\u00e1radhatatlanul munk\u00e1lkodott gy\u00fclekezete k\u00fcls\u0151 \u00e9s lelki \u00e9p\u00edt\u00e9s\u00e9n. Sz\u00e9p papi lakot (1906), k\u00e9t tantermes iskol\u00e1t \u00e9p\u00edttetett (1922). Az egyh\u00e1z anyagi \u00e9s gazdas\u00e1gi \u00e9let\u00e9ben is rendet teremtett. Eredm\u00e9nyes vall\u00e1soktat\u00f3i munk\u00e1t v\u00e9gzett, \u00faj vall\u00e1stan\u00edt\u00f3i tank\u00f6nyvet \u00edrt, amelyet az egyh\u00e1zmegye t\u00e1mogat\u00e1s\u00e1val kinyomatott. A kisk\u00fck\u00fcll\u0151i egyh\u00e1zmegy\u00e9ben sz\u00e1mvev\u0151i, aljegyz\u0151i \u00e9s tan\u00e1csosi tisztet t\u00f6lt\u00f6tt be \u00e9s az egyh\u00e1zker\u00fcletnek is k\u00e9pvisel\u0151je volt. Titk\u00e1ra volt az egyh\u00e1zmegyei \u00e9rtekezletnek, majd eln\u00f6ke az emei Lelk\u00e9szeti Egyes\u00fcletnek \u00e9s K\u00e1lvin Sz\u00f6vets\u00e9g\u00e9nek. \u00c9rt\u00e9kes tudom\u00e1nyos munk\u00e1ss\u00e1got is v\u00e9gzett az egyh\u00e1zt\u00f6rt\u00e9net ter\u00e9n. A mv.-i Kem\u00e9ny Zsigmond T\u00e1rsas\u00e1g rendes tagj\u00e1v\u00e1 v\u00e1lasztotta (1924). Csak a gy\u00fclekezet\u00e9nek \u00e9s irodalmi tanulm\u00e1nyainak \u00e9lt. M\u00e1r teol\u00f3gus kor\u00e1ban \u00edrt f\u0151v\u00e1rosi lapokban. F\u0151k\u00e9nt a m. ref. egyh\u00e1zt\u00f6rt\u00e9net egyes k\u00e9rd\u00e9seivel foglalkozott: pl. A ref. lelk\u00e9sz a XVII. sz\u00e1zadban; Kisk\u00fck\u00fcll\u0151 v\u00e1rmegye reform\u00e1tus n\u00e9p\u00e9nek temetkez\u00e9si szok\u00e1sai; K\u00f6peczi Bodosi S\u00e1muel \u00e9lete \u00e9s m\u0171vei a Prot. K\u00f6zl., Prot. Szle., Erd\u00e9lyi Prot. Lap ban; k\u00e9ziratban maradt a Gile\u00e1di Balzsam c. im\u00e1ds\u00e1gos k\u00f6nyve \u2013 <strong><strong>F. m.<\/strong><\/strong>: Fels\u0151csern\u00e1toni Bod P\u00e9ter (Bp., 1900); Egy k\u00e9p a m\u00faltb\u00f3l (Bp., 1903); A ref. vall\u00e1soktat\u00e1s alapvonalai (tank\u00f6nyv; Dics\u0151szentm\u00e1rton, 1910; 2. kiad. 1915); <br \/><strong>Irod.:<\/strong> Balav\u00e1s\u00e1r \u00e9s egyh\u00e1za; Illy\u00e9s Endre: Egyh\u00e1zfegyelem a magyar reform\u00e1tus egyh\u00e1zban XVI\u2013XIX. sz. (Debrecen, 1941); M\u00c9L; [Nekrol\u00f3g] (Az Ellenz\u00e9k, 1926. m\u00e1rc. 1.); Ny\u00e1r\u00e1dselye \u00e9s egyh\u00e1zai; RMIL; Tavaszy S\u00e1ndor: S. A. (Ref. Szle, 1926); \u00daM\u00c9L; Zov\u00e1nyi.<\/br><\/p>\n","protected":false},"excerpt":{"rendered":"<p>Nagyenyed, 1869. m\u00e1rc. 1., \u2020 Balav\u00e1s\u00e1r, 1926. febr. 27.: ref. lelk\u00e9sz, t\u00f6rt\u00e9n\u00e9sz, irodalomt\u00f6rt\u00e9n\u00e9sz. \u2013 Elemi, gimn\u00e1ziumi \u00e9s teol\u00f3giai tanulm\u00e1nyait Nagyenyeden v\u00e9gezte (1876\u201392) \u00e9s a nagyenyedi ref. f\u0151isk. teol. kar\u00e1n lelk\u00e9szi oklevelet szerzett (1892). Nagyenyeden k\u00f6ztan\u00edt\u00f3 (1892), Kiskenden h. lelk\u00e9sz (1893\u2013), Ny\u00e1r\u00e1dsely\u00e9n lelk\u00e9sz (1894\u20131900),), ahol gazd\u00e1lkodott, felv\u00e1llalta az egyh\u00e1z r\u00e9sz\u00e9re val\u00f3 fuvaroz\u00e1st. L\u00e9trehozta a papi st\u00f3la [&hellip;]<\/p>\n","protected":false},"featured_media":0,"comment_status":"open","ping_status":"closed","template":"","meta":[],"product_brand":[],"product_cat":[137],"product_tag":[],"class_list":{"0":"post-19627","1":"product","2":"type-product","3":"status-publish","5":"product_cat-maros-megyei-eletrajzi-lexikon","7":"first","8":"instock","9":"shipping-taxable","10":"product-type-simple"},"_links":{"self":[{"href":"https:\/\/uj.adatbank.ro\/lexikon\/wp-json\/wp\/v2\/product\/19627","targetHints":{"allow":["GET"]}}],"collection":[{"href":"https:\/\/uj.adatbank.ro\/lexikon\/wp-json\/wp\/v2\/product"}],"about":[{"href":"https:\/\/uj.adatbank.ro\/lexikon\/wp-json\/wp\/v2\/types\/product"}],"replies":[{"embeddable":true,"href":"https:\/\/uj.adatbank.ro\/lexikon\/wp-json\/wp\/v2\/comments?post=19627"}],"wp:attachment":[{"href":"https:\/\/uj.adatbank.ro\/lexikon\/wp-json\/wp\/v2\/media?parent=19627"}],"wp:term":[{"taxonomy":"product_brand","embeddable":true,"href":"https:\/\/uj.adatbank.ro\/lexikon\/wp-json\/wp\/v2\/product_brand?post=19627"},{"taxonomy":"product_cat","embeddable":true,"href":"https:\/\/uj.adatbank.ro\/lexikon\/wp-json\/wp\/v2\/product_cat?post=19627"},{"taxonomy":"product_tag","embeddable":true,"href":"https:\/\/uj.adatbank.ro\/lexikon\/wp-json\/wp\/v2\/product_tag?post=19627"}],"curies":[{"name":"wp","href":"https:\/\/api.w.org\/{rel}","templated":true}]}}