{"id":19630,"date":"2025-07-22T18:18:54","date_gmt":"2025-07-22T16:18:54","guid":{"rendered":"https:\/\/uj.adatbank.ro\/lexikon\/termek\/samuel-jozsef-becsei\/"},"modified":"2025-07-22T18:18:54","modified_gmt":"2025-07-22T16:18:54","slug":"samuel-jozsef-becsei","status":"publish","type":"product","link":"https:\/\/uj.adatbank.ro\/lexikon\/termek\/samuel-jozsef-becsei\/","title":{"rendered":"S\u00c1MUEL J\u00f3zsef, becsei"},"content":{"rendered":"<p>Nagyenyed, 1828., \u2020\u00a0Nagykend, 1910.: ref. lelk\u00e9sz, honv\u00e9dt\u00fcz\u00e9r. \u2013 Tanulm\u00e1nyait sz\u00fcl\u0151v\u00e1ros\u00e1ban v\u00e9gezte. M\u00e9g di\u00e1k, amikor kirobbant a szabads\u00e1gharc. Az eg\u00e9sz oszt\u00e1ly tan\u00e1raival egy\u00fctt bevonult honv\u00e9dnek. Az 1848\u20131849-es forradalomban honv\u00e9dt\u00fcz\u00e9r, t\u0171zmester volt. A T\u00f6m\u00f6sdi-szorosba osztott\u00e1k be szolg\u00e1latra, \u00e9s ott k\u00e9pezt\u00e9k ki katon\u00e1nak. R\u00f6videsen \u0151rmesteri, majd t\u0171zmesteri rangot kapott. Nem tart\u00f3zkodott Enyeden, amikor a rom\u00e1n csapatok megrohant\u00e1k a v\u00e1rost, \u00e9s a v\u00e1ros lak\u00f3ival egy\u00fctt csal\u00e1dj\u00e1nak nagy r\u00e9sz\u00e9t is lem\u00e9sz\u00e1rolt\u00e1k. \u00c9desanyj\u00e1t \u00e9s k\u00e9t testv\u00e9r\u00e9t a rom\u00e1n tejesember\u00fck mentette meg. Bem sereg\u00e9ben harcolt, sz\u00e1mos csat\u00e1ban vett r\u00e9szt, jelen volt a segesv\u00e1ri csat\u00e1ban is, b\u00e1tran l\u00f6vette az orosz beker\u00edt\u0151ket. Nehezen menek\u00fclt meg, \u00e9s csak Zsib\u00f3n\u00e1l tette le a fegyvert. Tanulm\u00e1nyait a forradalom lever\u00e9se ut\u00e1n folytatta. Bekapcsol\u00f3dott a Horv\u00e1th\u2013Makk-f\u00e9le forradalmi szervezked\u00e9sbe. H\u00e1zkutat\u00e1s alkalm\u00e1val a kompromitt\u00e1l\u00f3 iratokat lelem\u00e9nyesen elrejtette, \u00e9s \u00edgy mentette meg saj\u00e1t \u00e9s t\u00e1rsai \u00e9let\u00e9t. A teol\u00f3gia elv\u00e9gz\u00e9se ut\u00e1n Bethlenszentmikl\u00f3sra kapott lelk\u00e9szi kinevez\u00e9st. Bonyh\u00e1n szentelt\u00e9k papp\u00e1 (1860). Nagykendre h\u00edvt\u00e1k lelk\u00e9sznek (1871. \u00e1pr. 11), ahol 39 \u00e9vet szolg\u00e1lt, hal\u00e1l\u00e1ig. Ifj\u00fas\u00e1gi egyletet, dal\u00e1rd\u00e1t, \u201eNagykend \u00e9s vid\u00e9ke\u201d olvas\u00f3k\u00f6rt l\u00e9tes\u00edtett. Hat\u00e1sosan pr\u00e9dik\u00e1lt. Sok \u00e9p\u00edtkez\u00e9st is megval\u00f3s\u00edtott: \u00faj iskola (1872\u20131873), tan\u00edt\u00f3i cs\u0171r (1883), papi ist\u00e1ll\u00f3 (1892), toronyb\u00e1dogoz\u00e1s (1891), \u00faj tan\u00edt\u00f3i lak\u00e1s (1906). A vid\u00e9k De\u00e1k Ferenc\u00e9nek nevezt\u00e9k. T\u00f6bb tiszts\u00e9get is r\u00e1b\u00edztak: megyei iskola\u00fcgyi tan\u00e1csos, tan\u00fcgyi fel\u00fcgyel\u0151 (err\u0151l lemondott, 1876), egyh\u00e1zmegyei f\u0151jegyz\u0151 (1901), a radn\u00f3ti lelk\u00e9sz\u00e9rtekezlet eln\u00f6ke (1906). Ezen az \u00e9rtekezleten \u00e9rt\u00e9kes dolgozatot olvasott fel a lelk\u00e9szi \u00e9let gondjainak megold\u00e1si m\u00f3dj\u00e1r\u00f3l, amit k\u00f6zel 50 \u00e9vi lelk\u00e9szked\u00e9se ideje alatt tapasztalt. Irodai munk\u00e1j\u00e1ban p\u00e9ldamutat\u00f3an pontos volt. 2001-ben a kendi \u00e1ltal\u00e1nos iskola felvette a S\u00e1muel J\u00f3zsef nevet. <br \/><strong>Irod.:<\/strong> B\u00f6l\u00f6ni Domokos: Ki volt S. J., \u00e9s mi a csod\u00e1t akart? (N\u00fa., 1998. nov. 5.); B.D.: Di\u00e1k, t\u0171zmester, pap, iskolaszervez\u0151 (N\u00fa., 2001. szept. 4), B.D.: A k\u00e9t Kend \u00e9s S.J. (N\u00fa.,Sz\u00ednes Vil\u00e1g, 2011. m\u00e1j. 14.); Illy\u00e9s Endre: Egyh\u00e1zfegyelem a magyar reform\u00e1tus egyh\u00e1zban \u2013 XVI\u2013XIX. sz\u00e1zadokban (Debrecen, 1941); Kend \u00e9s egyh\u00e1za; Korondi: A vid\u00e9k \u201eDe\u00e1k Ferenc\u00e9r\u0151l\u201d nevezt\u00e9k el (N\u00fa., 2001. okt. 13.); P\u00e9terfy 2005.<\/br><\/p>\n","protected":false},"excerpt":{"rendered":"<p>Nagyenyed, 1828., \u2020\u00a0Nagykend, 1910.: ref. lelk\u00e9sz, honv\u00e9dt\u00fcz\u00e9r. \u2013 Tanulm\u00e1nyait sz\u00fcl\u0151v\u00e1ros\u00e1ban v\u00e9gezte. M\u00e9g di\u00e1k, amikor kirobbant a szabads\u00e1gharc. Az eg\u00e9sz oszt\u00e1ly tan\u00e1raival egy\u00fctt bevonult honv\u00e9dnek. Az 1848\u20131849-es forradalomban honv\u00e9dt\u00fcz\u00e9r, t\u0171zmester volt. A T\u00f6m\u00f6sdi-szorosba osztott\u00e1k be szolg\u00e1latra, \u00e9s ott k\u00e9pezt\u00e9k ki katon\u00e1nak. R\u00f6videsen \u0151rmesteri, majd t\u0171zmesteri rangot kapott. Nem tart\u00f3zkodott Enyeden, amikor a rom\u00e1n csapatok megrohant\u00e1k a [&hellip;]<\/p>\n","protected":false},"featured_media":0,"comment_status":"open","ping_status":"closed","template":"","meta":[],"product_brand":[],"product_cat":[137],"product_tag":[],"class_list":{"0":"post-19630","1":"product","2":"type-product","3":"status-publish","5":"product_cat-maros-megyei-eletrajzi-lexikon","7":"first","8":"instock","9":"shipping-taxable","10":"product-type-simple"},"_links":{"self":[{"href":"https:\/\/uj.adatbank.ro\/lexikon\/wp-json\/wp\/v2\/product\/19630","targetHints":{"allow":["GET"]}}],"collection":[{"href":"https:\/\/uj.adatbank.ro\/lexikon\/wp-json\/wp\/v2\/product"}],"about":[{"href":"https:\/\/uj.adatbank.ro\/lexikon\/wp-json\/wp\/v2\/types\/product"}],"replies":[{"embeddable":true,"href":"https:\/\/uj.adatbank.ro\/lexikon\/wp-json\/wp\/v2\/comments?post=19630"}],"wp:attachment":[{"href":"https:\/\/uj.adatbank.ro\/lexikon\/wp-json\/wp\/v2\/media?parent=19630"}],"wp:term":[{"taxonomy":"product_brand","embeddable":true,"href":"https:\/\/uj.adatbank.ro\/lexikon\/wp-json\/wp\/v2\/product_brand?post=19630"},{"taxonomy":"product_cat","embeddable":true,"href":"https:\/\/uj.adatbank.ro\/lexikon\/wp-json\/wp\/v2\/product_cat?post=19630"},{"taxonomy":"product_tag","embeddable":true,"href":"https:\/\/uj.adatbank.ro\/lexikon\/wp-json\/wp\/v2\/product_tag?post=19630"}],"curies":[{"name":"wp","href":"https:\/\/api.w.org\/{rel}","templated":true}]}}