{"id":19632,"date":"2025-07-22T18:18:57","date_gmt":"2025-07-22T16:18:57","guid":{"rendered":"https:\/\/uj.adatbank.ro\/lexikon\/termek\/samuel-samuel-%c2%a7\/"},"modified":"2025-07-22T18:18:57","modified_gmt":"2025-07-22T16:18:57","slug":"samuel-samuel-%c2%a7","status":"publish","type":"product","link":"https:\/\/uj.adatbank.ro\/lexikon\/termek\/samuel-samuel-%c2%a7\/","title":{"rendered":"S\u00c1MUEL S\u00e1muel, \u00a7"},"content":{"rendered":"<p>Marosszentbenedek (bizonytalan adat, lehet, hogy: Ny\u00e1r\u00e1dszentbenedek), 1886 \u2020?: orvos. \u2013 Tanult Kv.-on, majd a B\u00e9csi Egy. Orvosi Kar\u00e1n (1910). Mv.-en orvos. R\u00e9szt vett az I. vh.-ban, a 35. Div.-San.-Ansalttal az orosz harct\u00e9ren volt f\u0151orvos (1914. j\u00fal. \u2013 18. nov.). Megsebes\u00fclt. <strong>Kit\u00fcntet\u00e9sei:<\/strong> Kor. arany \u00e9rdemker. a v. \u00e9. sz., K\u00e1roly csapatkereszt cs. k. ig. a. <br \/><strong>Irod.:<\/strong> M. hadviselt zsid\u00f3k, Szab\u00f3\u2013Simon\u2013Sz\u00f6gi.<\/br><\/p>\n","protected":false},"excerpt":{"rendered":"<p>Marosszentbenedek (bizonytalan adat, lehet, hogy: Ny\u00e1r\u00e1dszentbenedek), 1886 \u2020?: orvos. \u2013 Tanult Kv.-on, majd a B\u00e9csi Egy. Orvosi Kar\u00e1n (1910). Mv.-en orvos. R\u00e9szt vett az I. vh.-ban, a 35. Div.-San.-Ansalttal az orosz harct\u00e9ren volt f\u0151orvos (1914. j\u00fal. \u2013 18. nov.). Megsebes\u00fclt. Kit\u00fcntet\u00e9sei: Kor. arany \u00e9rdemker. a v. \u00e9. sz., K\u00e1roly csapatkereszt cs. k. ig. a. Irod.: [&hellip;]<\/p>\n","protected":false},"featured_media":0,"comment_status":"open","ping_status":"closed","template":"","meta":[],"product_brand":[],"product_cat":[137],"product_tag":[],"class_list":{"0":"post-19632","1":"product","2":"type-product","3":"status-publish","5":"product_cat-maros-megyei-eletrajzi-lexikon","7":"first","8":"instock","9":"shipping-taxable","10":"product-type-simple"},"_links":{"self":[{"href":"https:\/\/uj.adatbank.ro\/lexikon\/wp-json\/wp\/v2\/product\/19632","targetHints":{"allow":["GET"]}}],"collection":[{"href":"https:\/\/uj.adatbank.ro\/lexikon\/wp-json\/wp\/v2\/product"}],"about":[{"href":"https:\/\/uj.adatbank.ro\/lexikon\/wp-json\/wp\/v2\/types\/product"}],"replies":[{"embeddable":true,"href":"https:\/\/uj.adatbank.ro\/lexikon\/wp-json\/wp\/v2\/comments?post=19632"}],"wp:attachment":[{"href":"https:\/\/uj.adatbank.ro\/lexikon\/wp-json\/wp\/v2\/media?parent=19632"}],"wp:term":[{"taxonomy":"product_brand","embeddable":true,"href":"https:\/\/uj.adatbank.ro\/lexikon\/wp-json\/wp\/v2\/product_brand?post=19632"},{"taxonomy":"product_cat","embeddable":true,"href":"https:\/\/uj.adatbank.ro\/lexikon\/wp-json\/wp\/v2\/product_cat?post=19632"},{"taxonomy":"product_tag","embeddable":true,"href":"https:\/\/uj.adatbank.ro\/lexikon\/wp-json\/wp\/v2\/product_tag?post=19632"}],"curies":[{"name":"wp","href":"https:\/\/api.w.org\/{rel}","templated":true}]}}