{"id":19633,"date":"2025-07-22T18:19:01","date_gmt":"2025-07-22T16:19:01","guid":{"rendered":"https:\/\/uj.adatbank.ro\/lexikon\/termek\/sandi-mihaly\/"},"modified":"2025-07-22T18:19:01","modified_gmt":"2025-07-22T16:19:01","slug":"sandi-mihaly","status":"publish","type":"product","link":"https:\/\/uj.adatbank.ro\/lexikon\/termek\/sandi-mihaly\/","title":{"rendered":"S\u00c1NDI Mih\u00e1ly"},"content":{"rendered":"<p>? \u2020? K\u00f6rtv\u00e9lyfa, 1776. m\u00e1rc.?: lelk\u00e9sz, tan\u00edt\u00f3. \u2013 Mv.-en subscrib\u00e1lt (1730). Iskolamester volt Magyar\u00f3n (1737\u201344), Nagy\u00f6lyvesen (1744. m\u00e1j. 9. \u2013 1748), Erd\u0151csin\u00e1don (1750, Ny\u00e1r\u00e1dszered\u00e1ban (1759\u201361) \u00e9s K\u00f6rtv\u00e9lyf\u00e1j\u00e1n (1762 \u2013 1776. m\u00e1rc., amikor meg\u00f6lt\u00e9k a bet\u00f6r\u0151k). <br \/><strong>Irod.:<\/strong> Filep 2.; \u0150sz.<\/br><\/p>\n","protected":false},"excerpt":{"rendered":"<p>? \u2020? K\u00f6rtv\u00e9lyfa, 1776. m\u00e1rc.?: lelk\u00e9sz, tan\u00edt\u00f3. \u2013 Mv.-en subscrib\u00e1lt (1730). Iskolamester volt Magyar\u00f3n (1737\u201344), Nagy\u00f6lyvesen (1744. m\u00e1j. 9. \u2013 1748), Erd\u0151csin\u00e1don (1750, Ny\u00e1r\u00e1dszered\u00e1ban (1759\u201361) \u00e9s K\u00f6rtv\u00e9lyf\u00e1j\u00e1n (1762 \u2013 1776. m\u00e1rc., amikor meg\u00f6lt\u00e9k a bet\u00f6r\u0151k). Irod.: Filep 2.; \u0150sz.<\/p>\n","protected":false},"featured_media":0,"comment_status":"open","ping_status":"closed","template":"","meta":[],"product_brand":[],"product_cat":[137],"product_tag":[],"class_list":{"0":"post-19633","1":"product","2":"type-product","3":"status-publish","5":"product_cat-maros-megyei-eletrajzi-lexikon","7":"first","8":"instock","9":"shipping-taxable","10":"product-type-simple"},"_links":{"self":[{"href":"https:\/\/uj.adatbank.ro\/lexikon\/wp-json\/wp\/v2\/product\/19633","targetHints":{"allow":["GET"]}}],"collection":[{"href":"https:\/\/uj.adatbank.ro\/lexikon\/wp-json\/wp\/v2\/product"}],"about":[{"href":"https:\/\/uj.adatbank.ro\/lexikon\/wp-json\/wp\/v2\/types\/product"}],"replies":[{"embeddable":true,"href":"https:\/\/uj.adatbank.ro\/lexikon\/wp-json\/wp\/v2\/comments?post=19633"}],"wp:attachment":[{"href":"https:\/\/uj.adatbank.ro\/lexikon\/wp-json\/wp\/v2\/media?parent=19633"}],"wp:term":[{"taxonomy":"product_brand","embeddable":true,"href":"https:\/\/uj.adatbank.ro\/lexikon\/wp-json\/wp\/v2\/product_brand?post=19633"},{"taxonomy":"product_cat","embeddable":true,"href":"https:\/\/uj.adatbank.ro\/lexikon\/wp-json\/wp\/v2\/product_cat?post=19633"},{"taxonomy":"product_tag","embeddable":true,"href":"https:\/\/uj.adatbank.ro\/lexikon\/wp-json\/wp\/v2\/product_tag?post=19633"}],"curies":[{"name":"wp","href":"https:\/\/api.w.org\/{rel}","templated":true}]}}