{"id":19634,"date":"2025-07-22T18:19:04","date_gmt":"2025-07-22T16:19:04","guid":{"rendered":"https:\/\/uj.adatbank.ro\/lexikon\/termek\/sandor\/"},"modified":"2025-07-22T18:19:04","modified_gmt":"2025-07-22T16:19:04","slug":"sandor","status":"publish","type":"product","link":"https:\/\/uj.adatbank.ro\/lexikon\/termek\/sandor\/","title":{"rendered":"S\u00c1NDOR"},"content":{"rendered":"<p>B\u00f6z\u00f6d\u00fajfalusi sz\u00e9kely csal\u00e1d. \u2013 V\u00f6. P\u00e1lmay: Udvarhely 203. <br \/><strong>Irod.:<\/strong> Kempelen.<\/br><\/p>\n","protected":false},"excerpt":{"rendered":"<p>B\u00f6z\u00f6d\u00fajfalusi sz\u00e9kely csal\u00e1d. \u2013 V\u00f6. P\u00e1lmay: Udvarhely 203. Irod.: Kempelen.<\/p>\n","protected":false},"featured_media":0,"comment_status":"open","ping_status":"closed","template":"","meta":[],"product_brand":[],"product_cat":[137],"product_tag":[],"class_list":{"0":"post-19634","1":"product","2":"type-product","3":"status-publish","5":"product_cat-maros-megyei-eletrajzi-lexikon","7":"first","8":"instock","9":"shipping-taxable","10":"product-type-simple"},"_links":{"self":[{"href":"https:\/\/uj.adatbank.ro\/lexikon\/wp-json\/wp\/v2\/product\/19634","targetHints":{"allow":["GET"]}}],"collection":[{"href":"https:\/\/uj.adatbank.ro\/lexikon\/wp-json\/wp\/v2\/product"}],"about":[{"href":"https:\/\/uj.adatbank.ro\/lexikon\/wp-json\/wp\/v2\/types\/product"}],"replies":[{"embeddable":true,"href":"https:\/\/uj.adatbank.ro\/lexikon\/wp-json\/wp\/v2\/comments?post=19634"}],"wp:attachment":[{"href":"https:\/\/uj.adatbank.ro\/lexikon\/wp-json\/wp\/v2\/media?parent=19634"}],"wp:term":[{"taxonomy":"product_brand","embeddable":true,"href":"https:\/\/uj.adatbank.ro\/lexikon\/wp-json\/wp\/v2\/product_brand?post=19634"},{"taxonomy":"product_cat","embeddable":true,"href":"https:\/\/uj.adatbank.ro\/lexikon\/wp-json\/wp\/v2\/product_cat?post=19634"},{"taxonomy":"product_tag","embeddable":true,"href":"https:\/\/uj.adatbank.ro\/lexikon\/wp-json\/wp\/v2\/product_tag?post=19634"}],"curies":[{"name":"wp","href":"https:\/\/api.w.org\/{rel}","templated":true}]}}