{"id":19635,"date":"2025-07-22T18:19:07","date_gmt":"2025-07-22T16:19:07","guid":{"rendered":"https:\/\/uj.adatbank.ro\/lexikon\/termek\/sandor-2\/"},"modified":"2025-07-22T18:19:07","modified_gmt":"2025-07-22T16:19:07","slug":"sandor-2","status":"publish","type":"product","link":"https:\/\/uj.adatbank.ro\/lexikon\/termek\/sandor-2\/","title":{"rendered":"S\u00c1NDOR"},"content":{"rendered":"<p>B\u00fazah\u00e1zi csal\u00e1d. Lesz\u00e1rmaz\u00e1si adatok a gr. Teleki lev\u00e9lt\u00e1rban Mv. <br \/><strong>Irod.:<\/strong> Kempelen.<\/br><\/p>\n","protected":false},"excerpt":{"rendered":"<p>B\u00fazah\u00e1zi csal\u00e1d. Lesz\u00e1rmaz\u00e1si adatok a gr. Teleki lev\u00e9lt\u00e1rban Mv. Irod.: Kempelen.<\/p>\n","protected":false},"featured_media":0,"comment_status":"open","ping_status":"closed","template":"","meta":[],"product_brand":[],"product_cat":[137],"product_tag":[],"class_list":{"0":"post-19635","1":"product","2":"type-product","3":"status-publish","5":"product_cat-maros-megyei-eletrajzi-lexikon","7":"first","8":"instock","9":"shipping-taxable","10":"product-type-simple"},"_links":{"self":[{"href":"https:\/\/uj.adatbank.ro\/lexikon\/wp-json\/wp\/v2\/product\/19635","targetHints":{"allow":["GET"]}}],"collection":[{"href":"https:\/\/uj.adatbank.ro\/lexikon\/wp-json\/wp\/v2\/product"}],"about":[{"href":"https:\/\/uj.adatbank.ro\/lexikon\/wp-json\/wp\/v2\/types\/product"}],"replies":[{"embeddable":true,"href":"https:\/\/uj.adatbank.ro\/lexikon\/wp-json\/wp\/v2\/comments?post=19635"}],"wp:attachment":[{"href":"https:\/\/uj.adatbank.ro\/lexikon\/wp-json\/wp\/v2\/media?parent=19635"}],"wp:term":[{"taxonomy":"product_brand","embeddable":true,"href":"https:\/\/uj.adatbank.ro\/lexikon\/wp-json\/wp\/v2\/product_brand?post=19635"},{"taxonomy":"product_cat","embeddable":true,"href":"https:\/\/uj.adatbank.ro\/lexikon\/wp-json\/wp\/v2\/product_cat?post=19635"},{"taxonomy":"product_tag","embeddable":true,"href":"https:\/\/uj.adatbank.ro\/lexikon\/wp-json\/wp\/v2\/product_tag?post=19635"}],"curies":[{"name":"wp","href":"https:\/\/api.w.org\/{rel}","templated":true}]}}