{"id":19640,"date":"2025-07-22T18:19:20","date_gmt":"2025-07-22T16:19:20","guid":{"rendered":"https:\/\/uj.adatbank.ro\/lexikon\/termek\/sandor-adam\/"},"modified":"2025-07-22T18:19:20","modified_gmt":"2025-07-22T16:19:20","slug":"sandor-adam","status":"publish","type":"product","link":"https:\/\/uj.adatbank.ro\/lexikon\/termek\/sandor-adam\/","title":{"rendered":"S\u00c1NDOR \u00c1d\u00e1m"},"content":{"rendered":"<p>1786. okt. 15., \u2020\u00a01852. dec. 5.: r. k. pap. \u2013 Papp\u00e1 szentelt\u00e9k Gyulafeh\u00e9rv\u00e1ron (1810. m\u00e1j. 27.). K\u00e1pl\u00e1n Mv.-en (1811\u201317). Pl\u00e9b\u00e1nos Hossz\u00faassz\u00f3n. Tan\u00e1r Mv.-en (1824\u201327), Gyulafeh\u00e9rv\u00e1ron gimn.-i, majd teol\u00f3giai tan\u00e1r, szeg\u00e9nyek \u00fcgyv\u00e9dje (1827\u201340), V\u00edzakn\u00e1n pl\u00e9b\u00e1nos (1840\u201342), Sz\u00e9kelyudvarhelyen tan\u00e1r (1843\u2013). <br \/><strong>Irod.:<\/strong> Ferenczi S\u00e1ndor 2009.<\/br><\/p>\n","protected":false},"excerpt":{"rendered":"<p>1786. okt. 15., \u2020\u00a01852. dec. 5.: r. k. pap. \u2013 Papp\u00e1 szentelt\u00e9k Gyulafeh\u00e9rv\u00e1ron (1810. m\u00e1j. 27.). K\u00e1pl\u00e1n Mv.-en (1811\u201317). Pl\u00e9b\u00e1nos Hossz\u00faassz\u00f3n. Tan\u00e1r Mv.-en (1824\u201327), Gyulafeh\u00e9rv\u00e1ron gimn.-i, majd teol\u00f3giai tan\u00e1r, szeg\u00e9nyek \u00fcgyv\u00e9dje (1827\u201340), V\u00edzakn\u00e1n pl\u00e9b\u00e1nos (1840\u201342), Sz\u00e9kelyudvarhelyen tan\u00e1r (1843\u2013). Irod.: Ferenczi S\u00e1ndor 2009.<\/p>\n","protected":false},"featured_media":0,"comment_status":"open","ping_status":"closed","template":"","meta":[],"product_brand":[],"product_cat":[137],"product_tag":[],"class_list":{"0":"post-19640","1":"product","2":"type-product","3":"status-publish","5":"product_cat-maros-megyei-eletrajzi-lexikon","7":"first","8":"instock","9":"shipping-taxable","10":"product-type-simple"},"_links":{"self":[{"href":"https:\/\/uj.adatbank.ro\/lexikon\/wp-json\/wp\/v2\/product\/19640","targetHints":{"allow":["GET"]}}],"collection":[{"href":"https:\/\/uj.adatbank.ro\/lexikon\/wp-json\/wp\/v2\/product"}],"about":[{"href":"https:\/\/uj.adatbank.ro\/lexikon\/wp-json\/wp\/v2\/types\/product"}],"replies":[{"embeddable":true,"href":"https:\/\/uj.adatbank.ro\/lexikon\/wp-json\/wp\/v2\/comments?post=19640"}],"wp:attachment":[{"href":"https:\/\/uj.adatbank.ro\/lexikon\/wp-json\/wp\/v2\/media?parent=19640"}],"wp:term":[{"taxonomy":"product_brand","embeddable":true,"href":"https:\/\/uj.adatbank.ro\/lexikon\/wp-json\/wp\/v2\/product_brand?post=19640"},{"taxonomy":"product_cat","embeddable":true,"href":"https:\/\/uj.adatbank.ro\/lexikon\/wp-json\/wp\/v2\/product_cat?post=19640"},{"taxonomy":"product_tag","embeddable":true,"href":"https:\/\/uj.adatbank.ro\/lexikon\/wp-json\/wp\/v2\/product_tag?post=19640"}],"curies":[{"name":"wp","href":"https:\/\/api.w.org\/{rel}","templated":true}]}}