{"id":19641,"date":"2025-07-22T18:19:24","date_gmt":"2025-07-22T16:19:24","guid":{"rendered":"https:\/\/uj.adatbank.ro\/lexikon\/termek\/sandor-antal-szentleleki\/"},"modified":"2025-07-22T18:19:24","modified_gmt":"2025-07-22T16:19:24","slug":"sandor-antal-szentleleki","status":"publish","type":"product","link":"https:\/\/uj.adatbank.ro\/lexikon\/termek\/sandor-antal-szentleleki\/","title":{"rendered":"S\u00c1NDOR Antal, szentl\u00e9leki"},"content":{"rendered":"<p>1798? \u2020\u00a0Mv., 1861. \u00e1pr. 8.: p\u00e9nzt\u00e1rnok. \u2013 Le\u00e1nyai: S. Anna Lokodi J\u00e1nosn\u00e9; S. Izabella. Mv.-en a kir. k\u00f6z\u00fcgyigazgat\u00f3s\u00e1gi p\u00e9nzt\u00e1rnok. <br \/><strong>Irod.:<\/strong> Gy\u00e1szjelent\u0151.<\/br><\/p>\n","protected":false},"excerpt":{"rendered":"<p>1798? \u2020\u00a0Mv., 1861. \u00e1pr. 8.: p\u00e9nzt\u00e1rnok. \u2013 Le\u00e1nyai: S. Anna Lokodi J\u00e1nosn\u00e9; S. Izabella. Mv.-en a kir. k\u00f6z\u00fcgyigazgat\u00f3s\u00e1gi p\u00e9nzt\u00e1rnok. Irod.: Gy\u00e1szjelent\u0151.<\/p>\n","protected":false},"featured_media":0,"comment_status":"open","ping_status":"closed","template":"","meta":[],"product_brand":[],"product_cat":[137],"product_tag":[],"class_list":{"0":"post-19641","1":"product","2":"type-product","3":"status-publish","5":"product_cat-maros-megyei-eletrajzi-lexikon","7":"first","8":"instock","9":"shipping-taxable","10":"product-type-simple"},"_links":{"self":[{"href":"https:\/\/uj.adatbank.ro\/lexikon\/wp-json\/wp\/v2\/product\/19641","targetHints":{"allow":["GET"]}}],"collection":[{"href":"https:\/\/uj.adatbank.ro\/lexikon\/wp-json\/wp\/v2\/product"}],"about":[{"href":"https:\/\/uj.adatbank.ro\/lexikon\/wp-json\/wp\/v2\/types\/product"}],"replies":[{"embeddable":true,"href":"https:\/\/uj.adatbank.ro\/lexikon\/wp-json\/wp\/v2\/comments?post=19641"}],"wp:attachment":[{"href":"https:\/\/uj.adatbank.ro\/lexikon\/wp-json\/wp\/v2\/media?parent=19641"}],"wp:term":[{"taxonomy":"product_brand","embeddable":true,"href":"https:\/\/uj.adatbank.ro\/lexikon\/wp-json\/wp\/v2\/product_brand?post=19641"},{"taxonomy":"product_cat","embeddable":true,"href":"https:\/\/uj.adatbank.ro\/lexikon\/wp-json\/wp\/v2\/product_cat?post=19641"},{"taxonomy":"product_tag","embeddable":true,"href":"https:\/\/uj.adatbank.ro\/lexikon\/wp-json\/wp\/v2\/product_tag?post=19641"}],"curies":[{"name":"wp","href":"https:\/\/api.w.org\/{rel}","templated":true}]}}