{"id":19642,"date":"2025-07-22T18:19:27","date_gmt":"2025-07-22T16:19:27","guid":{"rendered":"https:\/\/uj.adatbank.ro\/lexikon\/termek\/sandor-balazs-lokodi\/"},"modified":"2025-07-22T18:19:27","modified_gmt":"2025-07-22T16:19:27","slug":"sandor-balazs-lokodi","status":"publish","type":"product","link":"https:\/\/uj.adatbank.ro\/lexikon\/termek\/sandor-balazs-lokodi\/","title":{"rendered":"S\u00c1NDOR Bal\u00e1zs, lokodi"},"content":{"rendered":"<p>? \u2020?: orvos. \u2013 Ismertette a K\u00fck\u00fcll\u0151 megyei pellagra eseteket. \u2013 <strong><strong>F. m.<\/strong><\/strong>: Pellagra esetek Kis-K\u00fck\u00fcll\u0151megy\u00e9ben (Bp., 1898). <br \/><strong>Irod.:<\/strong> Rugonfalvi Kiss; Szinnyei.<\/br><\/p>\n","protected":false},"excerpt":{"rendered":"<p>? \u2020?: orvos. \u2013 Ismertette a K\u00fck\u00fcll\u0151 megyei pellagra eseteket. \u2013 F. m.: Pellagra esetek Kis-K\u00fck\u00fcll\u0151megy\u00e9ben (Bp., 1898). Irod.: Rugonfalvi Kiss; Szinnyei.<\/p>\n","protected":false},"featured_media":0,"comment_status":"open","ping_status":"closed","template":"","meta":[],"product_brand":[],"product_cat":[137],"product_tag":[],"class_list":{"0":"post-19642","1":"product","2":"type-product","3":"status-publish","5":"product_cat-maros-megyei-eletrajzi-lexikon","7":"first","8":"instock","9":"shipping-taxable","10":"product-type-simple"},"_links":{"self":[{"href":"https:\/\/uj.adatbank.ro\/lexikon\/wp-json\/wp\/v2\/product\/19642","targetHints":{"allow":["GET"]}}],"collection":[{"href":"https:\/\/uj.adatbank.ro\/lexikon\/wp-json\/wp\/v2\/product"}],"about":[{"href":"https:\/\/uj.adatbank.ro\/lexikon\/wp-json\/wp\/v2\/types\/product"}],"replies":[{"embeddable":true,"href":"https:\/\/uj.adatbank.ro\/lexikon\/wp-json\/wp\/v2\/comments?post=19642"}],"wp:attachment":[{"href":"https:\/\/uj.adatbank.ro\/lexikon\/wp-json\/wp\/v2\/media?parent=19642"}],"wp:term":[{"taxonomy":"product_brand","embeddable":true,"href":"https:\/\/uj.adatbank.ro\/lexikon\/wp-json\/wp\/v2\/product_brand?post=19642"},{"taxonomy":"product_cat","embeddable":true,"href":"https:\/\/uj.adatbank.ro\/lexikon\/wp-json\/wp\/v2\/product_cat?post=19642"},{"taxonomy":"product_tag","embeddable":true,"href":"https:\/\/uj.adatbank.ro\/lexikon\/wp-json\/wp\/v2\/product_tag?post=19642"}],"curies":[{"name":"wp","href":"https:\/\/api.w.org\/{rel}","templated":true}]}}