{"id":19643,"date":"2025-07-22T18:19:31","date_gmt":"2025-07-22T16:19:31","guid":{"rendered":"https:\/\/uj.adatbank.ro\/lexikon\/termek\/sandor-balint\/"},"modified":"2025-07-22T18:19:31","modified_gmt":"2025-07-22T16:19:31","slug":"sandor-balint","status":"publish","type":"product","link":"https:\/\/uj.adatbank.ro\/lexikon\/termek\/sandor-balint\/","title":{"rendered":"S\u00c1NDOR B\u00e1lint"},"content":{"rendered":"<p>? 1925, \u2020? 1998. j\u00fal. 29.: unit. lelk\u00e9sz. \u2013 Magyarszentbenedeken (Feh\u00e9r), Homor\u00f3dj\u00e1nosfalv\u00e1n \u00e9s Torock\u00f3szentgy\u00f6rgy\u00f6n szolg\u00e1lt 46 \u00e9vet. Szederjesen (Maros) temett\u00e9k. <br \/><strong>Irod.:<\/strong> [Nekrol\u00f3g] (N\u00fa., 1998. j\u00fal. 31.).<\/br><\/p>\n","protected":false},"excerpt":{"rendered":"<p>? 1925, \u2020? 1998. j\u00fal. 29.: unit. lelk\u00e9sz. \u2013 Magyarszentbenedeken (Feh\u00e9r), Homor\u00f3dj\u00e1nosfalv\u00e1n \u00e9s Torock\u00f3szentgy\u00f6rgy\u00f6n szolg\u00e1lt 46 \u00e9vet. Szederjesen (Maros) temett\u00e9k. Irod.: [Nekrol\u00f3g] (N\u00fa., 1998. j\u00fal. 31.).<\/p>\n","protected":false},"featured_media":0,"comment_status":"open","ping_status":"closed","template":"","meta":[],"product_brand":[],"product_cat":[137],"product_tag":[],"class_list":{"0":"post-19643","1":"product","2":"type-product","3":"status-publish","5":"product_cat-maros-megyei-eletrajzi-lexikon","7":"first","8":"instock","9":"shipping-taxable","10":"product-type-simple"},"_links":{"self":[{"href":"https:\/\/uj.adatbank.ro\/lexikon\/wp-json\/wp\/v2\/product\/19643","targetHints":{"allow":["GET"]}}],"collection":[{"href":"https:\/\/uj.adatbank.ro\/lexikon\/wp-json\/wp\/v2\/product"}],"about":[{"href":"https:\/\/uj.adatbank.ro\/lexikon\/wp-json\/wp\/v2\/types\/product"}],"replies":[{"embeddable":true,"href":"https:\/\/uj.adatbank.ro\/lexikon\/wp-json\/wp\/v2\/comments?post=19643"}],"wp:attachment":[{"href":"https:\/\/uj.adatbank.ro\/lexikon\/wp-json\/wp\/v2\/media?parent=19643"}],"wp:term":[{"taxonomy":"product_brand","embeddable":true,"href":"https:\/\/uj.adatbank.ro\/lexikon\/wp-json\/wp\/v2\/product_brand?post=19643"},{"taxonomy":"product_cat","embeddable":true,"href":"https:\/\/uj.adatbank.ro\/lexikon\/wp-json\/wp\/v2\/product_cat?post=19643"},{"taxonomy":"product_tag","embeddable":true,"href":"https:\/\/uj.adatbank.ro\/lexikon\/wp-json\/wp\/v2\/product_tag?post=19643"}],"curies":[{"name":"wp","href":"https:\/\/api.w.org\/{rel}","templated":true}]}}