{"id":19644,"date":"2025-07-22T18:19:34","date_gmt":"2025-07-22T16:19:34","guid":{"rendered":"https:\/\/uj.adatbank.ro\/lexikon\/termek\/sandor-bela\/"},"modified":"2025-07-22T18:19:34","modified_gmt":"2025-07-22T16:19:34","slug":"sandor-bela","status":"publish","type":"product","link":"https:\/\/uj.adatbank.ro\/lexikon\/termek\/sandor-bela\/","title":{"rendered":"S\u00c1NDOR B\u00e9la"},"content":{"rendered":"<p>? \u2020?: tisztvisel\u0151. \u2013 Feles\u00e9ge: Zeyk Margit (1894\u20131980). \u2013 Segesv\u00e1ron a II. vh. ut\u00e1n a MNSZ keret\u00e9ben \u00faj lend\u00fcletet kapott a magyar sz\u00ednj\u00e1tsz\u00e1s, amelyben rendez\u0151i szerepet v\u00e1llalt. <br \/><strong>Irod.:<\/strong> RMIL Segesv\u00e1r.<\/br><\/p>\n","protected":false},"excerpt":{"rendered":"<p>? \u2020?: tisztvisel\u0151. \u2013 Feles\u00e9ge: Zeyk Margit (1894\u20131980). \u2013 Segesv\u00e1ron a II. vh. ut\u00e1n a MNSZ keret\u00e9ben \u00faj lend\u00fcletet kapott a magyar sz\u00ednj\u00e1tsz\u00e1s, amelyben rendez\u0151i szerepet v\u00e1llalt. Irod.: RMIL Segesv\u00e1r.<\/p>\n","protected":false},"featured_media":0,"comment_status":"open","ping_status":"closed","template":"","meta":[],"product_brand":[],"product_cat":[137],"product_tag":[],"class_list":{"0":"post-19644","1":"product","2":"type-product","3":"status-publish","5":"product_cat-maros-megyei-eletrajzi-lexikon","7":"first","8":"instock","9":"shipping-taxable","10":"product-type-simple"},"_links":{"self":[{"href":"https:\/\/uj.adatbank.ro\/lexikon\/wp-json\/wp\/v2\/product\/19644","targetHints":{"allow":["GET"]}}],"collection":[{"href":"https:\/\/uj.adatbank.ro\/lexikon\/wp-json\/wp\/v2\/product"}],"about":[{"href":"https:\/\/uj.adatbank.ro\/lexikon\/wp-json\/wp\/v2\/types\/product"}],"replies":[{"embeddable":true,"href":"https:\/\/uj.adatbank.ro\/lexikon\/wp-json\/wp\/v2\/comments?post=19644"}],"wp:attachment":[{"href":"https:\/\/uj.adatbank.ro\/lexikon\/wp-json\/wp\/v2\/media?parent=19644"}],"wp:term":[{"taxonomy":"product_brand","embeddable":true,"href":"https:\/\/uj.adatbank.ro\/lexikon\/wp-json\/wp\/v2\/product_brand?post=19644"},{"taxonomy":"product_cat","embeddable":true,"href":"https:\/\/uj.adatbank.ro\/lexikon\/wp-json\/wp\/v2\/product_cat?post=19644"},{"taxonomy":"product_tag","embeddable":true,"href":"https:\/\/uj.adatbank.ro\/lexikon\/wp-json\/wp\/v2\/product_tag?post=19644"}],"curies":[{"name":"wp","href":"https:\/\/api.w.org\/{rel}","templated":true}]}}