{"id":19645,"date":"2025-07-22T18:19:35","date_gmt":"2025-07-22T16:19:35","guid":{"rendered":"https:\/\/uj.adatbank.ro\/lexikon\/termek\/sandor-bela-csikszentmihalyi\/"},"modified":"2025-07-22T18:19:35","modified_gmt":"2025-07-22T16:19:35","slug":"sandor-bela-csikszentmihalyi","status":"publish","type":"product","link":"https:\/\/uj.adatbank.ro\/lexikon\/termek\/sandor-bela-csikszentmihalyi\/","title":{"rendered":"S\u00c1NDOR B\u00e9la, cs\u00edkszentmih\u00e1lyi"},"content":{"rendered":"<p>1856?, \u2020\u00a0Mez\u0151kapus, 1887. dec. 26.: \u00fcgyv\u00e9d. \u2013 Szentmih\u00e1lyi S\u00e1ndor J\u00e1nos \u00e9s Dessewffi Anna fia. \u2013 Mv.-en kir. al\u00fcgy\u00e9sz, dr. A mv.-i Tornaegyes\u00fclet megalak\u00edt\u00e1s\u00e1ban szerepet j\u00e1tszott (1883\u201384) \u00e9s a titk\u00e1ra lett. <br \/><strong>Irod.:<\/strong> Gy\u00e1szjelent\u0151; P\u00e1lmay; Sikl\u00f3ssy.<\/br><\/p>\n","protected":false},"excerpt":{"rendered":"<p>1856?, \u2020\u00a0Mez\u0151kapus, 1887. dec. 26.: \u00fcgyv\u00e9d. \u2013 Szentmih\u00e1lyi S\u00e1ndor J\u00e1nos \u00e9s Dessewffi Anna fia. \u2013 Mv.-en kir. al\u00fcgy\u00e9sz, dr. A mv.-i Tornaegyes\u00fclet megalak\u00edt\u00e1s\u00e1ban szerepet j\u00e1tszott (1883\u201384) \u00e9s a titk\u00e1ra lett. Irod.: Gy\u00e1szjelent\u0151; P\u00e1lmay; Sikl\u00f3ssy.<\/p>\n","protected":false},"featured_media":0,"comment_status":"open","ping_status":"closed","template":"","meta":[],"product_brand":[],"product_cat":[137],"product_tag":[],"class_list":{"0":"post-19645","1":"product","2":"type-product","3":"status-publish","5":"product_cat-maros-megyei-eletrajzi-lexikon","7":"first","8":"instock","9":"shipping-taxable","10":"product-type-simple"},"_links":{"self":[{"href":"https:\/\/uj.adatbank.ro\/lexikon\/wp-json\/wp\/v2\/product\/19645","targetHints":{"allow":["GET"]}}],"collection":[{"href":"https:\/\/uj.adatbank.ro\/lexikon\/wp-json\/wp\/v2\/product"}],"about":[{"href":"https:\/\/uj.adatbank.ro\/lexikon\/wp-json\/wp\/v2\/types\/product"}],"replies":[{"embeddable":true,"href":"https:\/\/uj.adatbank.ro\/lexikon\/wp-json\/wp\/v2\/comments?post=19645"}],"wp:attachment":[{"href":"https:\/\/uj.adatbank.ro\/lexikon\/wp-json\/wp\/v2\/media?parent=19645"}],"wp:term":[{"taxonomy":"product_brand","embeddable":true,"href":"https:\/\/uj.adatbank.ro\/lexikon\/wp-json\/wp\/v2\/product_brand?post=19645"},{"taxonomy":"product_cat","embeddable":true,"href":"https:\/\/uj.adatbank.ro\/lexikon\/wp-json\/wp\/v2\/product_cat?post=19645"},{"taxonomy":"product_tag","embeddable":true,"href":"https:\/\/uj.adatbank.ro\/lexikon\/wp-json\/wp\/v2\/product_tag?post=19645"}],"curies":[{"name":"wp","href":"https:\/\/api.w.org\/{rel}","templated":true}]}}