{"id":19646,"date":"2025-07-22T18:19:37","date_gmt":"2025-07-22T16:19:37","guid":{"rendered":"https:\/\/uj.adatbank.ro\/lexikon\/termek\/sandor-bela-%c2%a7-csikszentdomokosi-es-csikszentmihalyi\/"},"modified":"2025-07-22T18:19:37","modified_gmt":"2025-07-22T16:19:37","slug":"sandor-bela-%c2%a7-csikszentdomokosi-es-csikszentmihalyi","status":"publish","type":"product","link":"https:\/\/uj.adatbank.ro\/lexikon\/termek\/sandor-bela-%c2%a7-csikszentdomokosi-es-csikszentmihalyi\/","title":{"rendered":"S\u00c1NDOR B\u00e9la, \u00a7 cs\u00edkszentdomokosi \u00e9s cs\u00edkszentmih\u00e1lyi"},"content":{"rendered":"<p>Mez\u0151kapus, 1894. \u00e1pr. 22, \u2020\u00a0B\u00e2ton Rouge (USA), 1957: vez\u00e9rigazgat\u00f3, m\u00e9rn\u00f6k. \u2013 K\u00f6z\u00e9piskol\u00e1it mag\u00e1ntanul\u00f3k\u00e9nt v\u00e9gezte, Bp.-en \u00e9retts\u00e9gizett, majd a Lipcsei Kereskedelmi Akad\u00e9mi\u00e1n a Handelshochschul\u00e9ban szerzett diplom\u00e1t (1912\u20131913), jogot a kv.-i egyetemen v\u00e9gzett. Az els\u0151 vh.-ban a 9. honv\u00e9d husz\u00e1rezredn\u00e9l (1914\u2013) szolg\u00e1lt, majd rep\u00fcl\u0151csapatokn\u00e1l megfigyel\u0151, k\u00e9s\u0151bb pil\u00f3tatiszt volt az orosz fronton (1915\u2013). <strong>Kit\u00fcntet\u00e9sei:<\/strong> II. o. ez\u00fcst v. \u00e9, bronz v. \u00e9., ez\u00fcst Signum Laudis pil\u00f3ta kit\u00fcntet\u00e9s, az Arany Sarkanty\u00fas rendjel a Szent Istv\u00e1n rend szalagj\u00e1n. Feles\u00e9ge zejkfalvi Zeyk Margit, akinek birtok\u00e1n Ajtonban gazd\u00e1lkodott. Kereskedelmi p\u00e1ly\u00e1ra l\u00e9pett (1920) a Kv.-i Takar\u00e9kp\u00e9nzt\u00e1rn\u00e1l \u00e9s Hitelbankn\u00e1l, a tordai \u00e9s dics\u0151szentm\u00e1rtoni f\u00f6ldg\u00e1zt\u00e1rsas\u00e1gok vez\u00e9rigazgat\u00f3ja, a Rom\u00e1n F\u00f6ldg\u00e1zipari Rt igazgat\u00f3ja, k\u00e9s\u0151bb az Erd\u00e9lyi \u00e9s B\u00e1n\u00e1ti S\u00f6rkartell igazgat\u00f3ja, a Minerva Biztos\u00edt\u00f3 Rt. vez\u00e9rigazgat\u00f3ja (1930\u2013) volt. Az Erd\u00e9lyi R. K. St\u00e1tusgy\u0171l\u00e9s tagja, a N\u00e9psz\u00f6vets\u00e9g kv.-i tagozat\u00e1nak eln\u00f6ke, a r. k. egyh\u00e1zk\u00f6zs\u00e9g v\u00e1lasztm\u00e1nyi tagja, a Kv.-i Kaszin\u00f3 (M\u00e1gn\u00e1s Kaszin\u00f3) v\u00e1lasztm\u00e1nyi tagja, \u00e9s sz\u00e1mos m\u00e1s t\u00e1rsadalmi, kultur\u00e1lis, ipari \u00e9s kereskedelmi int\u00e9zm\u00e9ny vezet\u0151s\u00e9g\u00e9ben foglalt helyet. Elhagyta Erd\u00e9lyt (1944-ben), \u00c9szak-Amerik\u00e1ban telepedett le a csal\u00e1dj\u00e1val. Gyermekei: Etelka (1919\u2013), Judit (1920\u2013), Margit (1921\u2013) Istv\u00e1n (19\u2013). <br \/><strong>Irod.:<\/strong> EM; Kornis; P\u00e1lmay, Sikl\u00f3ssy.<\/br><\/p>\n","protected":false},"excerpt":{"rendered":"<p>Mez\u0151kapus, 1894. \u00e1pr. 22, \u2020\u00a0B\u00e2ton Rouge (USA), 1957: vez\u00e9rigazgat\u00f3, m\u00e9rn\u00f6k. \u2013 K\u00f6z\u00e9piskol\u00e1it mag\u00e1ntanul\u00f3k\u00e9nt v\u00e9gezte, Bp.-en \u00e9retts\u00e9gizett, majd a Lipcsei Kereskedelmi Akad\u00e9mi\u00e1n a Handelshochschul\u00e9ban szerzett diplom\u00e1t (1912\u20131913), jogot a kv.-i egyetemen v\u00e9gzett. Az els\u0151 vh.-ban a 9. honv\u00e9d husz\u00e1rezredn\u00e9l (1914\u2013) szolg\u00e1lt, majd rep\u00fcl\u0151csapatokn\u00e1l megfigyel\u0151, k\u00e9s\u0151bb pil\u00f3tatiszt volt az orosz fronton (1915\u2013). Kit\u00fcntet\u00e9sei: II. o. ez\u00fcst v. [&hellip;]<\/p>\n","protected":false},"featured_media":0,"comment_status":"open","ping_status":"closed","template":"","meta":[],"product_brand":[],"product_cat":[137],"product_tag":[],"class_list":{"0":"post-19646","1":"product","2":"type-product","3":"status-publish","5":"product_cat-maros-megyei-eletrajzi-lexikon","7":"first","8":"instock","9":"shipping-taxable","10":"product-type-simple"},"_links":{"self":[{"href":"https:\/\/uj.adatbank.ro\/lexikon\/wp-json\/wp\/v2\/product\/19646","targetHints":{"allow":["GET"]}}],"collection":[{"href":"https:\/\/uj.adatbank.ro\/lexikon\/wp-json\/wp\/v2\/product"}],"about":[{"href":"https:\/\/uj.adatbank.ro\/lexikon\/wp-json\/wp\/v2\/types\/product"}],"replies":[{"embeddable":true,"href":"https:\/\/uj.adatbank.ro\/lexikon\/wp-json\/wp\/v2\/comments?post=19646"}],"wp:attachment":[{"href":"https:\/\/uj.adatbank.ro\/lexikon\/wp-json\/wp\/v2\/media?parent=19646"}],"wp:term":[{"taxonomy":"product_brand","embeddable":true,"href":"https:\/\/uj.adatbank.ro\/lexikon\/wp-json\/wp\/v2\/product_brand?post=19646"},{"taxonomy":"product_cat","embeddable":true,"href":"https:\/\/uj.adatbank.ro\/lexikon\/wp-json\/wp\/v2\/product_cat?post=19646"},{"taxonomy":"product_tag","embeddable":true,"href":"https:\/\/uj.adatbank.ro\/lexikon\/wp-json\/wp\/v2\/product_tag?post=19646"}],"curies":[{"name":"wp","href":"https:\/\/api.w.org\/{rel}","templated":true}]}}