{"id":19658,"date":"2025-07-22T18:20:03","date_gmt":"2025-07-22T16:20:03","guid":{"rendered":"https:\/\/uj.adatbank.ro\/lexikon\/termek\/sandor-gergely-3\/"},"modified":"2025-07-22T18:20:03","modified_gmt":"2025-07-22T16:20:03","slug":"sandor-gergely-3","status":"publish","type":"product","link":"https:\/\/uj.adatbank.ro\/lexikon\/termek\/sandor-gergely-3\/","title":{"rendered":"S\u00c1NDOR Gergely"},"content":{"rendered":"<p>? \u2020?: ref. lelk\u00e9sz. \u2013 Csekefalv\u00e1r\u00f3l ker\u00fclt B\u00f6z\u00f6dre, ahol szolg\u00e1lt (1846\u201377). <br \/><strong>Irod.:<\/strong> Koncz 1905.<\/br><\/p>\n","protected":false},"excerpt":{"rendered":"<p>? \u2020?: ref. lelk\u00e9sz. \u2013 Csekefalv\u00e1r\u00f3l ker\u00fclt B\u00f6z\u00f6dre, ahol szolg\u00e1lt (1846\u201377). Irod.: Koncz 1905.<\/p>\n","protected":false},"featured_media":0,"comment_status":"open","ping_status":"closed","template":"","meta":[],"product_brand":[],"product_cat":[137],"product_tag":[],"class_list":{"0":"post-19658","1":"product","2":"type-product","3":"status-publish","5":"product_cat-maros-megyei-eletrajzi-lexikon","7":"first","8":"instock","9":"shipping-taxable","10":"product-type-simple"},"_links":{"self":[{"href":"https:\/\/uj.adatbank.ro\/lexikon\/wp-json\/wp\/v2\/product\/19658","targetHints":{"allow":["GET"]}}],"collection":[{"href":"https:\/\/uj.adatbank.ro\/lexikon\/wp-json\/wp\/v2\/product"}],"about":[{"href":"https:\/\/uj.adatbank.ro\/lexikon\/wp-json\/wp\/v2\/types\/product"}],"replies":[{"embeddable":true,"href":"https:\/\/uj.adatbank.ro\/lexikon\/wp-json\/wp\/v2\/comments?post=19658"}],"wp:attachment":[{"href":"https:\/\/uj.adatbank.ro\/lexikon\/wp-json\/wp\/v2\/media?parent=19658"}],"wp:term":[{"taxonomy":"product_brand","embeddable":true,"href":"https:\/\/uj.adatbank.ro\/lexikon\/wp-json\/wp\/v2\/product_brand?post=19658"},{"taxonomy":"product_cat","embeddable":true,"href":"https:\/\/uj.adatbank.ro\/lexikon\/wp-json\/wp\/v2\/product_cat?post=19658"},{"taxonomy":"product_tag","embeddable":true,"href":"https:\/\/uj.adatbank.ro\/lexikon\/wp-json\/wp\/v2\/product_tag?post=19658"}],"curies":[{"name":"wp","href":"https:\/\/api.w.org\/{rel}","templated":true}]}}