{"id":19659,"date":"2025-07-22T18:20:05","date_gmt":"2025-07-22T16:20:05","guid":{"rendered":"https:\/\/uj.adatbank.ro\/lexikon\/termek\/sandor-gergely-4\/"},"modified":"2025-07-22T18:20:05","modified_gmt":"2025-07-22T16:20:05","slug":"sandor-gergely-4","status":"publish","type":"product","link":"https:\/\/uj.adatbank.ro\/lexikon\/termek\/sandor-gergely-4\/","title":{"rendered":"S\u00c1NDOR Gergely"},"content":{"rendered":"<p>? \u2020?: sz\u00e1zados. \u2013 Feles\u00e9ge: cs\u00edkszentmih\u00e1lyi, Budi M\u00e1ria Magdal\u00e9na (1822? \u2013). Gyermekeik: S. Gyula, feles\u00e9ge Cs\u00e1ki M\u00e1ria; S. M\u00e1ria Vajda Gyul\u00e1n\u00e9. <br \/><strong>Irod.:<\/strong> Gy\u00e1szjelent\u0151.<\/br><\/p>\n","protected":false},"excerpt":{"rendered":"<p>? \u2020?: sz\u00e1zados. \u2013 Feles\u00e9ge: cs\u00edkszentmih\u00e1lyi, Budi M\u00e1ria Magdal\u00e9na (1822? \u2013). Gyermekeik: S. Gyula, feles\u00e9ge Cs\u00e1ki M\u00e1ria; S. M\u00e1ria Vajda Gyul\u00e1n\u00e9. Irod.: Gy\u00e1szjelent\u0151.<\/p>\n","protected":false},"featured_media":0,"comment_status":"open","ping_status":"closed","template":"","meta":[],"product_brand":[],"product_cat":[137],"product_tag":[],"class_list":{"0":"post-19659","1":"product","2":"type-product","3":"status-publish","5":"product_cat-maros-megyei-eletrajzi-lexikon","7":"first","8":"instock","9":"shipping-taxable","10":"product-type-simple"},"_links":{"self":[{"href":"https:\/\/uj.adatbank.ro\/lexikon\/wp-json\/wp\/v2\/product\/19659","targetHints":{"allow":["GET"]}}],"collection":[{"href":"https:\/\/uj.adatbank.ro\/lexikon\/wp-json\/wp\/v2\/product"}],"about":[{"href":"https:\/\/uj.adatbank.ro\/lexikon\/wp-json\/wp\/v2\/types\/product"}],"replies":[{"embeddable":true,"href":"https:\/\/uj.adatbank.ro\/lexikon\/wp-json\/wp\/v2\/comments?post=19659"}],"wp:attachment":[{"href":"https:\/\/uj.adatbank.ro\/lexikon\/wp-json\/wp\/v2\/media?parent=19659"}],"wp:term":[{"taxonomy":"product_brand","embeddable":true,"href":"https:\/\/uj.adatbank.ro\/lexikon\/wp-json\/wp\/v2\/product_brand?post=19659"},{"taxonomy":"product_cat","embeddable":true,"href":"https:\/\/uj.adatbank.ro\/lexikon\/wp-json\/wp\/v2\/product_cat?post=19659"},{"taxonomy":"product_tag","embeddable":true,"href":"https:\/\/uj.adatbank.ro\/lexikon\/wp-json\/wp\/v2\/product_tag?post=19659"}],"curies":[{"name":"wp","href":"https:\/\/api.w.org\/{rel}","templated":true}]}}