{"id":1966,"date":"2025-06-28T11:59:29","date_gmt":"2025-06-28T09:59:29","guid":{"rendered":"https:\/\/uj.adatbank.ro\/lexikon\/termek\/balazs-ferenc\/"},"modified":"2025-06-28T11:59:29","modified_gmt":"2025-06-28T09:59:29","slug":"balazs-ferenc","status":"publish","type":"product","link":"https:\/\/uj.adatbank.ro\/lexikon\/termek\/balazs-ferenc\/","title":{"rendered":"BAL\u00c1ZS Ferenc"},"content":{"rendered":"<p>Marosv\u00e9cs, 1767., \u2020\u00a0Disznaj\u00f3, 1812. jan. 12.: tan\u00edt\u00f3. \u2013 P\u00f3kakereszt\u00faron (1788\u201393), Marosfelfaluban (1794\u201397 \u2013orgonista is) \u00e9s Disznaj\u00f3n hal\u00e1l\u00e1ig (\u20131812. jan 12.) volt mester. <br \/><strong>Irod.:<\/strong> \u0150sz<\/br><\/p>\n","protected":false},"excerpt":{"rendered":"<p>Marosv\u00e9cs, 1767., \u2020\u00a0Disznaj\u00f3, 1812. jan. 12.: tan\u00edt\u00f3. \u2013 P\u00f3kakereszt\u00faron (1788\u201393), Marosfelfaluban (1794\u201397 \u2013orgonista is) \u00e9s Disznaj\u00f3n hal\u00e1l\u00e1ig (\u20131812. jan 12.) volt mester. Irod.: \u0150sz<\/p>\n","protected":false},"featured_media":0,"comment_status":"open","ping_status":"closed","template":"","meta":[],"product_brand":[],"product_cat":[137],"product_tag":[],"class_list":{"0":"post-1966","1":"product","2":"type-product","3":"status-publish","5":"product_cat-maros-megyei-eletrajzi-lexikon","7":"first","8":"instock","9":"shipping-taxable","10":"product-type-simple"},"_links":{"self":[{"href":"https:\/\/uj.adatbank.ro\/lexikon\/wp-json\/wp\/v2\/product\/1966","targetHints":{"allow":["GET"]}}],"collection":[{"href":"https:\/\/uj.adatbank.ro\/lexikon\/wp-json\/wp\/v2\/product"}],"about":[{"href":"https:\/\/uj.adatbank.ro\/lexikon\/wp-json\/wp\/v2\/types\/product"}],"replies":[{"embeddable":true,"href":"https:\/\/uj.adatbank.ro\/lexikon\/wp-json\/wp\/v2\/comments?post=1966"}],"wp:attachment":[{"href":"https:\/\/uj.adatbank.ro\/lexikon\/wp-json\/wp\/v2\/media?parent=1966"}],"wp:term":[{"taxonomy":"product_brand","embeddable":true,"href":"https:\/\/uj.adatbank.ro\/lexikon\/wp-json\/wp\/v2\/product_brand?post=1966"},{"taxonomy":"product_cat","embeddable":true,"href":"https:\/\/uj.adatbank.ro\/lexikon\/wp-json\/wp\/v2\/product_cat?post=1966"},{"taxonomy":"product_tag","embeddable":true,"href":"https:\/\/uj.adatbank.ro\/lexikon\/wp-json\/wp\/v2\/product_tag?post=1966"}],"curies":[{"name":"wp","href":"https:\/\/api.w.org\/{rel}","templated":true}]}}