{"id":19662,"date":"2025-07-22T18:20:15","date_gmt":"2025-07-22T16:20:15","guid":{"rendered":"https:\/\/uj.adatbank.ro\/lexikon\/termek\/sandor-gyula-csikszentmihalyi\/"},"modified":"2025-07-22T18:20:15","modified_gmt":"2025-07-22T16:20:15","slug":"sandor-gyula-csikszentmihalyi","status":"publish","type":"product","link":"https:\/\/uj.adatbank.ro\/lexikon\/termek\/sandor-gyula-csikszentmihalyi\/","title":{"rendered":"S\u00c1NDOR Gyula, cs\u00edkszentmih\u00e1lyi"},"content":{"rendered":"<p>? \u2020?: ? \u2013 Feles\u00e9ge: 1. S\u00e1ntha Katalin (1857? \u2013 Sz\u00f6v\u00e9rd, 1880. m\u00e1j. 23.). Gyermeke Irma. 2. Sz\u00e1nt\u00f3 Zsuzs\u00e1nna (1856? \u2013 Sz\u00f6v\u00e9rd, 1885. szept. 7.). Gyermeke: Gyula. <br \/><strong>Irod.:<\/strong> Gy\u00e1szjelent\u0151.<\/br><\/p>\n","protected":false},"excerpt":{"rendered":"<p>? \u2020?: ? \u2013 Feles\u00e9ge: 1. S\u00e1ntha Katalin (1857? \u2013 Sz\u00f6v\u00e9rd, 1880. m\u00e1j. 23.). Gyermeke Irma. 2. Sz\u00e1nt\u00f3 Zsuzs\u00e1nna (1856? \u2013 Sz\u00f6v\u00e9rd, 1885. szept. 7.). Gyermeke: Gyula. Irod.: Gy\u00e1szjelent\u0151.<\/p>\n","protected":false},"featured_media":0,"comment_status":"open","ping_status":"closed","template":"","meta":[],"product_brand":[],"product_cat":[137],"product_tag":[],"class_list":{"0":"post-19662","1":"product","2":"type-product","3":"status-publish","5":"product_cat-maros-megyei-eletrajzi-lexikon","7":"first","8":"instock","9":"shipping-taxable","10":"product-type-simple"},"_links":{"self":[{"href":"https:\/\/uj.adatbank.ro\/lexikon\/wp-json\/wp\/v2\/product\/19662","targetHints":{"allow":["GET"]}}],"collection":[{"href":"https:\/\/uj.adatbank.ro\/lexikon\/wp-json\/wp\/v2\/product"}],"about":[{"href":"https:\/\/uj.adatbank.ro\/lexikon\/wp-json\/wp\/v2\/types\/product"}],"replies":[{"embeddable":true,"href":"https:\/\/uj.adatbank.ro\/lexikon\/wp-json\/wp\/v2\/comments?post=19662"}],"wp:attachment":[{"href":"https:\/\/uj.adatbank.ro\/lexikon\/wp-json\/wp\/v2\/media?parent=19662"}],"wp:term":[{"taxonomy":"product_brand","embeddable":true,"href":"https:\/\/uj.adatbank.ro\/lexikon\/wp-json\/wp\/v2\/product_brand?post=19662"},{"taxonomy":"product_cat","embeddable":true,"href":"https:\/\/uj.adatbank.ro\/lexikon\/wp-json\/wp\/v2\/product_cat?post=19662"},{"taxonomy":"product_tag","embeddable":true,"href":"https:\/\/uj.adatbank.ro\/lexikon\/wp-json\/wp\/v2\/product_tag?post=19662"}],"curies":[{"name":"wp","href":"https:\/\/api.w.org\/{rel}","templated":true}]}}