{"id":19663,"date":"2025-07-22T18:20:17","date_gmt":"2025-07-22T16:20:17","guid":{"rendered":"https:\/\/uj.adatbank.ro\/lexikon\/termek\/sandor-imre-csikszentmihalyi\/"},"modified":"2025-07-22T18:20:17","modified_gmt":"2025-07-22T16:20:17","slug":"sandor-imre-csikszentmihalyi","status":"publish","type":"product","link":"https:\/\/uj.adatbank.ro\/lexikon\/termek\/sandor-imre-csikszentmihalyi\/","title":{"rendered":"S\u00c1NDOR Imre, cs\u00edkszentmih\u00e1lyi"},"content":{"rendered":"<p>1877, \u2020\u00a019?: tan\u00edt\u00f3. \u2013 Szentdemeterben tan\u00edtott m\u00e1r 28 \u00e9ve (1932). a Geneal\u00f3giai f\u00fczetek szerkeszt\u0151je Kv.-on. \u2013 <strong>F. m.<\/strong>: A sz\u00e9plaki Petrichevich-Horv\u00e1th csal\u00e1d (Kv., 1908); Erd\u00e9ly p\u00e9nzvil\u00e1ga (Kv., 1910); Cz\u00edmerlevelek (Kv., 1910\u201312). <br \/><strong>Irod.:<\/strong> F\u00fcl\u00f6p\u2013Ferencz; Maros-k\u00fck\u00fcll\u0151i f\u0151esp.; P\u00e1lmai.<\/br><\/p>\n","protected":false},"excerpt":{"rendered":"<p>1877, \u2020\u00a019?: tan\u00edt\u00f3. \u2013 Szentdemeterben tan\u00edtott m\u00e1r 28 \u00e9ve (1932). a Geneal\u00f3giai f\u00fczetek szerkeszt\u0151je Kv.-on. \u2013 F. m.: A sz\u00e9plaki Petrichevich-Horv\u00e1th csal\u00e1d (Kv., 1908); Erd\u00e9ly p\u00e9nzvil\u00e1ga (Kv., 1910); Cz\u00edmerlevelek (Kv., 1910\u201312). Irod.: F\u00fcl\u00f6p\u2013Ferencz; Maros-k\u00fck\u00fcll\u0151i f\u0151esp.; P\u00e1lmai.<\/p>\n","protected":false},"featured_media":0,"comment_status":"open","ping_status":"closed","template":"","meta":[],"product_brand":[],"product_cat":[137],"product_tag":[],"class_list":{"0":"post-19663","1":"product","2":"type-product","3":"status-publish","5":"product_cat-maros-megyei-eletrajzi-lexikon","7":"first","8":"instock","9":"shipping-taxable","10":"product-type-simple"},"_links":{"self":[{"href":"https:\/\/uj.adatbank.ro\/lexikon\/wp-json\/wp\/v2\/product\/19663","targetHints":{"allow":["GET"]}}],"collection":[{"href":"https:\/\/uj.adatbank.ro\/lexikon\/wp-json\/wp\/v2\/product"}],"about":[{"href":"https:\/\/uj.adatbank.ro\/lexikon\/wp-json\/wp\/v2\/types\/product"}],"replies":[{"embeddable":true,"href":"https:\/\/uj.adatbank.ro\/lexikon\/wp-json\/wp\/v2\/comments?post=19663"}],"wp:attachment":[{"href":"https:\/\/uj.adatbank.ro\/lexikon\/wp-json\/wp\/v2\/media?parent=19663"}],"wp:term":[{"taxonomy":"product_brand","embeddable":true,"href":"https:\/\/uj.adatbank.ro\/lexikon\/wp-json\/wp\/v2\/product_brand?post=19663"},{"taxonomy":"product_cat","embeddable":true,"href":"https:\/\/uj.adatbank.ro\/lexikon\/wp-json\/wp\/v2\/product_cat?post=19663"},{"taxonomy":"product_tag","embeddable":true,"href":"https:\/\/uj.adatbank.ro\/lexikon\/wp-json\/wp\/v2\/product_tag?post=19663"}],"curies":[{"name":"wp","href":"https:\/\/api.w.org\/{rel}","templated":true}]}}