{"id":19666,"date":"2025-07-22T18:20:24","date_gmt":"2025-07-22T16:20:24","guid":{"rendered":"https:\/\/uj.adatbank.ro\/lexikon\/termek\/sandor-istvan-3\/"},"modified":"2025-07-22T18:20:24","modified_gmt":"2025-07-22T16:20:24","slug":"sandor-istvan-3","status":"publish","type":"product","link":"https:\/\/uj.adatbank.ro\/lexikon\/termek\/sandor-istvan-3\/","title":{"rendered":"S\u00c1NDOR Istv\u00e1n"},"content":{"rendered":"<p>Nagyv\u00e1rad, 1927. m\u00e1j. 16., \u2020\u00a02015.: orvos, embriol\u00f3gus. \u2013 Az auschwitzi hal\u00e1lt\u00e1borb\u00f3l szabadult tizenhat \u00e9vesen. K\u00f6z\u00e9piskol\u00e1it sz\u00fcl\u0151v\u00e1ros\u00e1ban, a Kecskem\u00e9ti Lip\u00f3tr\u00f3l elnevezett l\u00edc.-ban v\u00e9gezte; a deport\u00e1l\u00e1sb\u00f3l hazat\u00e9rve \u00e9retts\u00e9gi vizsg\u00e1t Kv.-on tett (1945). Az egyetemet a MOGYI-n v\u00e9gezte (1946\u20131951); az orvostudom\u00e1nyok doktora (1956); docens doktor (1974) A mv.-i K\u00f3rbonctani Int\u00e9zetben dolgozott mint gyakornok, tan\u00e1rseg\u00e9d (1948\u201353). Temesv\u00e1ron az IMF-\u00e1n tev\u00e9kenykedett (1953\u2013). Tudom\u00e1nyos kutat\u00f3 (1956\u2013) a temesv\u00e1ri Embriol\u00f3giai Kutat\u00f3 Int\u00e9zet laborat\u00f3rium\u00e1ban, szekci\u00f3f\u0151n\u00f6k, laborat\u00f3rium vezet\u0151 (1970). Kutat\u00e1si ter\u00fclete: embriol\u00f3gia, teratol\u00f3gia, teratogenezis \u2013 7 k\u00fclf\u00f6ld\u00f6n publik\u00e1lt m\u0171 t\u00e1rsszerz\u0151je, 12 tudom\u00e1nyos film szerz\u0151je, t\u00f6bb mint 120 tudom\u00e1nyos dolgozatot mutatott be \u00e9s k\u00f6z\u00f6lt foly\u00f3iratokban. A Rom\u00e1n Orvostudom\u00e1nyi Akad\u00e9mia rendes tagja (1991). Megv\u00e1lasztott\u00e1k a Rom\u00e1n Tud. Akad. rendes tagj\u00e1v\u00e1 (1991). Az akad. Nicolae Simionescu-d\u00edj\u00e1t (1997), az akad. \u00e9letm\u0171 d\u00edj\u00e1t (2002) kapta meg. Munka\u00e9rdemrend, Eg\u00e9szs\u00e9g\u00fcgyi \u00c9rdemrend III. fok. \u00e9s V. Babes d\u00edj kit\u00fcntetettje. Tagja a Nemzetk\u00f6zi Biol\u00f3giai T\u00e1rsas\u00e1gnak, aleln\u00f6ke a Nemzeti Sejtbiol\u00f3gia T\u00e1rsas\u00e1gnak, vezet\u0151s\u00e9gi tagja a Nemzetk\u00f6zi Teratol\u00f3giai T\u00e1rsas\u00e1gnak.A P\u00e1pai P\u00e1riz Ferenc Alap\u00edtv\u00e1ny D\u00edjazottja (2003). \u2013 <strong>F. m.<\/strong>: \u00centr-o pic\u0103tur\u0103 de s\u00e2nge. (Buc., 1962.); Transplant\u0103ri de \u0163esuturi \u015fi organe. File dintr-un jurnal neobi\u015fnuit. (Buc., 1963.); A sz\u00f6vetek \u00e9s szervek \u00e1t\u00fcltet\u00e9se (Buk., 1966); Malforma\u0163ii \u015fi mon\u015ftrii. Legend\u0103 \u015fi adev\u0103r. (Buc., 1970.); Via\u0163a dinaintea na\u015fterii. (Timi\u015foara, 1974.); Az egy sejtt\u0151l a t\u00f6bb szervig (Kv., 1974); <strong>t\u00e1rssz.:<\/strong> \u00c1ltal\u00e1nos k\u00f3rbonctani jegyzet. (Mv., 1952.); Probleme de morfopatologie. (Buc., 1953.); \u00c1ltal\u00e1nos k\u00f3rbonctan. \u2013 2., r\u00e9szben m\u00f3dos\u00edtott kiad. (Mv., 1956.); R\u00e9szletes k\u00f3rbonctani jegyzet. 1\u20132. k\u00f6t. (Elekes Magda, R\u00f3na L\u00e1szl\u00f3, Mv., 1953\u20131954.); R\u00e9szletes k\u00f3rbonctan. 1\u20132. (Mv., 1957); Embriologia \u015fi teratologia experimental\u0103 a mamiferelor de laborator (Buc., 1984.); Embrio \u015fi fetopatia alcoholic\u0103 (Buc., 1993). <br \/><strong>Irod.:<\/strong> B\u00e1r\u00e1nyi Ferenc: Prof.Dr.Doc. S\u00e1ndor Istv\u00e1n, PhD.= D\u00edjazottaink; TETT (1983 \/3); Todea.<\/br><\/p>\n","protected":false},"excerpt":{"rendered":"<p>Nagyv\u00e1rad, 1927. m\u00e1j. 16., \u2020\u00a02015.: orvos, embriol\u00f3gus. \u2013 Az auschwitzi hal\u00e1lt\u00e1borb\u00f3l szabadult tizenhat \u00e9vesen. K\u00f6z\u00e9piskol\u00e1it sz\u00fcl\u0151v\u00e1ros\u00e1ban, a Kecskem\u00e9ti Lip\u00f3tr\u00f3l elnevezett l\u00edc.-ban v\u00e9gezte; a deport\u00e1l\u00e1sb\u00f3l hazat\u00e9rve \u00e9retts\u00e9gi vizsg\u00e1t Kv.-on tett (1945). Az egyetemet a MOGYI-n v\u00e9gezte (1946\u20131951); az orvostudom\u00e1nyok doktora (1956); docens doktor (1974) A mv.-i K\u00f3rbonctani Int\u00e9zetben dolgozott mint gyakornok, tan\u00e1rseg\u00e9d (1948\u201353). Temesv\u00e1ron az IMF-\u00e1n [&hellip;]<\/p>\n","protected":false},"featured_media":0,"comment_status":"open","ping_status":"closed","template":"","meta":[],"product_brand":[],"product_cat":[137],"product_tag":[],"class_list":{"0":"post-19666","1":"product","2":"type-product","3":"status-publish","5":"product_cat-maros-megyei-eletrajzi-lexikon","7":"first","8":"instock","9":"shipping-taxable","10":"product-type-simple"},"_links":{"self":[{"href":"https:\/\/uj.adatbank.ro\/lexikon\/wp-json\/wp\/v2\/product\/19666","targetHints":{"allow":["GET"]}}],"collection":[{"href":"https:\/\/uj.adatbank.ro\/lexikon\/wp-json\/wp\/v2\/product"}],"about":[{"href":"https:\/\/uj.adatbank.ro\/lexikon\/wp-json\/wp\/v2\/types\/product"}],"replies":[{"embeddable":true,"href":"https:\/\/uj.adatbank.ro\/lexikon\/wp-json\/wp\/v2\/comments?post=19666"}],"wp:attachment":[{"href":"https:\/\/uj.adatbank.ro\/lexikon\/wp-json\/wp\/v2\/media?parent=19666"}],"wp:term":[{"taxonomy":"product_brand","embeddable":true,"href":"https:\/\/uj.adatbank.ro\/lexikon\/wp-json\/wp\/v2\/product_brand?post=19666"},{"taxonomy":"product_cat","embeddable":true,"href":"https:\/\/uj.adatbank.ro\/lexikon\/wp-json\/wp\/v2\/product_cat?post=19666"},{"taxonomy":"product_tag","embeddable":true,"href":"https:\/\/uj.adatbank.ro\/lexikon\/wp-json\/wp\/v2\/product_tag?post=19666"}],"curies":[{"name":"wp","href":"https:\/\/api.w.org\/{rel}","templated":true}]}}