{"id":19667,"date":"2025-07-22T18:20:25","date_gmt":"2025-07-22T16:20:25","guid":{"rendered":"https:\/\/uj.adatbank.ro\/lexikon\/termek\/sandor-istvan-csikszentmihalyi\/"},"modified":"2025-07-22T18:20:25","modified_gmt":"2025-07-22T16:20:25","slug":"sandor-istvan-csikszentmihalyi","status":"publish","type":"product","link":"https:\/\/uj.adatbank.ro\/lexikon\/termek\/sandor-istvan-csikszentmihalyi\/","title":{"rendered":"S\u00c1NDOR Istv\u00e1n, cs\u00edkszentmih\u00e1lyi"},"content":{"rendered":"<p>Dics\u0151szentm\u00e1rton,\u00a01896. m\u00e1j. 28., \u2020?: z\u00e1szl\u00f3s. \u2013 R\u00e9szt vett az I. vh.-ban (1915. j\u00fan. 1.\u2013), a hadifogs\u00e1gb\u00f3l visszat\u00e9rt (1918. j\u00fan.\u2013). Utols\u00f3 tulajdonosa volt a mez\u0151kapusi S\u00e1ndor udvarh\u00e1znak. <br \/><strong>Irod.:<\/strong> Keresztes Gyula: \u00d6r\u00f6ks\u00e9g\u00fcnk 59.: A Mez\u0151s\u00e9g udvarh\u00e1zai (N\u00fa., 1994. j\u00fal. 15.); Koszta; P\u00e1lmay.<\/br><\/p>\n","protected":false},"excerpt":{"rendered":"<p>Dics\u0151szentm\u00e1rton,\u00a01896. m\u00e1j. 28., \u2020?: z\u00e1szl\u00f3s. \u2013 R\u00e9szt vett az I. vh.-ban (1915. j\u00fan. 1.\u2013), a hadifogs\u00e1gb\u00f3l visszat\u00e9rt (1918. j\u00fan.\u2013). Utols\u00f3 tulajdonosa volt a mez\u0151kapusi S\u00e1ndor udvarh\u00e1znak. Irod.: Keresztes Gyula: \u00d6r\u00f6ks\u00e9g\u00fcnk 59.: A Mez\u0151s\u00e9g udvarh\u00e1zai (N\u00fa., 1994. j\u00fal. 15.); Koszta; P\u00e1lmay.<\/p>\n","protected":false},"featured_media":0,"comment_status":"open","ping_status":"closed","template":"","meta":[],"product_brand":[],"product_cat":[137],"product_tag":[],"class_list":{"0":"post-19667","1":"product","2":"type-product","3":"status-publish","5":"product_cat-maros-megyei-eletrajzi-lexikon","7":"first","8":"instock","9":"shipping-taxable","10":"product-type-simple"},"_links":{"self":[{"href":"https:\/\/uj.adatbank.ro\/lexikon\/wp-json\/wp\/v2\/product\/19667","targetHints":{"allow":["GET"]}}],"collection":[{"href":"https:\/\/uj.adatbank.ro\/lexikon\/wp-json\/wp\/v2\/product"}],"about":[{"href":"https:\/\/uj.adatbank.ro\/lexikon\/wp-json\/wp\/v2\/types\/product"}],"replies":[{"embeddable":true,"href":"https:\/\/uj.adatbank.ro\/lexikon\/wp-json\/wp\/v2\/comments?post=19667"}],"wp:attachment":[{"href":"https:\/\/uj.adatbank.ro\/lexikon\/wp-json\/wp\/v2\/media?parent=19667"}],"wp:term":[{"taxonomy":"product_brand","embeddable":true,"href":"https:\/\/uj.adatbank.ro\/lexikon\/wp-json\/wp\/v2\/product_brand?post=19667"},{"taxonomy":"product_cat","embeddable":true,"href":"https:\/\/uj.adatbank.ro\/lexikon\/wp-json\/wp\/v2\/product_cat?post=19667"},{"taxonomy":"product_tag","embeddable":true,"href":"https:\/\/uj.adatbank.ro\/lexikon\/wp-json\/wp\/v2\/product_tag?post=19667"}],"curies":[{"name":"wp","href":"https:\/\/api.w.org\/{rel}","templated":true}]}}