{"id":19668,"date":"2025-07-22T18:20:27","date_gmt":"2025-07-22T16:20:27","guid":{"rendered":"https:\/\/uj.adatbank.ro\/lexikon\/termek\/sandor-istvan-lokodi\/"},"modified":"2025-07-22T18:20:27","modified_gmt":"2025-07-22T16:20:27","slug":"sandor-istvan-lokodi","status":"publish","type":"product","link":"https:\/\/uj.adatbank.ro\/lexikon\/termek\/sandor-istvan-lokodi\/","title":{"rendered":"S\u00c1NDOR Istv\u00e1n, lokodi"},"content":{"rendered":"<p>? \u2020?: marosszentkir\u00e1lyi unit. esperes-lelk\u00e9sz. \u2013 <strong>F. m.<\/strong>: Nefelejts vir\u00e1gocska, melyet \u00c1brah\u00e1mfalvi Ugron P\u00e1l \u00farfinak sirhalm\u00e1ra k\u00f6nnyeivel \u00f6nt\u00f6zve \u00fcltetett Kisasszony hava 2-ik napj\u00e1n 1829.ben (Mv., 1829); Oratio (Mv., 1831); Newton, vagy nagy ember k\u00e9pe egy \u00e9rtekez\u00e9sben &#8230; a kv.-i unit\u00e1rius nemes koll\u00e9gyom nagy auditoroum\u00e1ban az 1826-dik \u00e9v B\u00f6jtm\u00e1shav\u00e1nak 17. el is mondott L. S. I. (Mv., 1831). <br \/><strong>Irod.:<\/strong> Kr\u00f3n. F\u00fcz. (1939. 4\/6).<\/br><\/p>\n","protected":false},"excerpt":{"rendered":"<p>? \u2020?: marosszentkir\u00e1lyi unit. esperes-lelk\u00e9sz. \u2013 F. m.: Nefelejts vir\u00e1gocska, melyet \u00c1brah\u00e1mfalvi Ugron P\u00e1l \u00farfinak sirhalm\u00e1ra k\u00f6nnyeivel \u00f6nt\u00f6zve \u00fcltetett Kisasszony hava 2-ik napj\u00e1n 1829.ben (Mv., 1829); Oratio (Mv., 1831); Newton, vagy nagy ember k\u00e9pe egy \u00e9rtekez\u00e9sben &#8230; a kv.-i unit\u00e1rius nemes koll\u00e9gyom nagy auditoroum\u00e1ban az 1826-dik \u00e9v B\u00f6jtm\u00e1shav\u00e1nak 17. el is mondott L. S. I. [&hellip;]<\/p>\n","protected":false},"featured_media":0,"comment_status":"open","ping_status":"closed","template":"","meta":[],"product_brand":[],"product_cat":[137],"product_tag":[],"class_list":{"0":"post-19668","1":"product","2":"type-product","3":"status-publish","5":"product_cat-maros-megyei-eletrajzi-lexikon","7":"first","8":"instock","9":"shipping-taxable","10":"product-type-simple"},"_links":{"self":[{"href":"https:\/\/uj.adatbank.ro\/lexikon\/wp-json\/wp\/v2\/product\/19668","targetHints":{"allow":["GET"]}}],"collection":[{"href":"https:\/\/uj.adatbank.ro\/lexikon\/wp-json\/wp\/v2\/product"}],"about":[{"href":"https:\/\/uj.adatbank.ro\/lexikon\/wp-json\/wp\/v2\/types\/product"}],"replies":[{"embeddable":true,"href":"https:\/\/uj.adatbank.ro\/lexikon\/wp-json\/wp\/v2\/comments?post=19668"}],"wp:attachment":[{"href":"https:\/\/uj.adatbank.ro\/lexikon\/wp-json\/wp\/v2\/media?parent=19668"}],"wp:term":[{"taxonomy":"product_brand","embeddable":true,"href":"https:\/\/uj.adatbank.ro\/lexikon\/wp-json\/wp\/v2\/product_brand?post=19668"},{"taxonomy":"product_cat","embeddable":true,"href":"https:\/\/uj.adatbank.ro\/lexikon\/wp-json\/wp\/v2\/product_cat?post=19668"},{"taxonomy":"product_tag","embeddable":true,"href":"https:\/\/uj.adatbank.ro\/lexikon\/wp-json\/wp\/v2\/product_tag?post=19668"}],"curies":[{"name":"wp","href":"https:\/\/api.w.org\/{rel}","templated":true}]}}