{"id":19672,"date":"2025-07-22T18:20:36","date_gmt":"2025-07-22T16:20:36","guid":{"rendered":"https:\/\/uj.adatbank.ro\/lexikon\/termek\/sandor-janos-csikszentdomokosi-es-csikszentmihalyi\/"},"modified":"2025-07-22T18:20:36","modified_gmt":"2025-07-22T16:20:36","slug":"sandor-janos-csikszentdomokosi-es-csikszentmihalyi","status":"publish","type":"product","link":"https:\/\/uj.adatbank.ro\/lexikon\/termek\/sandor-janos-csikszentdomokosi-es-csikszentmihalyi\/","title":{"rendered":"S\u00c1NDOR J\u00e1nos, cs\u00edkszentdomokosi \u00e9s cs\u00edkszentmih\u00e1lyi"},"content":{"rendered":"<p>? \u2020?: guberniumi titk\u00e1r. \u2013 Mv. polg\u00e1r\u00e1v\u00e1 lett (1805). Torda v\u00e1rmegy\u00e9nek ad\u00f3\u00edr\u00f3 biztosa, sz\u00e1mvev\u0151je (1848 k\u00f6r\u00fcl). Fia J\u00e1nos, az erd\u00e9lyi kir. t\u00e1bla \u00fcln\u00f6ke Mv.-en. <br \/><strong>Irod.:<\/strong> Kornis; P\u00e1l-Antal 2006.<\/br><\/p>\n","protected":false},"excerpt":{"rendered":"<p>? \u2020?: guberniumi titk\u00e1r. \u2013 Mv. polg\u00e1r\u00e1v\u00e1 lett (1805). Torda v\u00e1rmegy\u00e9nek ad\u00f3\u00edr\u00f3 biztosa, sz\u00e1mvev\u0151je (1848 k\u00f6r\u00fcl). Fia J\u00e1nos, az erd\u00e9lyi kir. t\u00e1bla \u00fcln\u00f6ke Mv.-en. Irod.: Kornis; P\u00e1l-Antal 2006.<\/p>\n","protected":false},"featured_media":0,"comment_status":"open","ping_status":"closed","template":"","meta":[],"product_brand":[],"product_cat":[137],"product_tag":[],"class_list":{"0":"post-19672","1":"product","2":"type-product","3":"status-publish","5":"product_cat-maros-megyei-eletrajzi-lexikon","7":"first","8":"instock","9":"shipping-taxable","10":"product-type-simple"},"_links":{"self":[{"href":"https:\/\/uj.adatbank.ro\/lexikon\/wp-json\/wp\/v2\/product\/19672","targetHints":{"allow":["GET"]}}],"collection":[{"href":"https:\/\/uj.adatbank.ro\/lexikon\/wp-json\/wp\/v2\/product"}],"about":[{"href":"https:\/\/uj.adatbank.ro\/lexikon\/wp-json\/wp\/v2\/types\/product"}],"replies":[{"embeddable":true,"href":"https:\/\/uj.adatbank.ro\/lexikon\/wp-json\/wp\/v2\/comments?post=19672"}],"wp:attachment":[{"href":"https:\/\/uj.adatbank.ro\/lexikon\/wp-json\/wp\/v2\/media?parent=19672"}],"wp:term":[{"taxonomy":"product_brand","embeddable":true,"href":"https:\/\/uj.adatbank.ro\/lexikon\/wp-json\/wp\/v2\/product_brand?post=19672"},{"taxonomy":"product_cat","embeddable":true,"href":"https:\/\/uj.adatbank.ro\/lexikon\/wp-json\/wp\/v2\/product_cat?post=19672"},{"taxonomy":"product_tag","embeddable":true,"href":"https:\/\/uj.adatbank.ro\/lexikon\/wp-json\/wp\/v2\/product_tag?post=19672"}],"curies":[{"name":"wp","href":"https:\/\/api.w.org\/{rel}","templated":true}]}}