{"id":19673,"date":"2025-07-22T18:20:37","date_gmt":"2025-07-22T16:20:37","guid":{"rendered":"https:\/\/uj.adatbank.ro\/lexikon\/termek\/sandor-janos-csikszentmihalyi\/"},"modified":"2025-07-22T18:20:37","modified_gmt":"2025-07-22T16:20:37","slug":"sandor-janos-csikszentmihalyi","status":"publish","type":"product","link":"https:\/\/uj.adatbank.ro\/lexikon\/termek\/sandor-janos-csikszentmihalyi\/","title":{"rendered":"S\u00c1NDOR J\u00e1nos, cs\u00edkszentmih\u00e1lyi"},"content":{"rendered":"<p>1820. febr. 6., \u2020\u00a0Mv., 1888. jan. 6.: b\u00edr\u00f3, nagybirtokos. \u2013 Testv\u00e9rei: S. Katalin Gergelyfy S\u00e1mueln\u00e9; S. P\u00e1l. Feles\u00e9ge: 1. nagyajtai L\u00e1z\u00e1r Emilia (1828? \u2013 Mv., 1862. dec. 23.). Gyermekeik: Kl\u00e1ra Bothos Gyul\u00e1n\u00e9; S. K\u00e1lm\u00e1n; \u00c1gnes, Berta R\u00e9z Mih\u00e1lyn\u00e9; Erzsi, ifj. br. Szentkereszti Zsigmondn\u00e9; J\u00e1nos \u00e9s Emilia; 2.Dessewfy Anna, az Olt\u00e1regyes\u00fclet eln\u00f6ke (1878. \u00e1pr. 20.), fia B\u00e9la. \u2013 Kir. \u00edt\u00e9l\u0151t\u00e1blai b\u00edr\u00f3 \u00e9s nagybirtokos. Nyugalmazott t\u00f6rv\u00e9nysz\u00e9ki b\u00edr\u00f3, virilista (1876, 1877). <br \/><strong>Irod.:<\/strong> Gy\u00e1szjelent\u0151; Kn\u00f6pfler Vilmos: A mv.-i orsz\u00e1gos k\u00f3rh\u00e1z alap\u00edt\u00e1s\u00e1nak \u00e9s fejl\u0151d\u00e9s\u00e9nek r\u00f6vid v\u00e1zlata (Mv, 1882); Id\u0151t\u00e1r 5\/3; P\u00e1lmay.<\/br><\/p>\n","protected":false},"excerpt":{"rendered":"<p>1820. febr. 6., \u2020\u00a0Mv., 1888. jan. 6.: b\u00edr\u00f3, nagybirtokos. \u2013 Testv\u00e9rei: S. Katalin Gergelyfy S\u00e1mueln\u00e9; S. P\u00e1l. Feles\u00e9ge: 1. nagyajtai L\u00e1z\u00e1r Emilia (1828? \u2013 Mv., 1862. dec. 23.). Gyermekeik: Kl\u00e1ra Bothos Gyul\u00e1n\u00e9; S. K\u00e1lm\u00e1n; \u00c1gnes, Berta R\u00e9z Mih\u00e1lyn\u00e9; Erzsi, ifj. br. Szentkereszti Zsigmondn\u00e9; J\u00e1nos \u00e9s Emilia; 2.Dessewfy Anna, az Olt\u00e1regyes\u00fclet eln\u00f6ke (1878. \u00e1pr. 20.), fia [&hellip;]<\/p>\n","protected":false},"featured_media":0,"comment_status":"open","ping_status":"closed","template":"","meta":[],"product_brand":[],"product_cat":[137],"product_tag":[],"class_list":{"0":"post-19673","1":"product","2":"type-product","3":"status-publish","5":"product_cat-maros-megyei-eletrajzi-lexikon","7":"first","8":"instock","9":"shipping-taxable","10":"product-type-simple"},"_links":{"self":[{"href":"https:\/\/uj.adatbank.ro\/lexikon\/wp-json\/wp\/v2\/product\/19673","targetHints":{"allow":["GET"]}}],"collection":[{"href":"https:\/\/uj.adatbank.ro\/lexikon\/wp-json\/wp\/v2\/product"}],"about":[{"href":"https:\/\/uj.adatbank.ro\/lexikon\/wp-json\/wp\/v2\/types\/product"}],"replies":[{"embeddable":true,"href":"https:\/\/uj.adatbank.ro\/lexikon\/wp-json\/wp\/v2\/comments?post=19673"}],"wp:attachment":[{"href":"https:\/\/uj.adatbank.ro\/lexikon\/wp-json\/wp\/v2\/media?parent=19673"}],"wp:term":[{"taxonomy":"product_brand","embeddable":true,"href":"https:\/\/uj.adatbank.ro\/lexikon\/wp-json\/wp\/v2\/product_brand?post=19673"},{"taxonomy":"product_cat","embeddable":true,"href":"https:\/\/uj.adatbank.ro\/lexikon\/wp-json\/wp\/v2\/product_cat?post=19673"},{"taxonomy":"product_tag","embeddable":true,"href":"https:\/\/uj.adatbank.ro\/lexikon\/wp-json\/wp\/v2\/product_tag?post=19673"}],"curies":[{"name":"wp","href":"https:\/\/api.w.org\/{rel}","templated":true}]}}