{"id":19676,"date":"2025-07-22T18:20:44","date_gmt":"2025-07-22T16:20:44","guid":{"rendered":"https:\/\/uj.adatbank.ro\/lexikon\/termek\/sandor-janos-%c2%a7-csikszentmihalyi-2\/"},"modified":"2025-07-22T18:20:44","modified_gmt":"2025-07-22T16:20:44","slug":"sandor-janos-%c2%a7-csikszentmihalyi-2","status":"publish","type":"product","link":"https:\/\/uj.adatbank.ro\/lexikon\/termek\/sandor-janos-%c2%a7-csikszentmihalyi-2\/","title":{"rendered":"S\u00c1NDOR J\u00e1nos, \u00a7 cs\u00edkszentmih\u00e1lyi"},"content":{"rendered":"<p>Mez\u0151kapus, 1892. j\u00fal. 1., \u2020\u00a019?: jog\u00e1sz. \u2013 R\u00e9szt vett az I. vh.-ban jogszigorl\u00f3 kor\u00e1ban, hadapr\u00f3d-jel\u00f6lt a 9. husz\u00e1rezredben (1914. aug. 9. \u2013). A II. oszt. Ez\u00fcst \u00e9rem tulajdonosa. Hadifogs\u00e1gba esett (1915. okt. 18.\u2013). <br \/><strong>Irod.:<\/strong> Koszta; Mv. \u00e9s a h\u00e1bor\u00fa 2.; P\u00e1lmay.<\/br><\/p>\n","protected":false},"excerpt":{"rendered":"<p>Mez\u0151kapus, 1892. j\u00fal. 1., \u2020\u00a019?: jog\u00e1sz. \u2013 R\u00e9szt vett az I. vh.-ban jogszigorl\u00f3 kor\u00e1ban, hadapr\u00f3d-jel\u00f6lt a 9. husz\u00e1rezredben (1914. aug. 9. \u2013). A II. oszt. Ez\u00fcst \u00e9rem tulajdonosa. Hadifogs\u00e1gba esett (1915. okt. 18.\u2013). Irod.: Koszta; Mv. \u00e9s a h\u00e1bor\u00fa 2.; P\u00e1lmay.<\/p>\n","protected":false},"featured_media":0,"comment_status":"open","ping_status":"closed","template":"","meta":[],"product_brand":[],"product_cat":[137],"product_tag":[],"class_list":{"0":"post-19676","1":"product","2":"type-product","3":"status-publish","5":"product_cat-maros-megyei-eletrajzi-lexikon","7":"first","8":"instock","9":"shipping-taxable","10":"product-type-simple"},"_links":{"self":[{"href":"https:\/\/uj.adatbank.ro\/lexikon\/wp-json\/wp\/v2\/product\/19676","targetHints":{"allow":["GET"]}}],"collection":[{"href":"https:\/\/uj.adatbank.ro\/lexikon\/wp-json\/wp\/v2\/product"}],"about":[{"href":"https:\/\/uj.adatbank.ro\/lexikon\/wp-json\/wp\/v2\/types\/product"}],"replies":[{"embeddable":true,"href":"https:\/\/uj.adatbank.ro\/lexikon\/wp-json\/wp\/v2\/comments?post=19676"}],"wp:attachment":[{"href":"https:\/\/uj.adatbank.ro\/lexikon\/wp-json\/wp\/v2\/media?parent=19676"}],"wp:term":[{"taxonomy":"product_brand","embeddable":true,"href":"https:\/\/uj.adatbank.ro\/lexikon\/wp-json\/wp\/v2\/product_brand?post=19676"},{"taxonomy":"product_cat","embeddable":true,"href":"https:\/\/uj.adatbank.ro\/lexikon\/wp-json\/wp\/v2\/product_cat?post=19676"},{"taxonomy":"product_tag","embeddable":true,"href":"https:\/\/uj.adatbank.ro\/lexikon\/wp-json\/wp\/v2\/product_tag?post=19676"}],"curies":[{"name":"wp","href":"https:\/\/api.w.org\/{rel}","templated":true}]}}