{"id":19679,"date":"2025-07-22T18:20:50","date_gmt":"2025-07-22T16:20:50","guid":{"rendered":"https:\/\/uj.adatbank.ro\/lexikon\/termek\/sandor-jozsef\/"},"modified":"2025-07-22T18:20:50","modified_gmt":"2025-07-22T16:20:50","slug":"sandor-jozsef","status":"publish","type":"product","link":"https:\/\/uj.adatbank.ro\/lexikon\/termek\/sandor-jozsef\/","title":{"rendered":"S\u00c1NDOR J\u00f3zsef"},"content":{"rendered":"<p>Cs\u00edkszentsimon, 1955. febr. 20., \u2020\u00a0Sz\u00e9kelyudvarhely, 2005. okt. 28.: r. k. pap. \u2013 Gyulafeh\u00e9rv\u00e1ron tanult \u00e9s papp\u00e1 szentelt\u00e9k (1985. j\u00fan. 23.). K\u00e1pl\u00e1n Sz\u00e1rhegyen (1985), Aranyosgy\u00e9resen (1987), \u00c1kosfalv\u00e1n (1994), Jobb\u00e1gytelk\u00e9n (2001), lelkip\u00e1sztor Esztelneken (2003). <br \/><strong>Irod.:<\/strong> Ferenczi S\u00e1ndor 2009.<\/br><\/p>\n","protected":false},"excerpt":{"rendered":"<p>Cs\u00edkszentsimon, 1955. febr. 20., \u2020\u00a0Sz\u00e9kelyudvarhely, 2005. okt. 28.: r. k. pap. \u2013 Gyulafeh\u00e9rv\u00e1ron tanult \u00e9s papp\u00e1 szentelt\u00e9k (1985. j\u00fan. 23.). K\u00e1pl\u00e1n Sz\u00e1rhegyen (1985), Aranyosgy\u00e9resen (1987), \u00c1kosfalv\u00e1n (1994), Jobb\u00e1gytelk\u00e9n (2001), lelkip\u00e1sztor Esztelneken (2003). Irod.: Ferenczi S\u00e1ndor 2009.<\/p>\n","protected":false},"featured_media":0,"comment_status":"open","ping_status":"closed","template":"","meta":[],"product_brand":[],"product_cat":[137],"product_tag":[],"class_list":{"0":"post-19679","1":"product","2":"type-product","3":"status-publish","5":"product_cat-maros-megyei-eletrajzi-lexikon","7":"first","8":"instock","9":"shipping-taxable","10":"product-type-simple"},"_links":{"self":[{"href":"https:\/\/uj.adatbank.ro\/lexikon\/wp-json\/wp\/v2\/product\/19679","targetHints":{"allow":["GET"]}}],"collection":[{"href":"https:\/\/uj.adatbank.ro\/lexikon\/wp-json\/wp\/v2\/product"}],"about":[{"href":"https:\/\/uj.adatbank.ro\/lexikon\/wp-json\/wp\/v2\/types\/product"}],"replies":[{"embeddable":true,"href":"https:\/\/uj.adatbank.ro\/lexikon\/wp-json\/wp\/v2\/comments?post=19679"}],"wp:attachment":[{"href":"https:\/\/uj.adatbank.ro\/lexikon\/wp-json\/wp\/v2\/media?parent=19679"}],"wp:term":[{"taxonomy":"product_brand","embeddable":true,"href":"https:\/\/uj.adatbank.ro\/lexikon\/wp-json\/wp\/v2\/product_brand?post=19679"},{"taxonomy":"product_cat","embeddable":true,"href":"https:\/\/uj.adatbank.ro\/lexikon\/wp-json\/wp\/v2\/product_cat?post=19679"},{"taxonomy":"product_tag","embeddable":true,"href":"https:\/\/uj.adatbank.ro\/lexikon\/wp-json\/wp\/v2\/product_tag?post=19679"}],"curies":[{"name":"wp","href":"https:\/\/api.w.org\/{rel}","templated":true}]}}