{"id":1968,"date":"2025-06-28T11:59:31","date_gmt":"2025-06-28T09:59:31","guid":{"rendered":"https:\/\/uj.adatbank.ro\/lexikon\/termek\/balazs-ferenc-szovatai\/"},"modified":"2026-02-17T16:42:44","modified_gmt":"2026-02-17T15:42:44","slug":"balazs-ferenc-szovatai","status":"publish","type":"product","link":"https:\/\/uj.adatbank.ro\/lexikon\/termek\/balazs-ferenc-szovatai\/","title":{"rendered":"BAL\u00c1ZS Ferenc, szov\u00e1tai"},"content":{"rendered":"<p>? \u2020 ? : nemes, l\u00f3f\u0151. \u2013 II. R\u00e1k\u00f3czi Gy\u00f6rgyt\u0151l nyert nemeslevelet, l\u00f3f\u0151s\u00e9get (1655. j\u00fan. 28.).<br \/>\n<strong>Irod.:<\/strong> Kempelen; P\u00e1lmay<\/p>\n","protected":false},"excerpt":{"rendered":"<p>? \u2020 ? : nemes, l\u00f3f\u0151. \u2013 II. R\u00e1k\u00f3czi Gy\u00f6rgyt\u0151l nyert nemeslevelet, l\u00f3f\u0151s\u00e9get (1655. j\u00fan. 28.). Irod.: Kempelen; P\u00e1lmay<\/p>\n","protected":false},"featured_media":0,"comment_status":"open","ping_status":"closed","template":"","meta":[],"product_brand":[],"product_cat":[137],"product_tag":[],"class_list":{"0":"post-1968","1":"product","2":"type-product","3":"status-publish","5":"product_cat-maros-megyei-eletrajzi-lexikon","7":"first","8":"instock","9":"shipping-taxable","10":"product-type-simple"},"_links":{"self":[{"href":"https:\/\/uj.adatbank.ro\/lexikon\/wp-json\/wp\/v2\/product\/1968","targetHints":{"allow":["GET"]}}],"collection":[{"href":"https:\/\/uj.adatbank.ro\/lexikon\/wp-json\/wp\/v2\/product"}],"about":[{"href":"https:\/\/uj.adatbank.ro\/lexikon\/wp-json\/wp\/v2\/types\/product"}],"replies":[{"embeddable":true,"href":"https:\/\/uj.adatbank.ro\/lexikon\/wp-json\/wp\/v2\/comments?post=1968"}],"wp:attachment":[{"href":"https:\/\/uj.adatbank.ro\/lexikon\/wp-json\/wp\/v2\/media?parent=1968"}],"wp:term":[{"taxonomy":"product_brand","embeddable":true,"href":"https:\/\/uj.adatbank.ro\/lexikon\/wp-json\/wp\/v2\/product_brand?post=1968"},{"taxonomy":"product_cat","embeddable":true,"href":"https:\/\/uj.adatbank.ro\/lexikon\/wp-json\/wp\/v2\/product_cat?post=1968"},{"taxonomy":"product_tag","embeddable":true,"href":"https:\/\/uj.adatbank.ro\/lexikon\/wp-json\/wp\/v2\/product_tag?post=1968"}],"curies":[{"name":"wp","href":"https:\/\/api.w.org\/{rel}","templated":true}]}}