{"id":19680,"date":"2025-07-22T18:20:52","date_gmt":"2025-07-22T16:20:52","guid":{"rendered":"https:\/\/uj.adatbank.ro\/lexikon\/termek\/sandor-judit-sovenyhazi-ferencne\/"},"modified":"2025-07-22T18:20:52","modified_gmt":"2025-07-22T16:20:52","slug":"sandor-judit-sovenyhazi-ferencne","status":"publish","type":"product","link":"https:\/\/uj.adatbank.ro\/lexikon\/termek\/sandor-judit-sovenyhazi-ferencne\/","title":{"rendered":"S\u00c1NDOR Judit, S\u00f6v\u00e9nyh\u00e1zi Ferencn\u00e9"},"content":{"rendered":"<p>Kv., 1920, febr. 6. \u2020\u00a0Szeged, 2003. jan 6: k\u00f6lt\u0151. \u2013 1941-ben lett tagja a mv.-i Kem\u00e9ny Zsigmond T\u00e1rsas\u00e1gnak, ahol sz\u00e9kfoglal\u00f3ja Rem\u00e9nyikr\u0151l sz\u00f3lt. \u2013 <strong>F. m.<\/strong>: Ember lenni mind\u00e9g, minden k\u00f6r\u00fclm\u00e9nyben (Szeged, 2002). <br \/><strong>Irod.:<\/strong> \u00c1ll\u00f3- \u00e9s mozg\u00f3k\u00e9pek; RMIL.<\/br><\/p>\n","protected":false},"excerpt":{"rendered":"<p>Kv., 1920, febr. 6. \u2020\u00a0Szeged, 2003. jan 6: k\u00f6lt\u0151. \u2013 1941-ben lett tagja a mv.-i Kem\u00e9ny Zsigmond T\u00e1rsas\u00e1gnak, ahol sz\u00e9kfoglal\u00f3ja Rem\u00e9nyikr\u0151l sz\u00f3lt. \u2013 F. m.: Ember lenni mind\u00e9g, minden k\u00f6r\u00fclm\u00e9nyben (Szeged, 2002). Irod.: \u00c1ll\u00f3- \u00e9s mozg\u00f3k\u00e9pek; RMIL.<\/p>\n","protected":false},"featured_media":0,"comment_status":"open","ping_status":"closed","template":"","meta":[],"product_brand":[],"product_cat":[137],"product_tag":[],"class_list":{"0":"post-19680","1":"product","2":"type-product","3":"status-publish","5":"product_cat-maros-megyei-eletrajzi-lexikon","7":"first","8":"instock","9":"shipping-taxable","10":"product-type-simple"},"_links":{"self":[{"href":"https:\/\/uj.adatbank.ro\/lexikon\/wp-json\/wp\/v2\/product\/19680","targetHints":{"allow":["GET"]}}],"collection":[{"href":"https:\/\/uj.adatbank.ro\/lexikon\/wp-json\/wp\/v2\/product"}],"about":[{"href":"https:\/\/uj.adatbank.ro\/lexikon\/wp-json\/wp\/v2\/types\/product"}],"replies":[{"embeddable":true,"href":"https:\/\/uj.adatbank.ro\/lexikon\/wp-json\/wp\/v2\/comments?post=19680"}],"wp:attachment":[{"href":"https:\/\/uj.adatbank.ro\/lexikon\/wp-json\/wp\/v2\/media?parent=19680"}],"wp:term":[{"taxonomy":"product_brand","embeddable":true,"href":"https:\/\/uj.adatbank.ro\/lexikon\/wp-json\/wp\/v2\/product_brand?post=19680"},{"taxonomy":"product_cat","embeddable":true,"href":"https:\/\/uj.adatbank.ro\/lexikon\/wp-json\/wp\/v2\/product_cat?post=19680"},{"taxonomy":"product_tag","embeddable":true,"href":"https:\/\/uj.adatbank.ro\/lexikon\/wp-json\/wp\/v2\/product_tag?post=19680"}],"curies":[{"name":"wp","href":"https:\/\/api.w.org\/{rel}","templated":true}]}}