{"id":19681,"date":"2025-07-22T18:20:55","date_gmt":"2025-07-22T16:20:55","guid":{"rendered":"https:\/\/uj.adatbank.ro\/lexikon\/termek\/sandor-kalman-%c2%a7-csikszentmihalyi\/"},"modified":"2025-07-22T18:20:55","modified_gmt":"2025-07-22T16:20:55","slug":"sandor-kalman-%c2%a7-csikszentmihalyi","status":"publish","type":"product","link":"https:\/\/uj.adatbank.ro\/lexikon\/termek\/sandor-kalman-%c2%a7-csikszentmihalyi\/","title":{"rendered":"S\u00c1NDOR K\u00e1lm\u00e1n, \u00a7 cs\u00edkszentmih\u00e1lyi"},"content":{"rendered":"<p>Mv., 1854. febr. 3., \u2020\u00a0Mv., 1910. \u00e1pr. 5. Mez\u0151kapuson temett\u00e9k: \u00edt\u00e9l\u0151t\u00e1blai b\u00edr\u00f3, publicista, ajtonyi f\u00f6ldbirtokos. \u2013 Testv\u00e9rei: S. Kl\u00e1ra Bothos Gyul\u00e1n\u00e9; S. \u00c1gnes Phleps Ferencn\u00e9; S. J\u00e1nos, feles\u00e9ge Tisza Anna; S. Erzsi br. Szentkereszti Zsigmondn\u00e9; S. Emilia Felm\u00e9ri Lajosn\u00e9. Feles\u00e9ge: gyulafeh\u00e9rv\u00e1ri \u00e9s thindarosi Dind\u00e1r Ilona. Gyermekeik: Ilona, Jol\u00e1n, Margit. \u2013 Mv.-en \u00e9retts\u00e9gizett, jogi tanulm\u00e1nyait Nagyszebenben a kir. jogakad\u00e9mi\u00e1n \u00e9s kv.-i tud. egyetemen v\u00e9gezte. A turbina\u00e1rokba dobt\u00e1k, \u00e9let\u00e9t siker\u00fclt megmenteni (1930). <br \/><strong>Irod.:<\/strong> Id\u0151t\u00e1r 3.<\/br><\/p>\n","protected":false},"excerpt":{"rendered":"<p>Mv., 1854. febr. 3., \u2020\u00a0Mv., 1910. \u00e1pr. 5. Mez\u0151kapuson temett\u00e9k: \u00edt\u00e9l\u0151t\u00e1blai b\u00edr\u00f3, publicista, ajtonyi f\u00f6ldbirtokos. \u2013 Testv\u00e9rei: S. Kl\u00e1ra Bothos Gyul\u00e1n\u00e9; S. \u00c1gnes Phleps Ferencn\u00e9; S. J\u00e1nos, feles\u00e9ge Tisza Anna; S. Erzsi br. Szentkereszti Zsigmondn\u00e9; S. Emilia Felm\u00e9ri Lajosn\u00e9. Feles\u00e9ge: gyulafeh\u00e9rv\u00e1ri \u00e9s thindarosi Dind\u00e1r Ilona. Gyermekeik: Ilona, Jol\u00e1n, Margit. \u2013 Mv.-en \u00e9retts\u00e9gizett, jogi tanulm\u00e1nyait Nagyszebenben [&hellip;]<\/p>\n","protected":false},"featured_media":0,"comment_status":"open","ping_status":"closed","template":"","meta":[],"product_brand":[],"product_cat":[137],"product_tag":[],"class_list":{"0":"post-19681","1":"product","2":"type-product","3":"status-publish","5":"product_cat-maros-megyei-eletrajzi-lexikon","7":"first","8":"instock","9":"shipping-taxable","10":"product-type-simple"},"_links":{"self":[{"href":"https:\/\/uj.adatbank.ro\/lexikon\/wp-json\/wp\/v2\/product\/19681","targetHints":{"allow":["GET"]}}],"collection":[{"href":"https:\/\/uj.adatbank.ro\/lexikon\/wp-json\/wp\/v2\/product"}],"about":[{"href":"https:\/\/uj.adatbank.ro\/lexikon\/wp-json\/wp\/v2\/types\/product"}],"replies":[{"embeddable":true,"href":"https:\/\/uj.adatbank.ro\/lexikon\/wp-json\/wp\/v2\/comments?post=19681"}],"wp:attachment":[{"href":"https:\/\/uj.adatbank.ro\/lexikon\/wp-json\/wp\/v2\/media?parent=19681"}],"wp:term":[{"taxonomy":"product_brand","embeddable":true,"href":"https:\/\/uj.adatbank.ro\/lexikon\/wp-json\/wp\/v2\/product_brand?post=19681"},{"taxonomy":"product_cat","embeddable":true,"href":"https:\/\/uj.adatbank.ro\/lexikon\/wp-json\/wp\/v2\/product_cat?post=19681"},{"taxonomy":"product_tag","embeddable":true,"href":"https:\/\/uj.adatbank.ro\/lexikon\/wp-json\/wp\/v2\/product_tag?post=19681"}],"curies":[{"name":"wp","href":"https:\/\/api.w.org\/{rel}","templated":true}]}}