{"id":19682,"date":"2025-07-22T18:20:57","date_gmt":"2025-07-22T16:20:57","guid":{"rendered":"https:\/\/uj.adatbank.ro\/lexikon\/termek\/sandor-lajos\/"},"modified":"2025-07-22T18:20:57","modified_gmt":"2025-07-22T16:20:57","slug":"sandor-lajos","status":"publish","type":"product","link":"https:\/\/uj.adatbank.ro\/lexikon\/termek\/sandor-lajos\/","title":{"rendered":"S\u00c1NDOR Lajos"},"content":{"rendered":"<p>? \u2020\u00a01813. jan. 14.: r. k. pap. \u2013 Kv.-on (1753\u201359) \u00e9s Nagyszombaton tanult (1761\u201364). Pl\u00e9b\u00e1nos Szentiv\u00e1nlaborfalv\u00e1n, Cs\u00edkszentmikl\u00f3son, k\u00e1pl\u00e1n Sz\u00e9kelyudvarhelyen. Pl\u00e9b\u00e1nos S\u00e1rpatakon (1782\u201396), majd Sz\u00e9pv\u00edzen nyugd\u00edjas (1799). <br \/><strong>Irod.:<\/strong> Ferenczi S\u00e1ndor 2009.<\/br><\/p>\n","protected":false},"excerpt":{"rendered":"<p>? \u2020\u00a01813. jan. 14.: r. k. pap. \u2013 Kv.-on (1753\u201359) \u00e9s Nagyszombaton tanult (1761\u201364). Pl\u00e9b\u00e1nos Szentiv\u00e1nlaborfalv\u00e1n, Cs\u00edkszentmikl\u00f3son, k\u00e1pl\u00e1n Sz\u00e9kelyudvarhelyen. Pl\u00e9b\u00e1nos S\u00e1rpatakon (1782\u201396), majd Sz\u00e9pv\u00edzen nyugd\u00edjas (1799). Irod.: Ferenczi S\u00e1ndor 2009.<\/p>\n","protected":false},"featured_media":0,"comment_status":"open","ping_status":"closed","template":"","meta":[],"product_brand":[],"product_cat":[137],"product_tag":[],"class_list":{"0":"post-19682","1":"product","2":"type-product","3":"status-publish","5":"product_cat-maros-megyei-eletrajzi-lexikon","7":"first","8":"instock","9":"shipping-taxable","10":"product-type-simple"},"_links":{"self":[{"href":"https:\/\/uj.adatbank.ro\/lexikon\/wp-json\/wp\/v2\/product\/19682","targetHints":{"allow":["GET"]}}],"collection":[{"href":"https:\/\/uj.adatbank.ro\/lexikon\/wp-json\/wp\/v2\/product"}],"about":[{"href":"https:\/\/uj.adatbank.ro\/lexikon\/wp-json\/wp\/v2\/types\/product"}],"replies":[{"embeddable":true,"href":"https:\/\/uj.adatbank.ro\/lexikon\/wp-json\/wp\/v2\/comments?post=19682"}],"wp:attachment":[{"href":"https:\/\/uj.adatbank.ro\/lexikon\/wp-json\/wp\/v2\/media?parent=19682"}],"wp:term":[{"taxonomy":"product_brand","embeddable":true,"href":"https:\/\/uj.adatbank.ro\/lexikon\/wp-json\/wp\/v2\/product_brand?post=19682"},{"taxonomy":"product_cat","embeddable":true,"href":"https:\/\/uj.adatbank.ro\/lexikon\/wp-json\/wp\/v2\/product_cat?post=19682"},{"taxonomy":"product_tag","embeddable":true,"href":"https:\/\/uj.adatbank.ro\/lexikon\/wp-json\/wp\/v2\/product_tag?post=19682"}],"curies":[{"name":"wp","href":"https:\/\/api.w.org\/{rel}","templated":true}]}}