{"id":19684,"date":"2025-07-22T18:21:02","date_gmt":"2025-07-22T16:21:02","guid":{"rendered":"https:\/\/uj.adatbank.ro\/lexikon\/termek\/sandor-laszlo-2\/"},"modified":"2025-07-22T18:21:02","modified_gmt":"2025-07-22T16:21:02","slug":"sandor-laszlo-2","status":"publish","type":"product","link":"https:\/\/uj.adatbank.ro\/lexikon\/termek\/sandor-laszlo-2\/","title":{"rendered":"S\u00c1NDOR L\u00e1szl\u00f3"},"content":{"rendered":"<p>? \u2020?: A Kisbirtokos Orsz\u00e1gos F\u00f6ldhitelint\u00e9zet sz\u00e9kelyf\u00f6ldi k\u00e9pviselet\u00e9nek igazgat\u00f3ja Mv.-en. <br \/><strong>Irod.:<\/strong> Bor\u00e1szati t\u00f6rzsk\u00f6nyv (Bp., 1883); Rugonfalvi Kiss; Szinnyei; Szinnyei J.<\/br><\/p>\n","protected":false},"excerpt":{"rendered":"<p>? \u2020?: A Kisbirtokos Orsz\u00e1gos F\u00f6ldhitelint\u00e9zet sz\u00e9kelyf\u00f6ldi k\u00e9pviselet\u00e9nek igazgat\u00f3ja Mv.-en. Irod.: Bor\u00e1szati t\u00f6rzsk\u00f6nyv (Bp., 1883); Rugonfalvi Kiss; Szinnyei; Szinnyei J.<\/p>\n","protected":false},"featured_media":0,"comment_status":"open","ping_status":"closed","template":"","meta":[],"product_brand":[],"product_cat":[137],"product_tag":[],"class_list":{"0":"post-19684","1":"product","2":"type-product","3":"status-publish","5":"product_cat-maros-megyei-eletrajzi-lexikon","7":"first","8":"instock","9":"shipping-taxable","10":"product-type-simple"},"_links":{"self":[{"href":"https:\/\/uj.adatbank.ro\/lexikon\/wp-json\/wp\/v2\/product\/19684","targetHints":{"allow":["GET"]}}],"collection":[{"href":"https:\/\/uj.adatbank.ro\/lexikon\/wp-json\/wp\/v2\/product"}],"about":[{"href":"https:\/\/uj.adatbank.ro\/lexikon\/wp-json\/wp\/v2\/types\/product"}],"replies":[{"embeddable":true,"href":"https:\/\/uj.adatbank.ro\/lexikon\/wp-json\/wp\/v2\/comments?post=19684"}],"wp:attachment":[{"href":"https:\/\/uj.adatbank.ro\/lexikon\/wp-json\/wp\/v2\/media?parent=19684"}],"wp:term":[{"taxonomy":"product_brand","embeddable":true,"href":"https:\/\/uj.adatbank.ro\/lexikon\/wp-json\/wp\/v2\/product_brand?post=19684"},{"taxonomy":"product_cat","embeddable":true,"href":"https:\/\/uj.adatbank.ro\/lexikon\/wp-json\/wp\/v2\/product_cat?post=19684"},{"taxonomy":"product_tag","embeddable":true,"href":"https:\/\/uj.adatbank.ro\/lexikon\/wp-json\/wp\/v2\/product_tag?post=19684"}],"curies":[{"name":"wp","href":"https:\/\/api.w.org\/{rel}","templated":true}]}}