{"id":19685,"date":"2025-07-22T18:21:04","date_gmt":"2025-07-22T16:21:04","guid":{"rendered":"https:\/\/uj.adatbank.ro\/lexikon\/termek\/sandor-laszlo-3\/"},"modified":"2025-07-22T18:21:04","modified_gmt":"2025-07-22T16:21:04","slug":"sandor-laszlo-3","status":"publish","type":"product","link":"https:\/\/uj.adatbank.ro\/lexikon\/termek\/sandor-laszlo-3\/","title":{"rendered":"S\u00c1NDOR L\u00e1szl\u00f3"},"content":{"rendered":"<p>Gyergy\u00f3szentmikl\u00f3s, 1933. jan. 25. \u2020\u00a0Mv., 2017. dec. 24.; n\u00e9pt\u00e1ncos, szobr\u00e1sz. \u2013 S\u00e1ndor Bal\u00e1zs (1893\u2013?) \u00e9s \u00c1goston Ilona (1905\u2013?) fia. Feles\u00e9ge: Forr\u00f3 Anna, \u00e9p\u00fcletg\u00e9p\u00e9sz. \u2013 Mv.-en az \u00e1llami sz\u00e9kely n\u00e9pi Egy\u00fcttes alap\u00edt\u00f3 tagja, t\u00e1ncos-komikus, vid\u00e1m konfer\u00e1l\u00f3 sz\u00f6vegek szerz\u0151je, m\u0171sorbemond\u00f3ja volt nyugd\u00edjaz\u00e1s\u00e1ig (1984). A gyermekegy\u00fcttesben is tev\u00e9kenykedett, elk\u00eds\u00e9rte vend\u00e9gszerepl\u00e9seikre, Buk.-be t\u00e9v\u00e9- \u00e9s r\u00e1di\u00f3felv\u00e9telre. Amat\u0151r szobr\u00e1sz, fafarag\u00f3, sz\u00e9kely mot\u00edvum\u00fa kopjaf\u00e1kat, haszn\u00e1lati t\u00e1rgyakat, falil\u00e1mp\u00e1t, sulykot faragott \u00e9s faragni megtan\u00edtotta a t\u00e1ncos t\u00e1rsait is (1964\u2013). Egy\u00e9ni ki\u00e1ll\u00edt\u00e1sai: Mv.-en \u00e9s Bp.-en. <br \/><strong>Irod.:<\/strong> Opri\u015f 2018; Sz\u00e1sz K\u00e1roly: V\u00e9gs\u0151 b\u00facs\u00fa S\u00e1ndor Lacit\u00f3l (N\u00fa., 2017. dec. 27.); Nekrol\u00f3g (N\u00fa., 2017. dec. 27.); Sz\u00e1va 2012; Sz\u00e9kely Sz.\u00a0Z.<\/br><\/p>\n","protected":false},"excerpt":{"rendered":"<p>Gyergy\u00f3szentmikl\u00f3s, 1933. jan. 25. \u2020\u00a0Mv., 2017. dec. 24.; n\u00e9pt\u00e1ncos, szobr\u00e1sz. \u2013 S\u00e1ndor Bal\u00e1zs (1893\u2013?) \u00e9s \u00c1goston Ilona (1905\u2013?) fia. Feles\u00e9ge: Forr\u00f3 Anna, \u00e9p\u00fcletg\u00e9p\u00e9sz. \u2013 Mv.-en az \u00e1llami sz\u00e9kely n\u00e9pi Egy\u00fcttes alap\u00edt\u00f3 tagja, t\u00e1ncos-komikus, vid\u00e1m konfer\u00e1l\u00f3 sz\u00f6vegek szerz\u0151je, m\u0171sorbemond\u00f3ja volt nyugd\u00edjaz\u00e1s\u00e1ig (1984). A gyermekegy\u00fcttesben is tev\u00e9kenykedett, elk\u00eds\u00e9rte vend\u00e9gszerepl\u00e9seikre, Buk.-be t\u00e9v\u00e9- \u00e9s r\u00e1di\u00f3felv\u00e9telre. Amat\u0151r szobr\u00e1sz, fafarag\u00f3, sz\u00e9kely [&hellip;]<\/p>\n","protected":false},"featured_media":0,"comment_status":"open","ping_status":"closed","template":"","meta":[],"product_brand":[],"product_cat":[137],"product_tag":[],"class_list":{"0":"post-19685","1":"product","2":"type-product","3":"status-publish","5":"product_cat-maros-megyei-eletrajzi-lexikon","7":"first","8":"instock","9":"shipping-taxable","10":"product-type-simple"},"_links":{"self":[{"href":"https:\/\/uj.adatbank.ro\/lexikon\/wp-json\/wp\/v2\/product\/19685","targetHints":{"allow":["GET"]}}],"collection":[{"href":"https:\/\/uj.adatbank.ro\/lexikon\/wp-json\/wp\/v2\/product"}],"about":[{"href":"https:\/\/uj.adatbank.ro\/lexikon\/wp-json\/wp\/v2\/types\/product"}],"replies":[{"embeddable":true,"href":"https:\/\/uj.adatbank.ro\/lexikon\/wp-json\/wp\/v2\/comments?post=19685"}],"wp:attachment":[{"href":"https:\/\/uj.adatbank.ro\/lexikon\/wp-json\/wp\/v2\/media?parent=19685"}],"wp:term":[{"taxonomy":"product_brand","embeddable":true,"href":"https:\/\/uj.adatbank.ro\/lexikon\/wp-json\/wp\/v2\/product_brand?post=19685"},{"taxonomy":"product_cat","embeddable":true,"href":"https:\/\/uj.adatbank.ro\/lexikon\/wp-json\/wp\/v2\/product_cat?post=19685"},{"taxonomy":"product_tag","embeddable":true,"href":"https:\/\/uj.adatbank.ro\/lexikon\/wp-json\/wp\/v2\/product_tag?post=19685"}],"curies":[{"name":"wp","href":"https:\/\/api.w.org\/{rel}","templated":true}]}}