{"id":19687,"date":"2025-07-22T18:21:08","date_gmt":"2025-07-22T16:21:08","guid":{"rendered":"https:\/\/uj.adatbank.ro\/lexikon\/termek\/sandor-laszlo-csikszentdomokosi\/"},"modified":"2025-07-22T18:21:08","modified_gmt":"2025-07-22T16:21:08","slug":"sandor-laszlo-csikszentdomokosi","status":"publish","type":"product","link":"https:\/\/uj.adatbank.ro\/lexikon\/termek\/sandor-laszlo-csikszentdomokosi\/","title":{"rendered":"S\u00c1NDOR L\u00e1szl\u00f3, cs\u00edkszentdomokosi"},"content":{"rendered":"<p>Mv., 1832. szept. 8., \u2020\u00a0Backamadaras, 1900. nov. 7.: cs. k. kamar\u00e1s, f\u00f6ldbirtokos, alisp\u00e1n. \u2013 Sz\u00fclei: L\u00e1szl\u00f3 kir. t\u00e1blai \u00fcln\u00f6k, anyja Szentkereszty Borb\u00e1la. Feles\u00e9ge: 1. Petrichevich Horv\u00e1th Berta. (Esk\u00fcv\u0151 Mv. 1859. dec. 28); 2. g\u00e1lfalvi Nagy Lousa. \u2013 Segesv\u00e1ron, Backamadarason f\u00f6ldbirtokos. Tanulm\u00e1nyait a mv.-i r. k. iskol\u00e1ban folytatta. Segesv\u00e1ron, Backamadarason f\u00f6ldbirtokos. 1848\/49-as forradalomban \u00f6nk\u00e9ntes honv\u00e9d a 15. M\u00e1ty\u00e1s husz\u00e1rezredben. K\u00e9s\u0151bb \u00e1thelyezt\u00e9k Bem t\u00e1bornok sz\u00e9kely test\u0151rsz\u00e1zad\u00e1hoz. Hadnagy egy Erd\u00e9lyben alakul\u00f3 \u2013 a k\u00e9s\u0151bbi 135.honv\u00e9dz\u00e1szl\u00f3aljban. A tartal\u00e9k hadtesttel Vil\u00e1gosn\u00e1l tette le a fegyvert. Besorozt\u00e1k a 8. gy. ezredbe hadnagyi, f\u0151hadnagyi rangban. Lemondott tiszti rangj\u00e1r\u00f3l (1861) Azt k\u00f6vet\u0151en tev\u00e9keny r\u00e9szt kezdett venni az orsz\u00e1g k\u00f6z\u00fcgyeiben. Marossz\u00e9k m\u00e1sodik alkir\u00e1lyb\u00edr\u00f3ja (1867\u2013). Nagyk\u00fck\u00fcll\u0151 vm. f\u0151isp\u00e1nja (1895\u20131900).; MT vm. alisp\u00e1nja (1882\u201389). Az EMKE mv.-i v\u00e1rosi v\u00e1lasztm\u00e1ny\u00e1nak alap\u00edt\u00f3tagja (1885\u2013). A Mv.-i Kaszin\u00f3 v\u00e1lasztm\u00e1nyi tagja (1883). A Kossuth-szobor Bizotts\u00e1g t. eln\u00f6ke (1894\u201399). \u2013 <strong>F. m.<\/strong>: Jelent\u00e9se Marostorda vm. 1882.., 1891., 1892.. \u00e9s 1893. \u00e9vi \u00e1llapot\u00e1r\u00f3l (Mv., 1892\u201394); Marostorda v\u00e1rmegye 1887.-ik \u00e9vi \u00e1llapot\u00e1r\u00f3l sz\u00f3l\u00f3 jelent\u00e9se S. L. alisp\u00e1nnak (Mv., 1888). <br \/><strong>Irod.:<\/strong> Backamadaras; Bern\u00e1dy; Bi\u00e1s Istv\u00e1n; Bor\u00e1szati t\u00f6rzsk\u00f6nyv (Bp., 1883); F\u00fcl\u00f6p\u2013Ferencz; Gudenus; Gy\u00e1szjelent.; Id\u0151t\u00e1r 2; Rugonfalvi Kiss; S\u00e1ndor; Szentgy\u00f6rgyi; Szinnyei; Szinnyei J.<\/br><\/p>\n","protected":false},"excerpt":{"rendered":"<p>Mv., 1832. szept. 8., \u2020\u00a0Backamadaras, 1900. nov. 7.: cs. k. kamar\u00e1s, f\u00f6ldbirtokos, alisp\u00e1n. \u2013 Sz\u00fclei: L\u00e1szl\u00f3 kir. t\u00e1blai \u00fcln\u00f6k, anyja Szentkereszty Borb\u00e1la. Feles\u00e9ge: 1. Petrichevich Horv\u00e1th Berta. (Esk\u00fcv\u0151 Mv. 1859. dec. 28); 2. g\u00e1lfalvi Nagy Lousa. \u2013 Segesv\u00e1ron, Backamadarason f\u00f6ldbirtokos. Tanulm\u00e1nyait a mv.-i r. k. iskol\u00e1ban folytatta. Segesv\u00e1ron, Backamadarason f\u00f6ldbirtokos. 1848\/49-as forradalomban \u00f6nk\u00e9ntes honv\u00e9d a [&hellip;]<\/p>\n","protected":false},"featured_media":0,"comment_status":"open","ping_status":"closed","template":"","meta":[],"product_brand":[],"product_cat":[137],"product_tag":[],"class_list":{"0":"post-19687","1":"product","2":"type-product","3":"status-publish","5":"product_cat-maros-megyei-eletrajzi-lexikon","7":"first","8":"instock","9":"shipping-taxable","10":"product-type-simple"},"_links":{"self":[{"href":"https:\/\/uj.adatbank.ro\/lexikon\/wp-json\/wp\/v2\/product\/19687","targetHints":{"allow":["GET"]}}],"collection":[{"href":"https:\/\/uj.adatbank.ro\/lexikon\/wp-json\/wp\/v2\/product"}],"about":[{"href":"https:\/\/uj.adatbank.ro\/lexikon\/wp-json\/wp\/v2\/types\/product"}],"replies":[{"embeddable":true,"href":"https:\/\/uj.adatbank.ro\/lexikon\/wp-json\/wp\/v2\/comments?post=19687"}],"wp:attachment":[{"href":"https:\/\/uj.adatbank.ro\/lexikon\/wp-json\/wp\/v2\/media?parent=19687"}],"wp:term":[{"taxonomy":"product_brand","embeddable":true,"href":"https:\/\/uj.adatbank.ro\/lexikon\/wp-json\/wp\/v2\/product_brand?post=19687"},{"taxonomy":"product_cat","embeddable":true,"href":"https:\/\/uj.adatbank.ro\/lexikon\/wp-json\/wp\/v2\/product_cat?post=19687"},{"taxonomy":"product_tag","embeddable":true,"href":"https:\/\/uj.adatbank.ro\/lexikon\/wp-json\/wp\/v2\/product_tag?post=19687"}],"curies":[{"name":"wp","href":"https:\/\/api.w.org\/{rel}","templated":true}]}}