{"id":19689,"date":"2025-07-22T18:21:13","date_gmt":"2025-07-22T16:21:13","guid":{"rendered":"https:\/\/uj.adatbank.ro\/lexikon\/termek\/sandor-marton-krizosztom-janos-p\/"},"modified":"2025-07-22T18:21:13","modified_gmt":"2025-07-22T16:21:13","slug":"sandor-marton-krizosztom-janos-p","status":"publish","type":"product","link":"https:\/\/uj.adatbank.ro\/lexikon\/termek\/sandor-marton-krizosztom-janos-p\/","title":{"rendered":"S\u00c1NDOR M\u00e1rton Krizosztom J\u00e1nos, P."},"content":{"rendered":"<p>Zetelaka, 1899. nov. 11., \u2020\u00a0Mv., 1958. jan. 8.: ferences szerzetes. \u2013 Tagja volt a Szent Istv\u00e1nr\u00f3l elnevezett erd\u00e9lyi ferences rendtartom\u00e1nynak (1917. jan. 27.). Els\u0151 fogadalm\u00e1t Mikh\u00e1z\u00e1n tette le (1918. febr. 2.). Teol\u00f3giai tanulm\u00e1nyait Vajdahunyadon v\u00e9gezte (1920\u201325), \u00f6r\u00f6k fogadalmat tett (1921. aug. 7.). Gyulafeh\u00e9rv\u00e1ron szentelt\u00e9k papp\u00e1 (1924. j\u00fal. 6.). R\u00e9szben ismeretlenek m\u0171k\u00f6d\u00e9si helyei, a mv.-i rendh\u00e1z lak\u00f3ja (1943), a kv.-i z\u00e1rd\u00e1ban Boros Fortun\u00e1t helyettese (1947). Pr\u00e9dik\u00e1ci\u00f3i miatt letart\u00f3ztatt\u00e1k k\u00e9t h\u00f3napig (1949), a b\u00e9k\u00e1si v\u00edzier\u0151m\u0171h\u00f6z k\u00e9nyszermunk\u00e1ra hurcolt\u00e1k (1951. aug. \u2013), s\u00falyos l\u00e1bbalesete miatt hazat\u00e9rt (1952\u201353). A k\u00f6r\u00f6sb\u00e1nyai rendh\u00e1zban tart\u00f3zkodott. <br \/><strong>Irod.:<\/strong> Het\u00e9nyi 2000.<\/br><\/p>\n","protected":false},"excerpt":{"rendered":"<p>Zetelaka, 1899. nov. 11., \u2020\u00a0Mv., 1958. jan. 8.: ferences szerzetes. \u2013 Tagja volt a Szent Istv\u00e1nr\u00f3l elnevezett erd\u00e9lyi ferences rendtartom\u00e1nynak (1917. jan. 27.). Els\u0151 fogadalm\u00e1t Mikh\u00e1z\u00e1n tette le (1918. febr. 2.). Teol\u00f3giai tanulm\u00e1nyait Vajdahunyadon v\u00e9gezte (1920\u201325), \u00f6r\u00f6k fogadalmat tett (1921. aug. 7.). Gyulafeh\u00e9rv\u00e1ron szentelt\u00e9k papp\u00e1 (1924. j\u00fal. 6.). R\u00e9szben ismeretlenek m\u0171k\u00f6d\u00e9si helyei, a mv.-i rendh\u00e1z [&hellip;]<\/p>\n","protected":false},"featured_media":0,"comment_status":"open","ping_status":"closed","template":"","meta":[],"product_brand":[],"product_cat":[137],"product_tag":[],"class_list":{"0":"post-19689","1":"product","2":"type-product","3":"status-publish","5":"product_cat-maros-megyei-eletrajzi-lexikon","7":"first","8":"instock","9":"shipping-taxable","10":"product-type-simple"},"_links":{"self":[{"href":"https:\/\/uj.adatbank.ro\/lexikon\/wp-json\/wp\/v2\/product\/19689","targetHints":{"allow":["GET"]}}],"collection":[{"href":"https:\/\/uj.adatbank.ro\/lexikon\/wp-json\/wp\/v2\/product"}],"about":[{"href":"https:\/\/uj.adatbank.ro\/lexikon\/wp-json\/wp\/v2\/types\/product"}],"replies":[{"embeddable":true,"href":"https:\/\/uj.adatbank.ro\/lexikon\/wp-json\/wp\/v2\/comments?post=19689"}],"wp:attachment":[{"href":"https:\/\/uj.adatbank.ro\/lexikon\/wp-json\/wp\/v2\/media?parent=19689"}],"wp:term":[{"taxonomy":"product_brand","embeddable":true,"href":"https:\/\/uj.adatbank.ro\/lexikon\/wp-json\/wp\/v2\/product_brand?post=19689"},{"taxonomy":"product_cat","embeddable":true,"href":"https:\/\/uj.adatbank.ro\/lexikon\/wp-json\/wp\/v2\/product_cat?post=19689"},{"taxonomy":"product_tag","embeddable":true,"href":"https:\/\/uj.adatbank.ro\/lexikon\/wp-json\/wp\/v2\/product_tag?post=19689"}],"curies":[{"name":"wp","href":"https:\/\/api.w.org\/{rel}","templated":true}]}}