{"id":19693,"date":"2025-07-22T18:21:23","date_gmt":"2025-07-22T16:21:23","guid":{"rendered":"https:\/\/uj.adatbank.ro\/lexikon\/termek\/sandor-mor\/"},"modified":"2025-07-22T18:21:23","modified_gmt":"2025-07-22T16:21:23","slug":"sandor-mor","status":"publish","type":"product","link":"https:\/\/uj.adatbank.ro\/lexikon\/termek\/sandor-mor\/","title":{"rendered":"S\u00c1NDOR M\u00f3r"},"content":{"rendered":"<p>1885., \u2020\u00a0Auschwitz, 1944.: nagykeresked\u0151. \u2013 S.M. \u00e9s T\u00e1rsa n\u00e9ven f\u0171szer nagykeresked\u0151 volt Mv.-en. Nemcsak a helyi piacon, hanem f\u0151k\u00e9nt vid\u00e9ken volt nagy vev\u0151k\u00f6re. Megvette a Mv.-en tal\u00e1lhat\u00f3 Kn\u00f6pfler palot\u00e1t (Toldalaghy h\u00e1z) K. Alfr\u00e9d zongoram\u0171v\u00e9szt\u0151l (1931). Mv.-r\u0151l a feles\u00e9g\u00e9vel (1905) egy\u00fctt deport\u00e1lt\u00e1k (1944. m\u00e1j. 29.). <br \/><strong>Irod.:<\/strong> EBKL; Mv. zsid\u00f3s\u00e1ga.<\/br><\/p>\n","protected":false},"excerpt":{"rendered":"<p>1885., \u2020\u00a0Auschwitz, 1944.: nagykeresked\u0151. \u2013 S.M. \u00e9s T\u00e1rsa n\u00e9ven f\u0171szer nagykeresked\u0151 volt Mv.-en. Nemcsak a helyi piacon, hanem f\u0151k\u00e9nt vid\u00e9ken volt nagy vev\u0151k\u00f6re. Megvette a Mv.-en tal\u00e1lhat\u00f3 Kn\u00f6pfler palot\u00e1t (Toldalaghy h\u00e1z) K. Alfr\u00e9d zongoram\u0171v\u00e9szt\u0151l (1931). Mv.-r\u0151l a feles\u00e9g\u00e9vel (1905) egy\u00fctt deport\u00e1lt\u00e1k (1944. m\u00e1j. 29.). Irod.: EBKL; Mv. zsid\u00f3s\u00e1ga.<\/p>\n","protected":false},"featured_media":0,"comment_status":"open","ping_status":"closed","template":"","meta":[],"product_brand":[],"product_cat":[137],"product_tag":[],"class_list":{"0":"post-19693","1":"product","2":"type-product","3":"status-publish","5":"product_cat-maros-megyei-eletrajzi-lexikon","7":"first","8":"instock","9":"shipping-taxable","10":"product-type-simple"},"_links":{"self":[{"href":"https:\/\/uj.adatbank.ro\/lexikon\/wp-json\/wp\/v2\/product\/19693","targetHints":{"allow":["GET"]}}],"collection":[{"href":"https:\/\/uj.adatbank.ro\/lexikon\/wp-json\/wp\/v2\/product"}],"about":[{"href":"https:\/\/uj.adatbank.ro\/lexikon\/wp-json\/wp\/v2\/types\/product"}],"replies":[{"embeddable":true,"href":"https:\/\/uj.adatbank.ro\/lexikon\/wp-json\/wp\/v2\/comments?post=19693"}],"wp:attachment":[{"href":"https:\/\/uj.adatbank.ro\/lexikon\/wp-json\/wp\/v2\/media?parent=19693"}],"wp:term":[{"taxonomy":"product_brand","embeddable":true,"href":"https:\/\/uj.adatbank.ro\/lexikon\/wp-json\/wp\/v2\/product_brand?post=19693"},{"taxonomy":"product_cat","embeddable":true,"href":"https:\/\/uj.adatbank.ro\/lexikon\/wp-json\/wp\/v2\/product_cat?post=19693"},{"taxonomy":"product_tag","embeddable":true,"href":"https:\/\/uj.adatbank.ro\/lexikon\/wp-json\/wp\/v2\/product_tag?post=19693"}],"curies":[{"name":"wp","href":"https:\/\/api.w.org\/{rel}","templated":true}]}}