{"id":19694,"date":"2025-07-22T18:21:25","date_gmt":"2025-07-22T16:21:25","guid":{"rendered":"https:\/\/uj.adatbank.ro\/lexikon\/termek\/sandor-moric\/"},"modified":"2025-07-22T18:21:25","modified_gmt":"2025-07-22T16:21:25","slug":"sandor-moric","status":"publish","type":"product","link":"https:\/\/uj.adatbank.ro\/lexikon\/termek\/sandor-moric\/","title":{"rendered":"S\u00c1NDOR M\u00f3ric"},"content":{"rendered":"<p>? \u2020?: p\u00e9nzt\u00e1ros. \u2013 Az Izraelita Iparosegylet p\u00e9nzt\u00e1rosa. Nagyenyeden is hallgatott egyetemet. Papjel\u00f6ltk\u00e9nt Nagyenyeden oszt\u00e1lytan\u00edt\u00f3. K\u00fclf\u00f6ldi tanulm\u00e1nyai idej\u00e9n beutazta N\u00e9meto.-t, Hollandi\u00e1t, Belgiumot, Angli\u00e1t \u00e9s Franciao.-t Hazat\u00e9rve (1867) seg\u00e9dtan\u00e1r Sepsiszentgy\u00f6rgy\u00f6n, majd Sz\u00e9kelyudvarhelyen, a sz\u00e9kelykereszt\u00fari \u00e1llami tan\u00edt\u00f3k\u00e9pz\u0151 rendes tan\u00e1ra (1870\u2013), a d\u00e9vai \u00e1llami tan\u00edt\u00f3k\u00e9pz\u0151 igazgat\u00f3ja (1876\u201381), k\u00e9s\u0151bb visszat\u00e9rt Sz\u00e9kelykereszt\u00farra rendestan\u00e1rnak. <br \/><strong>Irod.:<\/strong> Szab\u00f3\u2013Simon\u2013Sz\u00f6gi.<\/br><\/p>\n","protected":false},"excerpt":{"rendered":"<p>? \u2020?: p\u00e9nzt\u00e1ros. \u2013 Az Izraelita Iparosegylet p\u00e9nzt\u00e1rosa. Nagyenyeden is hallgatott egyetemet. Papjel\u00f6ltk\u00e9nt Nagyenyeden oszt\u00e1lytan\u00edt\u00f3. K\u00fclf\u00f6ldi tanulm\u00e1nyai idej\u00e9n beutazta N\u00e9meto.-t, Hollandi\u00e1t, Belgiumot, Angli\u00e1t \u00e9s Franciao.-t Hazat\u00e9rve (1867) seg\u00e9dtan\u00e1r Sepsiszentgy\u00f6rgy\u00f6n, majd Sz\u00e9kelyudvarhelyen, a sz\u00e9kelykereszt\u00fari \u00e1llami tan\u00edt\u00f3k\u00e9pz\u0151 rendes tan\u00e1ra (1870\u2013), a d\u00e9vai \u00e1llami tan\u00edt\u00f3k\u00e9pz\u0151 igazgat\u00f3ja (1876\u201381), k\u00e9s\u0151bb visszat\u00e9rt Sz\u00e9kelykereszt\u00farra rendestan\u00e1rnak. Irod.: Szab\u00f3\u2013Simon\u2013Sz\u00f6gi.<\/p>\n","protected":false},"featured_media":0,"comment_status":"open","ping_status":"closed","template":"","meta":[],"product_brand":[],"product_cat":[137],"product_tag":[],"class_list":{"0":"post-19694","1":"product","2":"type-product","3":"status-publish","5":"product_cat-maros-megyei-eletrajzi-lexikon","7":"first","8":"instock","9":"shipping-taxable","10":"product-type-simple"},"_links":{"self":[{"href":"https:\/\/uj.adatbank.ro\/lexikon\/wp-json\/wp\/v2\/product\/19694","targetHints":{"allow":["GET"]}}],"collection":[{"href":"https:\/\/uj.adatbank.ro\/lexikon\/wp-json\/wp\/v2\/product"}],"about":[{"href":"https:\/\/uj.adatbank.ro\/lexikon\/wp-json\/wp\/v2\/types\/product"}],"replies":[{"embeddable":true,"href":"https:\/\/uj.adatbank.ro\/lexikon\/wp-json\/wp\/v2\/comments?post=19694"}],"wp:attachment":[{"href":"https:\/\/uj.adatbank.ro\/lexikon\/wp-json\/wp\/v2\/media?parent=19694"}],"wp:term":[{"taxonomy":"product_brand","embeddable":true,"href":"https:\/\/uj.adatbank.ro\/lexikon\/wp-json\/wp\/v2\/product_brand?post=19694"},{"taxonomy":"product_cat","embeddable":true,"href":"https:\/\/uj.adatbank.ro\/lexikon\/wp-json\/wp\/v2\/product_cat?post=19694"},{"taxonomy":"product_tag","embeddable":true,"href":"https:\/\/uj.adatbank.ro\/lexikon\/wp-json\/wp\/v2\/product_tag?post=19694"}],"curies":[{"name":"wp","href":"https:\/\/api.w.org\/{rel}","templated":true}]}}