{"id":19696,"date":"2025-07-22T18:21:29","date_gmt":"2025-07-22T16:21:29","guid":{"rendered":"https:\/\/uj.adatbank.ro\/lexikon\/termek\/sandor-pal-csikszentmihalyi\/"},"modified":"2025-07-22T18:21:29","modified_gmt":"2025-07-22T16:21:29","slug":"sandor-pal-csikszentmihalyi","status":"publish","type":"product","link":"https:\/\/uj.adatbank.ro\/lexikon\/termek\/sandor-pal-csikszentmihalyi\/","title":{"rendered":"S\u00c1NDOR P\u00e1l, cs\u00edkszentmih\u00e1lyi"},"content":{"rendered":"<p>? \u2020 1803: alkir\u00e1lyb\u00edr\u00f3, S\u00e1ndor P\u00e9ter \u00e9s Sz\u00e9kely Juli\u00e1nna fia. Feles\u00e9ge: szenth\u00e1roms\u00e1gi Szeredai \u00c1gnes. Gyermekeik: P\u00e1l, Mih\u00e1ly, Anna Tib\u00e1ld Ferencn\u00e9. \u2013 Marossz\u00e9k alkir\u00e1lyb\u00edr\u00f3ja (1762), majd a kir. t\u00e1blai aktualis assessor (1772), aki az apja \u00e1ltal beind\u00edtott birtokpert folytatta \u00e9s feles\u00e9g\u00e9nek szenth\u00e1roms\u00e1gi Szeredai \u00c1gnesnek jobb\u00e1gyfalvi \u00e9s mez\u0151kapusi birtok\u00e1t \u00e1tvette (1778). Hal\u00e1la ut\u00e1n gyermekei k\u00f6z\u00fcl P\u00e1l \u00e9s Mih\u00e1ly a mez\u0151kapusi birtokot, m\u00edg Anna (Tib\u00e1ld Ferencn\u00e9) a jobb\u00e1gyfalvi birtokot \u00f6r\u00f6k\u00f6lte. <br \/><strong>Irod.:<\/strong> Keresztes Gyula: \u00d6r\u00f6ks\u00e9g\u00fcnk 59.: A Mez\u0151s\u00e9g udvarh\u00e1zai (N\u00fa., 1994. j\u00fal. 15.); Kr\u00f3n. F\u00fcz. (1939, 4\/9).<\/br><\/p>\n","protected":false},"excerpt":{"rendered":"<p>? \u2020 1803: alkir\u00e1lyb\u00edr\u00f3, S\u00e1ndor P\u00e9ter \u00e9s Sz\u00e9kely Juli\u00e1nna fia. Feles\u00e9ge: szenth\u00e1roms\u00e1gi Szeredai \u00c1gnes. Gyermekeik: P\u00e1l, Mih\u00e1ly, Anna Tib\u00e1ld Ferencn\u00e9. \u2013 Marossz\u00e9k alkir\u00e1lyb\u00edr\u00f3ja (1762), majd a kir. t\u00e1blai aktualis assessor (1772), aki az apja \u00e1ltal beind\u00edtott birtokpert folytatta \u00e9s feles\u00e9g\u00e9nek szenth\u00e1roms\u00e1gi Szeredai \u00c1gnesnek jobb\u00e1gyfalvi \u00e9s mez\u0151kapusi birtok\u00e1t \u00e1tvette (1778). Hal\u00e1la ut\u00e1n gyermekei k\u00f6z\u00fcl P\u00e1l \u00e9s [&hellip;]<\/p>\n","protected":false},"featured_media":0,"comment_status":"open","ping_status":"closed","template":"","meta":[],"product_brand":[],"product_cat":[137],"product_tag":[],"class_list":{"0":"post-19696","1":"product","2":"type-product","3":"status-publish","5":"product_cat-maros-megyei-eletrajzi-lexikon","7":"first","8":"instock","9":"shipping-taxable","10":"product-type-simple"},"_links":{"self":[{"href":"https:\/\/uj.adatbank.ro\/lexikon\/wp-json\/wp\/v2\/product\/19696","targetHints":{"allow":["GET"]}}],"collection":[{"href":"https:\/\/uj.adatbank.ro\/lexikon\/wp-json\/wp\/v2\/product"}],"about":[{"href":"https:\/\/uj.adatbank.ro\/lexikon\/wp-json\/wp\/v2\/types\/product"}],"replies":[{"embeddable":true,"href":"https:\/\/uj.adatbank.ro\/lexikon\/wp-json\/wp\/v2\/comments?post=19696"}],"wp:attachment":[{"href":"https:\/\/uj.adatbank.ro\/lexikon\/wp-json\/wp\/v2\/media?parent=19696"}],"wp:term":[{"taxonomy":"product_brand","embeddable":true,"href":"https:\/\/uj.adatbank.ro\/lexikon\/wp-json\/wp\/v2\/product_brand?post=19696"},{"taxonomy":"product_cat","embeddable":true,"href":"https:\/\/uj.adatbank.ro\/lexikon\/wp-json\/wp\/v2\/product_cat?post=19696"},{"taxonomy":"product_tag","embeddable":true,"href":"https:\/\/uj.adatbank.ro\/lexikon\/wp-json\/wp\/v2\/product_tag?post=19696"}],"curies":[{"name":"wp","href":"https:\/\/api.w.org\/{rel}","templated":true}]}}