{"id":19697,"date":"2025-07-22T18:21:31","date_gmt":"2025-07-22T16:21:31","guid":{"rendered":"https:\/\/uj.adatbank.ro\/lexikon\/termek\/sandor-pal-csikszentmihalyi-2\/"},"modified":"2025-07-22T18:21:31","modified_gmt":"2025-07-22T16:21:31","slug":"sandor-pal-csikszentmihalyi-2","status":"publish","type":"product","link":"https:\/\/uj.adatbank.ro\/lexikon\/termek\/sandor-pal-csikszentmihalyi-2\/","title":{"rendered":"S\u00c1NDOR P\u00e1l, cs\u00edkszentmih\u00e1lyi"},"content":{"rendered":"<p>1869? \u2020\u00a0Mez\u0151b\u00e1nd, 1914. nov. 2.: birtokos. \u2013 Testv\u00e9rei: S. R\u00f3za S\u00e1ndorn\u00e9 G\u00e9z\u00e1n\u00e9; S. Pet\u0151; S. Mih\u00e1ly; S. Josefa Veszpr\u00e9my Antaln\u00e9; Feles\u00e9ge: n\u00e1dudvari B\u00f3nis Erzs\u00e9bet. Gyermekeik: Palk\u00f3 \u00e9s M\u00e1rta. Mez\u0151b\u00e1ndi nagybirtokos, Maros-Torda v\u00e1rmegye t\u00f6rv\u00e9nyhat\u00f3s\u00e1gi bizotts\u00e1gi tagja. A Mez\u0151b\u00e1nd \u00e9s Vid\u00e9ke Takar\u00e9kp\u00e9nzt\u00e1r vez\u00e9rigazgat\u00f3ja, a mez\u0151b\u00e1ndi \u00e1llami n\u00e9piskola gondnoks\u00e1gi eln\u00f6ke. Az \u00f6zv. feles\u00e9ge malomtulajdonos Mez\u0151b\u00e1ndon (1926). <br \/><strong>Irod.:<\/strong> Gy\u00e1szjelent\u0151; Id\u0151t\u00e1r 5\/3; Mez\u0151b\u00e1nd; Pan\u0103.<\/br><\/p>\n","protected":false},"excerpt":{"rendered":"<p>1869? \u2020\u00a0Mez\u0151b\u00e1nd, 1914. nov. 2.: birtokos. \u2013 Testv\u00e9rei: S. R\u00f3za S\u00e1ndorn\u00e9 G\u00e9z\u00e1n\u00e9; S. Pet\u0151; S. Mih\u00e1ly; S. Josefa Veszpr\u00e9my Antaln\u00e9; Feles\u00e9ge: n\u00e1dudvari B\u00f3nis Erzs\u00e9bet. Gyermekeik: Palk\u00f3 \u00e9s M\u00e1rta. Mez\u0151b\u00e1ndi nagybirtokos, Maros-Torda v\u00e1rmegye t\u00f6rv\u00e9nyhat\u00f3s\u00e1gi bizotts\u00e1gi tagja. A Mez\u0151b\u00e1nd \u00e9s Vid\u00e9ke Takar\u00e9kp\u00e9nzt\u00e1r vez\u00e9rigazgat\u00f3ja, a mez\u0151b\u00e1ndi \u00e1llami n\u00e9piskola gondnoks\u00e1gi eln\u00f6ke. Az \u00f6zv. feles\u00e9ge malomtulajdonos Mez\u0151b\u00e1ndon (1926). Irod.: Gy\u00e1szjelent\u0151; [&hellip;]<\/p>\n","protected":false},"featured_media":0,"comment_status":"open","ping_status":"closed","template":"","meta":[],"product_brand":[],"product_cat":[137],"product_tag":[],"class_list":{"0":"post-19697","1":"product","2":"type-product","3":"status-publish","5":"product_cat-maros-megyei-eletrajzi-lexikon","7":"first","8":"instock","9":"shipping-taxable","10":"product-type-simple"},"_links":{"self":[{"href":"https:\/\/uj.adatbank.ro\/lexikon\/wp-json\/wp\/v2\/product\/19697","targetHints":{"allow":["GET"]}}],"collection":[{"href":"https:\/\/uj.adatbank.ro\/lexikon\/wp-json\/wp\/v2\/product"}],"about":[{"href":"https:\/\/uj.adatbank.ro\/lexikon\/wp-json\/wp\/v2\/types\/product"}],"replies":[{"embeddable":true,"href":"https:\/\/uj.adatbank.ro\/lexikon\/wp-json\/wp\/v2\/comments?post=19697"}],"wp:attachment":[{"href":"https:\/\/uj.adatbank.ro\/lexikon\/wp-json\/wp\/v2\/media?parent=19697"}],"wp:term":[{"taxonomy":"product_brand","embeddable":true,"href":"https:\/\/uj.adatbank.ro\/lexikon\/wp-json\/wp\/v2\/product_brand?post=19697"},{"taxonomy":"product_cat","embeddable":true,"href":"https:\/\/uj.adatbank.ro\/lexikon\/wp-json\/wp\/v2\/product_cat?post=19697"},{"taxonomy":"product_tag","embeddable":true,"href":"https:\/\/uj.adatbank.ro\/lexikon\/wp-json\/wp\/v2\/product_tag?post=19697"}],"curies":[{"name":"wp","href":"https:\/\/api.w.org\/{rel}","templated":true}]}}