{"id":19699,"date":"2025-07-22T18:21:35","date_gmt":"2025-07-22T16:21:35","guid":{"rendered":"https:\/\/uj.adatbank.ro\/lexikon\/termek\/sandor-peter-csikszentmihalyi\/"},"modified":"2025-07-22T18:21:35","modified_gmt":"2025-07-22T16:21:35","slug":"sandor-peter-csikszentmihalyi","status":"publish","type":"product","link":"https:\/\/uj.adatbank.ro\/lexikon\/termek\/sandor-peter-csikszentmihalyi\/","title":{"rendered":"S\u00c1NDOR P\u00e9ter, cs\u00edkszentmih\u00e1lyi"},"content":{"rendered":"<p>? \u2020 Mv., 1860. szept. 10.: irodatiszt. \u2013 Feles\u00e9ge: Erd\u0151 Juli\u00e1nna. Gyermekeik: S. K\u00e1roly, Gyula, Johanna. \u2013 Cs. kir. Maros megyei t\u00f6rv\u00e9nysz\u00e9ki irodatiszt. <br \/><strong>Irod.:<\/strong> Gy\u00e1szjelent\u0151.<\/br><\/p>\n","protected":false},"excerpt":{"rendered":"<p>? \u2020 Mv., 1860. szept. 10.: irodatiszt. \u2013 Feles\u00e9ge: Erd\u0151 Juli\u00e1nna. Gyermekeik: S. K\u00e1roly, Gyula, Johanna. \u2013 Cs. kir. Maros megyei t\u00f6rv\u00e9nysz\u00e9ki irodatiszt. Irod.: Gy\u00e1szjelent\u0151.<\/p>\n","protected":false},"featured_media":0,"comment_status":"open","ping_status":"closed","template":"","meta":[],"product_brand":[],"product_cat":[137],"product_tag":[],"class_list":{"0":"post-19699","1":"product","2":"type-product","3":"status-publish","5":"product_cat-maros-megyei-eletrajzi-lexikon","7":"first","8":"instock","9":"shipping-taxable","10":"product-type-simple"},"_links":{"self":[{"href":"https:\/\/uj.adatbank.ro\/lexikon\/wp-json\/wp\/v2\/product\/19699","targetHints":{"allow":["GET"]}}],"collection":[{"href":"https:\/\/uj.adatbank.ro\/lexikon\/wp-json\/wp\/v2\/product"}],"about":[{"href":"https:\/\/uj.adatbank.ro\/lexikon\/wp-json\/wp\/v2\/types\/product"}],"replies":[{"embeddable":true,"href":"https:\/\/uj.adatbank.ro\/lexikon\/wp-json\/wp\/v2\/comments?post=19699"}],"wp:attachment":[{"href":"https:\/\/uj.adatbank.ro\/lexikon\/wp-json\/wp\/v2\/media?parent=19699"}],"wp:term":[{"taxonomy":"product_brand","embeddable":true,"href":"https:\/\/uj.adatbank.ro\/lexikon\/wp-json\/wp\/v2\/product_brand?post=19699"},{"taxonomy":"product_cat","embeddable":true,"href":"https:\/\/uj.adatbank.ro\/lexikon\/wp-json\/wp\/v2\/product_cat?post=19699"},{"taxonomy":"product_tag","embeddable":true,"href":"https:\/\/uj.adatbank.ro\/lexikon\/wp-json\/wp\/v2\/product_tag?post=19699"}],"curies":[{"name":"wp","href":"https:\/\/api.w.org\/{rel}","templated":true}]}}