{"id":19704,"date":"2025-07-22T18:21:46","date_gmt":"2025-07-22T16:21:46","guid":{"rendered":"https:\/\/uj.adatbank.ro\/lexikon\/termek\/sandor-vitalis-p-%c2%a7\/"},"modified":"2025-07-22T18:21:46","modified_gmt":"2025-07-22T16:21:46","slug":"sandor-vitalis-p-%c2%a7","status":"publish","type":"product","link":"https:\/\/uj.adatbank.ro\/lexikon\/termek\/sandor-vitalis-p-%c2%a7\/","title":{"rendered":"S\u00c1NDOR Vit\u00e1lis, P. \u00a7"},"content":{"rendered":"<p>Zetelaka, 1884. m\u00e1rc. 25 \u2020\u00a0D\u00e9s, 1954., jan, 14. \u2020?: r. k. pap, ferences szerzetes, tartom\u00e1nyf\u0151n\u00f6k. \u2013 A gimn.- ot Sz\u00e9kelyudvarhelyen, a teol\u00f3gi\u00e1t Vajdahunyadon v\u00e9gezte.\u00a0Bel\u00e9pett a ferences rendbe (1898. aug. 28.), \u00fcnnep\u00e9lyes fogadalmat tett (1903. m\u00e1rc. 25.), papp\u00e1 szentelt\u00e9k (1906. okt. 19). 1910\u201314 k\u00f6z\u00f6tt medgyesi, 1914\u201317 k\u00f6z\u00f6tt cs\u00edksomly\u00f3i, 1920\u201324 k\u00f6z\u00f6tt sz\u00e9kelyudvarhelyi h\u00e1zf\u0151n\u00f6k, az erd\u00e9lyi Szt. Istv\u00e1n rendtartom\u00e1ny f\u0151n\u00f6ke (1924. j\u00fal.14. \u2013 1930. j\u00fal. 3.). Az \u0151 idej\u00e9ben \u00e9p\u00edtett\u00e9k a sz\u00e9kelyudvarhelyi Collegium Seraphicumot. Sz\u00e1szv\u00e1rosi h\u00e1zf\u0151n\u00f6k (1930\u2013), majd ism\u00e9t erd\u00e9lyi tartom\u00e1nyf\u0151n\u00f6k (1936. j\u00fal.-t\u00f3l). A mv.-i rendh\u00e1zban \u00e9lt, a bar\u00e1tok templom\u00e1ban m\u0171k\u00f6d\u00f6tt (1943.), h\u00e1zf\u0151n\u00f6k (1944\u20131947.) A rend feloszt\u00e1sa ut\u00e1n m\u00e9g megt\u0171rt\u00e9k \u0151ket (1950. aug. 20.-ig), majd elsz\u00e1ll\u00edtott\u00e1k t\u00e9ved\u00e9sb\u0151l Esztelnekre, onnan M\u00e1riaradn\u00e1ra. <br \/><strong>Irod.:<\/strong> L\u00e9sty\u00e1n Ferenc: Mv. katolikus egyh\u00e1za a kommunista elnyom\u00e1s idej\u00e9n (Kv., 2007); Maros megyei t\u00f6rt.; Maros-k\u00fck\u00fcll\u0151i f\u0151esp.<\/br><\/p>\n","protected":false},"excerpt":{"rendered":"<p>Zetelaka, 1884. m\u00e1rc. 25 \u2020\u00a0D\u00e9s, 1954., jan, 14. \u2020?: r. k. pap, ferences szerzetes, tartom\u00e1nyf\u0151n\u00f6k. \u2013 A gimn.- ot Sz\u00e9kelyudvarhelyen, a teol\u00f3gi\u00e1t Vajdahunyadon v\u00e9gezte.\u00a0Bel\u00e9pett a ferences rendbe (1898. aug. 28.), \u00fcnnep\u00e9lyes fogadalmat tett (1903. m\u00e1rc. 25.), papp\u00e1 szentelt\u00e9k (1906. okt. 19). 1910\u201314 k\u00f6z\u00f6tt medgyesi, 1914\u201317 k\u00f6z\u00f6tt cs\u00edksomly\u00f3i, 1920\u201324 k\u00f6z\u00f6tt sz\u00e9kelyudvarhelyi h\u00e1zf\u0151n\u00f6k, az erd\u00e9lyi Szt. Istv\u00e1n [&hellip;]<\/p>\n","protected":false},"featured_media":0,"comment_status":"open","ping_status":"closed","template":"","meta":[],"product_brand":[],"product_cat":[137],"product_tag":[],"class_list":{"0":"post-19704","1":"product","2":"type-product","3":"status-publish","5":"product_cat-maros-megyei-eletrajzi-lexikon","7":"first","8":"instock","9":"shipping-taxable","10":"product-type-simple"},"_links":{"self":[{"href":"https:\/\/uj.adatbank.ro\/lexikon\/wp-json\/wp\/v2\/product\/19704","targetHints":{"allow":["GET"]}}],"collection":[{"href":"https:\/\/uj.adatbank.ro\/lexikon\/wp-json\/wp\/v2\/product"}],"about":[{"href":"https:\/\/uj.adatbank.ro\/lexikon\/wp-json\/wp\/v2\/types\/product"}],"replies":[{"embeddable":true,"href":"https:\/\/uj.adatbank.ro\/lexikon\/wp-json\/wp\/v2\/comments?post=19704"}],"wp:attachment":[{"href":"https:\/\/uj.adatbank.ro\/lexikon\/wp-json\/wp\/v2\/media?parent=19704"}],"wp:term":[{"taxonomy":"product_brand","embeddable":true,"href":"https:\/\/uj.adatbank.ro\/lexikon\/wp-json\/wp\/v2\/product_brand?post=19704"},{"taxonomy":"product_cat","embeddable":true,"href":"https:\/\/uj.adatbank.ro\/lexikon\/wp-json\/wp\/v2\/product_cat?post=19704"},{"taxonomy":"product_tag","embeddable":true,"href":"https:\/\/uj.adatbank.ro\/lexikon\/wp-json\/wp\/v2\/product_tag?post=19704"}],"curies":[{"name":"wp","href":"https:\/\/api.w.org\/{rel}","templated":true}]}}